{"id":15686,"date":"2024-10-04T11:58:40","date_gmt":"2024-10-04T11:58:40","guid":{"rendered":"https:\/\/compassionate-engelbart.185-243-11-33.plesk.page\/gestalten\/"},"modified":"2025-04-15T11:27:36","modified_gmt":"2025-04-15T11:27:36","slug":"concevoir","status":"publish","type":"page","link":"https:\/\/dev.aliseo.de\/fr\/concevoir\/","title":{"rendered":"sur mesure"},"content":{"rendered":"\t\t<div data-elementor-type=\"wp-page\" data-elementor-id=\"15686\" class=\"elementor elementor-15686 elementor-27\" data-elementor-post-type=\"page\">\n\t\t\t\t<div data-section-luminosity=\"light\" class=\"elementor-element elementor-element-d4e0b5a e-flex e-con-boxed e-con e-parent\" data-id=\"d4e0b5a\" data-element_type=\"container\" data-e-type=\"container\" data-settings=\"{&quot;background_background&quot;:&quot;classic&quot;}\">\n\t\t\t\t\t<div class=\"e-con-inner\">\n\t\t<div class=\"elementor-element elementor-element-a37b6d1 e-con-full e-flex e-con e-child\" data-id=\"a37b6d1\" data-element_type=\"container\" data-e-type=\"container\">\n\t\t\t\t<div class=\"elementor-element elementor-element-4857087 elementor-widget elementor-widget-ld_breadcrumb\" data-id=\"4857087\" data-element_type=\"widget\" data-e-type=\"widget\" data-widget_type=\"ld_breadcrumb.default\">\n\t\t\t\t<div class=\"elementor-widget-container\">\n\t\t\t\t\t<div class=\"lqd-breadcrumb-wrapper\"><div class=\"lqd-shop-topbar-breadcrumb\"><nav class=\"woocommerce-breadcrumb mb-4 mb-md-0\"><ul class=\"breadcrumb reset-ul inline-nav comma-sep-li\"><li>Home<\/li><\/ul><\/nav><\/div><\/div>\t\t\t\t<\/div>\n\t\t\t\t<\/div>\n\t\t\t\t<div class=\"elementor-element elementor-element-39febbd elementor-widget__width-initial elementor-widget-mobile__width-inherit elementor-widget elementor-widget-hub_fancy_heading lqd-el-has-inner-anim\" data-id=\"39febbd\" data-element_type=\"widget\" data-e-type=\"widget\" data-settings=\"{&quot;enable_split&quot;:&quot;true&quot;,&quot;split_type&quot;:&quot;chars, words&quot;}\" data-widget_type=\"hub_fancy_heading.default\">\n\t\t\t\t<div class=\"elementor-widget-container\">\n\t\t\t\t\t\n\t\t<div id=\"ld-fancy-heading-69e517a6657be\" class=\"ld-fancy-heading pos-rel\">\n\t\t\t<h1 class=\"ld-fh-element d-inline-block pos-rel  elementor-heading-title lqd-highlight-classic lqd-highlight-grow-left lqd-split-chars h1\"  data-split-text=\"true\" data-split-options='{\"type\":\"chars, words\"}'> CONCEPTION<\/h1>\t\t<\/div>\n\n\t\t\t\t\t\t<\/div>\n\t\t\t\t<\/div>\n\t\t\t\t<\/div>\n\t\t<div class=\"elementor-element elementor-element-48e33db e-con-full e-flex e-con e-child\" data-id=\"48e33db\" data-element_type=\"container\" data-e-type=\"container\">\n\t\t\t\t<\/div>\n\t\t\t\t\t<\/div>\n\t\t\t\t<\/div>\n\t\t<div data-section-luminosity=\"light\" class=\"elementor-element elementor-element-0a7287a e-flex e-con-boxed e-con e-parent\" data-id=\"0a7287a\" data-element_type=\"container\" data-e-type=\"container\" data-settings=\"{&quot;background_background&quot;:&quot;classic&quot;}\">\n\t\t\t\t\t<div class=\"e-con-inner\">\n\t\t<div class=\"elementor-element elementor-element-0e29f6f elementor-hidden-tablet e-flex e-con-boxed e-con e-child\" data-id=\"0e29f6f\" data-element_type=\"container\" data-e-type=\"container\">\n\t\t\t\t\t<div class=\"e-con-inner\">\n\t\t\t\t<div class=\"elementor-element elementor-element-c64a9f8 elementor-widget elementor-widget-ld_fancy_image\" data-id=\"c64a9f8\" data-element_type=\"widget\" data-e-type=\"widget\" data-widget_type=\"ld_fancy_image.default\">\n\t\t\t\t<div class=\"elementor-widget-container\">\n\t\t\t\t\t\n\t\t<div class=\"lqd-imggrp-single d-block pos-rel \">\n\t\t\t<div class=\"lqd-imggrp-img-container d-inline-flex pos-rel align-items-center justify-content-center \">\n\t\t\t\t\t\t\t\t<figure class=\"w-100 pos-rel\">\n\t\t\t\t\t<img decoding=\"async\" width=\"1541\" height=\"1540\" src=\"https:\/\/dev.aliseo.de\/wp-content\/uploads\/2025\/01\/2020_Aliseo_NU-finishes_3_mood-min-e1738665011421.jpg\" class=\"attachment-full size-full wp-image-21996\" alt=\"\" srcset=\"https:\/\/dev.aliseo.de\/wp-content\/uploads\/2025\/01\/2020_Aliseo_NU-finishes_3_mood-min-e1738665011421.jpg 1541w, https:\/\/dev.aliseo.de\/wp-content\/uploads\/2025\/01\/2020_Aliseo_NU-finishes_3_mood-min-e1738665011421-300x300.jpg 300w, https:\/\/dev.aliseo.de\/wp-content\/uploads\/2025\/01\/2020_Aliseo_NU-finishes_3_mood-min-e1738665011421-1024x1024.jpg 1024w, https:\/\/dev.aliseo.de\/wp-content\/uploads\/2025\/01\/2020_Aliseo_NU-finishes_3_mood-min-e1738665011421-150x150.jpg 150w, https:\/\/dev.aliseo.de\/wp-content\/uploads\/2025\/01\/2020_Aliseo_NU-finishes_3_mood-min-e1738665011421-768x768.jpg 768w, https:\/\/dev.aliseo.de\/wp-content\/uploads\/2025\/01\/2020_Aliseo_NU-finishes_3_mood-min-e1738665011421-1536x1536.jpg 1536w, https:\/\/dev.aliseo.de\/wp-content\/uploads\/2025\/01\/2020_Aliseo_NU-finishes_3_mood-min-e1738665011421-320x320.jpg 320w, https:\/\/dev.aliseo.de\/wp-content\/uploads\/2025\/01\/2020_Aliseo_NU-finishes_3_mood-min-e1738665011421-760x760.jpg 760w, https:\/\/dev.aliseo.de\/wp-content\/uploads\/2025\/01\/2020_Aliseo_NU-finishes_3_mood-min-e1738665011421-550x550.jpg 550w, https:\/\/dev.aliseo.de\/wp-content\/uploads\/2025\/01\/2020_Aliseo_NU-finishes_3_mood-min-e1738665011421-100x100.jpg 100w\" sizes=\"(max-width: 1541px) 100vw, 1541px\" \/>\t\t\t\t\t\t\t\t\t\t\t\t\t\t\t\t\t\t\t\t\t\t\t\t<a href=\"https:\/\/dev.aliseo.de\/gestalten\/nu-finishes\/\" class=\"lqd-overlay lqd-fi-overlay-link lqd-cc-label-trigger\"><\/a>\n\t\t\t\t\t\t\t\t\t\t\t\t<\/figure>\n\t\t\t<\/div>\n\t\t<\/div>\n\n\t\t\t\t\t<\/div>\n\t\t\t\t<\/div>\n\t\t\t\t\t<\/div>\n\t\t\t\t<\/div>\n\t\t<div class=\"elementor-element elementor-element-8fbb748 e-con-full e-flex e-con e-child\" data-id=\"8fbb748\" data-element_type=\"container\" data-e-type=\"container\">\n\t\t<div class=\"elementor-element elementor-element-d19798e e-con-full e-flex e-con e-child\" data-id=\"d19798e\" data-element_type=\"container\" data-e-type=\"container\" data-settings=\"{&quot;background_background&quot;:&quot;classic&quot;}\">\n\t\t\t\t<div class=\"elementor-element elementor-element-e4431dd elementor-widget elementor-widget-hub_fancy_heading\" data-id=\"e4431dd\" data-element_type=\"widget\" data-e-type=\"widget\" data-widget_type=\"hub_fancy_heading.default\">\n\t\t\t\t<div class=\"elementor-widget-container\">\n\t\t\t\t\t\n\t\t<div id=\"ld-fancy-heading-69e517a66b321\" class=\"ld-fancy-heading pos-rel\">\n\t\t\t<h3 class=\"ld-fh-element d-inline-block pos-rel  elementor-heading-title lqd-highlight-classic lqd-highlight-grow-left h3\"  > NU finishes<\/h3>\t\t<\/div>\n\n\t\t\t\t\t\t<\/div>\n\t\t\t\t<\/div>\n\t\t\t\t<div class=\"elementor-element elementor-element-0a622cf elementor-widget elementor-widget-hub_fancy_heading\" data-id=\"0a622cf\" data-element_type=\"widget\" data-e-type=\"widget\" data-widget_type=\"hub_fancy_heading.default\">\n\t\t\t\t<div class=\"elementor-widget-container\">\n\t\t\t\t\t\n\t\t<div id=\"ld-fancy-heading-69e517a66bc59\" class=\"ld-fancy-heading pos-rel\">\n\t\t\t<h4 class=\"ld-fh-element d-inline-block pos-rel  elementor-heading-title lqd-highlight-classic lqd-highlight-grow-left h5\"  > Plus que la couleur et la surface<\/h4>\t\t<\/div>\n\n\t\t\t\t\t\t<\/div>\n\t\t\t\t<\/div>\n\t\t\t\t<div class=\"elementor-element elementor-element-53866fe elementor-widget elementor-widget-hub_fancy_heading\" data-id=\"53866fe\" data-element_type=\"widget\" data-e-type=\"widget\" data-widget_type=\"hub_fancy_heading.default\">\n\t\t\t\t<div class=\"elementor-widget-container\">\n\t\t\t\t\t\n\t\t<div id=\"ld-fancy-heading-69e517a66c577\" class=\"ld-fancy-heading pos-rel\">\n\t\t\t<p class=\"ld-fh-element d-inline-block pos-rel  lqd-highlight-classic lqd-highlight-grow-left p\"  > Avec NU finishes, ALISEO offre une nouvelle dimension de personnalisation. Gr\u00e2ce \u00e0 ce service exclusif, tous les produits avec des surfaces chrom\u00e9es - des miroirs cosm\u00e9tiques aux accessoires de salle de bains - peuvent \u00eatre fabriqu\u00e9s dans n'importe quelle couleur et avec diff\u00e9rentes finitions. Et ce, sans quantit\u00e9 minimale. Qu'il s'agisse de s'adapter \u00e0 la robinetterie, \u00e0 la d\u00e9coration int\u00e9rieure ou \u00e0 l'identit\u00e9 de marque d'un h\u00f4tel, NU finishes permet de perfectionner les concepts de design jusque dans les moindres d\u00e9tails. Une solution sur mesure pour les h\u00f4teliers qui attachent la plus grande importance au style, \u00e0 la qualit\u00e9 et \u00e0 l'individualit\u00e9.    <\/p>\t\t<\/div>\n\n\t\t\t\t\t\t<\/div>\n\t\t\t\t<\/div>\n\t\t\t\t<div class=\"elementor-element elementor-element-66e276e elementor-align-center elementor-widget elementor-widget-ld_button\" data-id=\"66e276e\" data-element_type=\"widget\" data-e-type=\"widget\" data-widget_type=\"ld_button.default\">\n\t\t\t\t<div class=\"elementor-widget-container\">\n\t\t\t\t\t\n\t\t\t<a\n\t\t\t\thref=\"https:\/\/dev.aliseo.de\/gestalten\/nu-finishes\/\"class=\"elementor-button btn btn-solid btn-icon-shaped btn-has-label\"\t\t\t>\n\t\t\t\t\t\t\t\t\t<span data-text=\"En savoir plus\" class=\"btn-txt\">\n\t\t\t\t\t\tEn savoir plus\t\t\t\t\t<\/span>\n\t\t\t\t\t\t\t\t\t\t\t<\/a>\n\t\t\t\t\t\t\t<\/div>\n\t\t\t\t<\/div>\n\t\t\t\t<\/div>\n\t\t\t\t<\/div>\n\t\t\t\t\t<\/div>\n\t\t\t\t<\/div>\n\t\t<div data-section-luminosity=\"light\" class=\"elementor-element elementor-element-12c9869 e-flex e-con-boxed e-con e-parent\" data-id=\"12c9869\" data-element_type=\"container\" data-e-type=\"container\" data-settings=\"{&quot;background_background&quot;:&quot;classic&quot;}\">\n\t\t\t\t\t<div class=\"e-con-inner\">\n\t\t<div class=\"elementor-element elementor-element-71f9c7d e-con-full e-flex e-con e-child\" data-id=\"71f9c7d\" data-element_type=\"container\" data-e-type=\"container\">\n\t\t<div class=\"elementor-element elementor-element-aec5c65 e-con-full e-flex e-con e-child\" data-id=\"aec5c65\" data-element_type=\"container\" data-e-type=\"container\" data-settings=\"{&quot;background_background&quot;:&quot;classic&quot;}\">\n\t\t\t\t<div class=\"elementor-element elementor-element-149b70e elementor-widget elementor-widget-hub_fancy_heading\" data-id=\"149b70e\" data-element_type=\"widget\" data-e-type=\"widget\" data-widget_type=\"hub_fancy_heading.default\">\n\t\t\t\t<div class=\"elementor-widget-container\">\n\t\t\t\t\t\n\t\t<div id=\"ld-fancy-heading-69e517a6752e1\" class=\"ld-fancy-heading pos-rel\">\n\t\t\t<h3 class=\"ld-fh-element d-inline-block pos-rel  elementor-heading-title lqd-highlight-classic lqd-highlight-grow-left h3\"  > LONDONER COLORLINE<\/h3>\t\t<\/div>\n\n\t\t\t\t\t\t<\/div>\n\t\t\t\t<\/div>\n\t\t\t\t<div class=\"elementor-element elementor-element-a774ff3 elementor-widget elementor-widget-hub_fancy_heading\" data-id=\"a774ff3\" data-element_type=\"widget\" data-e-type=\"widget\" data-widget_type=\"hub_fancy_heading.default\">\n\t\t\t\t<div class=\"elementor-widget-container\">\n\t\t\t\t\t\n\t\t<div id=\"ld-fancy-heading-69e517a675bf8\" class=\"ld-fancy-heading pos-rel\">\n\t\t\t<h4 class=\"ld-fh-element d-inline-block pos-rel  elementor-heading-title lqd-highlight-classic lqd-highlight-grow-left h5\"  > Une harmonie parfaite dans le chambre d'h\u00f4tes<\/h4>\t\t<\/div>\n\n\t\t\t\t\t\t<\/div>\n\t\t\t\t<\/div>\n\t\t\t\t<div class=\"elementor-element elementor-element-d78d306 elementor-widget elementor-widget-hub_fancy_heading\" data-id=\"d78d306\" data-element_type=\"widget\" data-e-type=\"widget\" data-widget_type=\"hub_fancy_heading.default\">\n\t\t\t\t<div class=\"elementor-widget-container\">\n\t\t\t\t\t\n\t\t<div id=\"ld-fancy-heading-69e517a676490\" class=\"ld-fancy-heading pos-rel\">\n\t\t\t<p class=\"ld-fh-element d-inline-block pos-rel  lqd-highlight-classic lqd-highlight-grow-left p\"  > Avec LONDONER COLORLINE, ALISEO porte la personnalisation \u00e0 un niveau sup\u00e9rieur. Les accessoires de luxe en similicuir, disponibles en standard dans les couleurs classiques noir et taupe, peuvent \u00e9galement \u00eatre personnalis\u00e9s dans plus de 60 teintes. Et si cela ne suffit pas, nous essayons volontiers de trouver des tons personnalis\u00e9s au-del\u00e0. Les concepts de design peuvent ainsi \u00eatre mis en \u0153uvre de mani\u00e8re coh\u00e9rente jusque dans les moindres d\u00e9tails - en parfaite harmonie avec l'int\u00e9rieur et l'identit\u00e9 de marque d'un h\u00f4tel. Des mat\u00e9riaux haut de gamme, une fabrication pr\u00e9cise et une qualit\u00e9 durable font de LONDONER COLORLINE le choix id\u00e9al pour les h\u00f4teliers exigeants qui souhaitent offrir \u00e0 leurs clients une ambiance coh\u00e9rente et styl\u00e9e.    <\/p>\t\t<\/div>\n\n\t\t\t\t\t\t<\/div>\n\t\t\t\t<\/div>\n\t\t\t\t<div class=\"elementor-element elementor-element-9500176 elementor-align-center elementor-widget elementor-widget-ld_button\" data-id=\"9500176\" data-element_type=\"widget\" data-e-type=\"widget\" data-widget_type=\"ld_button.default\">\n\t\t\t\t<div class=\"elementor-widget-container\">\n\t\t\t\t\t\n\t\t\t<a\n\t\t\t\thref=\"https:\/\/dev.aliseo.de\/gestalten\/londoner-colorline\/\"class=\"elementor-button btn btn-solid btn-icon-shaped btn-has-label\"\t\t\t>\n\t\t\t\t\t\t\t\t\t<span data-text=\"En savoir plus\" class=\"btn-txt\">\n\t\t\t\t\t\tEn savoir plus\t\t\t\t\t<\/span>\n\t\t\t\t\t\t\t\t\t\t\t<\/a>\n\t\t\t\t\t\t\t<\/div>\n\t\t\t\t<\/div>\n\t\t\t\t<\/div>\n\t\t\t\t<\/div>\n\t\t<div class=\"elementor-element elementor-element-772910b elementor-hidden-tablet e-con-full e-flex e-con e-child\" data-id=\"772910b\" data-element_type=\"container\" data-e-type=\"container\">\n\t\t\t\t<div class=\"elementor-element elementor-element-eefda91 elementor-widget elementor-widget-ld_fancy_image\" data-id=\"eefda91\" data-element_type=\"widget\" data-e-type=\"widget\" data-widget_type=\"ld_fancy_image.default\">\n\t\t\t\t<div class=\"elementor-widget-container\">\n\t\t\t\t\t\n\t\t<div class=\"lqd-imggrp-single d-block pos-rel \">\n\t\t\t<div class=\"lqd-imggrp-img-container d-inline-flex pos-rel align-items-center justify-content-center \">\n\t\t\t\t\t\t\t\t<figure class=\"w-100 pos-rel\">\n\t\t\t\t\t<img decoding=\"async\" width=\"1300\" height=\"945\" src=\"https:\/\/dev.aliseo.de\/wp-content\/uploads\/2024\/12\/Aliseo_guestroom_londoner-color-line_7_mood.jpg\" class=\"attachment-full size-full wp-image-18796\" alt=\"\" srcset=\"https:\/\/dev.aliseo.de\/wp-content\/uploads\/2024\/12\/Aliseo_guestroom_londoner-color-line_7_mood.jpg 1300w, https:\/\/dev.aliseo.de\/wp-content\/uploads\/2024\/12\/Aliseo_guestroom_londoner-color-line_7_mood-300x218.jpg 300w, https:\/\/dev.aliseo.de\/wp-content\/uploads\/2024\/12\/Aliseo_guestroom_londoner-color-line_7_mood-1024x744.jpg 1024w, https:\/\/dev.aliseo.de\/wp-content\/uploads\/2024\/12\/Aliseo_guestroom_londoner-color-line_7_mood-600x436.jpg 600w\" sizes=\"(max-width: 1300px) 100vw, 1300px\" \/>\t\t\t\t\t\t\t\t\t\t\t\t\t\t\t\t\t\t\t\t\t\t\t\t<a href=\"https:\/\/dev.aliseo.de\/gestalten\/londoner-colorline\/\" class=\"lqd-overlay lqd-fi-overlay-link lqd-cc-label-trigger\"><\/a>\n\t\t\t\t\t\t\t\t\t\t\t\t<\/figure>\n\t\t\t<\/div>\n\t\t<\/div>\n\n\t\t\t\t\t<\/div>\n\t\t\t\t<\/div>\n\t\t\t\t<\/div>\n\t\t\t\t\t<\/div>\n\t\t\t\t<\/div>\n\t\t\t\t<\/div>\n\t\t","protected":false},"excerpt":{"rendered":"<p>Home CONCEPTION NU finishes Plus que la couleur et la surface Avec NU finishes, ALISEO offre une nouvelle dimension de personnalisation. Gr\u00e2ce \u00e0 ce service exclusif, tous les produits avec des surfaces chrom\u00e9es &#8211; des miroirs cosm\u00e9tiques aux accessoires de salle de bains &#8211; peuvent \u00eatre fabriqu\u00e9s dans n&rsquo;importe quelle couleur et avec diff\u00e9rentes finitions. [&hellip;]<\/p>\n","protected":false},"author":1,"featured_media":0,"parent":0,"menu_order":0,"comment_status":"closed","ping_status":"closed","template":"","meta":{"_acf_changed":false,"footnotes":""},"class_list":["post-15686","page","type-page","status-publish","hentry"],"acf":[],"yoast_head":"<!-- This site is optimized with the Yoast SEO plugin v27.2 - https:\/\/yoast.com\/product\/yoast-seo-wordpress\/ -->\n<title>sur mesure - ALISEO<\/title>\n<meta name=\"robots\" content=\"noindex, follow, max-snippet:-1, max-image-preview:large, max-video-preview:-1\" \/>\n<meta property=\"og:locale\" content=\"fr_FR\" \/>\n<meta property=\"og:type\" content=\"article\" \/>\n<meta property=\"og:title\" content=\"sur mesure - ALISEO\" \/>\n<meta property=\"og:description\" content=\"Home CONCEPTION NU finishes Plus que la couleur et la surface Avec NU finishes, ALISEO offre une nouvelle dimension de personnalisation. Gr\u00e2ce \u00e0 ce service exclusif, tous les produits avec des surfaces chrom\u00e9es &#8211; des miroirs cosm\u00e9tiques aux accessoires de salle de bains &#8211; peuvent \u00eatre fabriqu\u00e9s dans n&rsquo;importe quelle couleur et avec diff\u00e9rentes finitions. [&hellip;]\" \/>\n<meta property=\"og:url\" content=\"https:\/\/dev.aliseo.de\/fr\/concevoir\/\" \/>\n<meta property=\"og:site_name\" content=\"ALISEO\" \/>\n<meta property=\"article:publisher\" content=\"https:\/\/www.facebook.com\/aliseogermany\" \/>\n<meta property=\"article:modified_time\" content=\"2025-04-15T11:27:36+00:00\" \/>\n<meta property=\"og:image\" content=\"https:\/\/dev.aliseo.de\/wp-content\/uploads\/2025\/01\/2020_Aliseo_NU-finishes_3_mood-min-e1738665011421.jpg\" \/>\n\t<meta property=\"og:image:width\" content=\"1541\" \/>\n\t<meta property=\"og:image:height\" content=\"1540\" \/>\n\t<meta property=\"og:image:type\" content=\"image\/jpeg\" \/>\n<meta name=\"twitter:card\" content=\"summary_large_image\" \/>\n<meta name=\"twitter:label1\" content=\"Dur\u00e9e de lecture estim\u00e9e\" \/>\n\t<meta name=\"twitter:data1\" content=\"1 minute\" \/>\n<script type=\"application\/ld+json\" class=\"yoast-schema-graph\">{\"@context\":\"https:\/\/schema.org\",\"@graph\":[{\"@type\":\"WebPage\",\"@id\":\"https:\/\/dev.aliseo.de\/fr\/concevoir\/\",\"url\":\"https:\/\/dev.aliseo.de\/fr\/concevoir\/\",\"name\":\"sur mesure - ALISEO\",\"isPartOf\":{\"@id\":\"https:\/\/dev.aliseo.de\/fr\/#website\"},\"primaryImageOfPage\":{\"@id\":\"https:\/\/dev.aliseo.de\/fr\/concevoir\/#primaryimage\"},\"image\":{\"@id\":\"https:\/\/dev.aliseo.de\/fr\/concevoir\/#primaryimage\"},\"thumbnailUrl\":\"https:\/\/dev.aliseo.de\/wp-content\/uploads\/2025\/01\/2020_Aliseo_NU-finishes_3_mood-min-e1738665011421.jpg\",\"datePublished\":\"2024-10-04T11:58:40+00:00\",\"dateModified\":\"2025-04-15T11:27:36+00:00\",\"breadcrumb\":{\"@id\":\"https:\/\/dev.aliseo.de\/fr\/concevoir\/#breadcrumb\"},\"inLanguage\":\"fr-FR\",\"potentialAction\":[{\"@type\":\"ReadAction\",\"target\":[\"https:\/\/dev.aliseo.de\/fr\/concevoir\/\"]}]},{\"@type\":\"ImageObject\",\"inLanguage\":\"fr-FR\",\"@id\":\"https:\/\/dev.aliseo.de\/fr\/concevoir\/#primaryimage\",\"url\":\"https:\/\/dev.aliseo.de\/wp-content\/uploads\/2025\/01\/2020_Aliseo_NU-finishes_3_mood-min-e1738665011421.jpg\",\"contentUrl\":\"https:\/\/dev.aliseo.de\/wp-content\/uploads\/2025\/01\/2020_Aliseo_NU-finishes_3_mood-min-e1738665011421.jpg\"},{\"@type\":\"BreadcrumbList\",\"@id\":\"https:\/\/dev.aliseo.de\/fr\/concevoir\/#breadcrumb\",\"itemListElement\":[{\"@type\":\"ListItem\",\"position\":1,\"name\":\"Startseite\",\"item\":\"https:\/\/dev.aliseo.de\/fr\/\"},{\"@type\":\"ListItem\",\"position\":2,\"name\":\"sur mesure\"}]},{\"@type\":\"WebSite\",\"@id\":\"https:\/\/dev.aliseo.de\/fr\/#website\",\"url\":\"https:\/\/dev.aliseo.de\/fr\/\",\"name\":\"ALISEO\",\"description\":\"\",\"publisher\":{\"@id\":\"https:\/\/dev.aliseo.de\/fr\/#organization\"},\"potentialAction\":[{\"@type\":\"SearchAction\",\"target\":{\"@type\":\"EntryPoint\",\"urlTemplate\":\"https:\/\/dev.aliseo.de\/fr\/?s={search_term_string}\"},\"query-input\":{\"@type\":\"PropertyValueSpecification\",\"valueRequired\":true,\"valueName\":\"search_term_string\"}}],\"inLanguage\":\"fr-FR\"},{\"@type\":\"Organization\",\"@id\":\"https:\/\/dev.aliseo.de\/fr\/#organization\",\"name\":\"ALISEO\",\"url\":\"https:\/\/dev.aliseo.de\/fr\/\",\"logo\":{\"@type\":\"ImageObject\",\"inLanguage\":\"fr-FR\",\"@id\":\"https:\/\/dev.aliseo.de\/fr\/#\/schema\/logo\/image\/\",\"url\":\"https:\/\/dev.aliseo.de\/wp-content\/uploads\/2024\/10\/ALI_Logo_schwarz.png\",\"contentUrl\":\"https:\/\/dev.aliseo.de\/wp-content\/uploads\/2024\/10\/ALI_Logo_schwarz.png\",\"width\":2551,\"height\":543,\"caption\":\"ALISEO\"},\"image\":{\"@id\":\"https:\/\/dev.aliseo.de\/fr\/#\/schema\/logo\/image\/\"},\"sameAs\":[\"https:\/\/www.facebook.com\/aliseogermany\",\"https:\/\/www.youtube.com\/user\/aliseogermany\",\"https:\/\/www.instagram.com\/aliseogermany\/\",\"https:\/\/de.linkedin.com\/company\/aliseogermany\"]}]}<\/script>\n<!-- \/ Yoast SEO plugin. -->","yoast_head_json":{"title":"sur mesure - ALISEO","robots":{"index":"noindex","follow":"follow","max-snippet":"max-snippet:-1","max-image-preview":"max-image-preview:large","max-video-preview":"max-video-preview:-1"},"og_locale":"fr_FR","og_type":"article","og_title":"sur mesure - ALISEO","og_description":"Home CONCEPTION NU finishes Plus que la couleur et la surface Avec NU finishes, ALISEO offre une nouvelle dimension de personnalisation. Gr\u00e2ce \u00e0 ce service exclusif, tous les produits avec des surfaces chrom\u00e9es &#8211; des miroirs cosm\u00e9tiques aux accessoires de salle de bains &#8211; peuvent \u00eatre fabriqu\u00e9s dans n&rsquo;importe quelle couleur et avec diff\u00e9rentes finitions. [&hellip;]","og_url":"https:\/\/dev.aliseo.de\/fr\/concevoir\/","og_site_name":"ALISEO","article_publisher":"https:\/\/www.facebook.com\/aliseogermany","article_modified_time":"2025-04-15T11:27:36+00:00","og_image":[{"width":1541,"height":1540,"url":"https:\/\/dev.aliseo.de\/wp-content\/uploads\/2025\/01\/2020_Aliseo_NU-finishes_3_mood-min-e1738665011421.jpg","type":"image\/jpeg"}],"twitter_card":"summary_large_image","twitter_misc":{"Dur\u00e9e de lecture estim\u00e9e":"1 minute"},"schema":{"@context":"https:\/\/schema.org","@graph":[{"@type":"WebPage","@id":"https:\/\/dev.aliseo.de\/fr\/concevoir\/","url":"https:\/\/dev.aliseo.de\/fr\/concevoir\/","name":"sur mesure - ALISEO","isPartOf":{"@id":"https:\/\/dev.aliseo.de\/fr\/#website"},"primaryImageOfPage":{"@id":"https:\/\/dev.aliseo.de\/fr\/concevoir\/#primaryimage"},"image":{"@id":"https:\/\/dev.aliseo.de\/fr\/concevoir\/#primaryimage"},"thumbnailUrl":"https:\/\/dev.aliseo.de\/wp-content\/uploads\/2025\/01\/2020_Aliseo_NU-finishes_3_mood-min-e1738665011421.jpg","datePublished":"2024-10-04T11:58:40+00:00","dateModified":"2025-04-15T11:27:36+00:00","breadcrumb":{"@id":"https:\/\/dev.aliseo.de\/fr\/concevoir\/#breadcrumb"},"inLanguage":"fr-FR","potentialAction":[{"@type":"ReadAction","target":["https:\/\/dev.aliseo.de\/fr\/concevoir\/"]}]},{"@type":"ImageObject","inLanguage":"fr-FR","@id":"https:\/\/dev.aliseo.de\/fr\/concevoir\/#primaryimage","url":"https:\/\/dev.aliseo.de\/wp-content\/uploads\/2025\/01\/2020_Aliseo_NU-finishes_3_mood-min-e1738665011421.jpg","contentUrl":"https:\/\/dev.aliseo.de\/wp-content\/uploads\/2025\/01\/2020_Aliseo_NU-finishes_3_mood-min-e1738665011421.jpg"},{"@type":"BreadcrumbList","@id":"https:\/\/dev.aliseo.de\/fr\/concevoir\/#breadcrumb","itemListElement":[{"@type":"ListItem","position":1,"name":"Startseite","item":"https:\/\/dev.aliseo.de\/fr\/"},{"@type":"ListItem","position":2,"name":"sur mesure"}]},{"@type":"WebSite","@id":"https:\/\/dev.aliseo.de\/fr\/#website","url":"https:\/\/dev.aliseo.de\/fr\/","name":"ALISEO","description":"","publisher":{"@id":"https:\/\/dev.aliseo.de\/fr\/#organization"},"potentialAction":[{"@type":"SearchAction","target":{"@type":"EntryPoint","urlTemplate":"https:\/\/dev.aliseo.de\/fr\/?s={search_term_string}"},"query-input":{"@type":"PropertyValueSpecification","valueRequired":true,"valueName":"search_term_string"}}],"inLanguage":"fr-FR"},{"@type":"Organization","@id":"https:\/\/dev.aliseo.de\/fr\/#organization","name":"ALISEO","url":"https:\/\/dev.aliseo.de\/fr\/","logo":{"@type":"ImageObject","inLanguage":"fr-FR","@id":"https:\/\/dev.aliseo.de\/fr\/#\/schema\/logo\/image\/","url":"https:\/\/dev.aliseo.de\/wp-content\/uploads\/2024\/10\/ALI_Logo_schwarz.png","contentUrl":"https:\/\/dev.aliseo.de\/wp-content\/uploads\/2024\/10\/ALI_Logo_schwarz.png","width":2551,"height":543,"caption":"ALISEO"},"image":{"@id":"https:\/\/dev.aliseo.de\/fr\/#\/schema\/logo\/image\/"},"sameAs":["https:\/\/www.facebook.com\/aliseogermany","https:\/\/www.youtube.com\/user\/aliseogermany","https:\/\/www.instagram.com\/aliseogermany\/","https:\/\/de.linkedin.com\/company\/aliseogermany"]}]}},"_links":{"self":[{"href":"https:\/\/dev.aliseo.de\/fr\/wp-json\/wp\/v2\/pages\/15686","targetHints":{"allow":["GET"]}}],"collection":[{"href":"https:\/\/dev.aliseo.de\/fr\/wp-json\/wp\/v2\/pages"}],"about":[{"href":"https:\/\/dev.aliseo.de\/fr\/wp-json\/wp\/v2\/types\/page"}],"author":[{"embeddable":true,"href":"https:\/\/dev.aliseo.de\/fr\/wp-json\/wp\/v2\/users\/1"}],"replies":[{"embeddable":true,"href":"https:\/\/dev.aliseo.de\/fr\/wp-json\/wp\/v2\/comments?post=15686"}],"version-history":[{"count":0,"href":"https:\/\/dev.aliseo.de\/fr\/wp-json\/wp\/v2\/pages\/15686\/revisions"}],"wp:attachment":[{"href":"https:\/\/dev.aliseo.de\/fr\/wp-json\/wp\/v2\/media?parent=15686"}],"curies":[{"name":"wp","href":"https:\/\/api.w.org\/{rel}","templated":true}]}}