{"id":10816,"date":"2024-11-12T11:17:07","date_gmt":"2024-11-12T11:17:07","guid":{"rendered":"https:\/\/compassionate-engelbart.185-243-11-33.plesk.page\/?post_type=product&#038;p=10816"},"modified":"2025-04-16T06:29:21","modified_gmt":"2025-04-16T06:29:21","slug":"led-interface-eclaire-miroir-cosmetique-bras-articule","status":"publish","type":"product","link":"https:\/\/dev.aliseo.de\/fr\/produit\/led-interface-eclaire-miroir-cosmetique-bras-articule\/","title":{"rendered":"LED INTERFACE"},"content":{"rendered":"<p>Reflection Reimagined &#8211; Voir c&rsquo;est croire<\/p>\n<p>Aliment\u00e9 par des piles miroir cosm\u00e9tique avec mise en marche\/arr\u00eat automatique lorsque vous approchez votre visage du miroir ou lorsque vous vous \u00e9loignez. Le cadre en acrylique translucide plonge le visage dans une lumi\u00e8re chaude et agr\u00e9able. Le miroir grossissant 3x avec fonction d&rsquo;orientation compl\u00e8te est fix\u00e9 \u00e0 une articulation pivotante robuste.  <\/p>\n<ul>\n<li>Aliment\u00e9 par des piles miroir cosm\u00e9tique sur le bras pivotant<\/li>\n<li>Activation\/d\u00e9sactivation par capteur infrarouge \u00e0 20 cm<\/li>\n<li>Arr\u00eat automatique apr\u00e8s 15 secondes d&rsquo;utilisation<\/li>\n<li>4 piles AA rechargeables ou piles s\u00e8ches (non incluses)<\/li>\n<li>Suffisant jusqu&rsquo;\u00e0 6 mois<\/li>\n<li>Indicateur de batterie faible<\/li>\n<li>Plateforme LED SMD sans entretien<\/li>\n<li>Lumi\u00e8re chaude blanc-jaune, 3500-4000 k<\/li>\n<li>Cadre acrylique translucide<\/li>\n<li>grossissement 3x<\/li>\n<li>Avec plaque d&rsquo;adaptation 510443<\/li>\n<li>Disponible \u00e9galement sans plaque d&rsquo;adaptation (art. 020796)<\/li>\n<\/ul>\n","protected":false},"excerpt":{"rendered":"<p>Reflection Reimagined &#8211; Voir c&rsquo;est croire Aliment\u00e9 par des piles miroir cosm\u00e9tique avec mise en marche\/arr\u00eat automatique lorsque vous approchez votre visage du miroir ou lorsque vous vous \u00e9loignez. Le cadre en acrylique translucide plonge le visage dans une lumi\u00e8re chaude et agr\u00e9able. Le miroir grossissant 3x avec fonction d&rsquo;orientation compl\u00e8te est fix\u00e9 \u00e0 une [&hellip;]<\/p>\n","protected":false},"featured_media":11037,"comment_status":"closed","ping_status":"closed","template":"","meta":{"_acf_changed":false},"produktgruppe":[1819],"product_brand":[],"product_cat":[2279,2286],"product_tag":[],"class_list":{"0":"post-10816","1":"product","2":"type-product","3":"status-publish","4":"has-post-thumbnail","6":"produktgruppe-led-interface","7":"product_cat-led-interface","8":"product_cat-miroir-cosmetique-lumineux","10":"first","11":"instock","12":"shipping-taxable","13":"product-type-simple"},"acf":[],"yoast_head":"<!-- This site is optimized with the Yoast SEO plugin v27.2 - https:\/\/yoast.com\/product\/yoast-seo-wordpress\/ -->\n<title>LED INTERFACE - ALISEO<\/title>\n<meta name=\"robots\" content=\"noindex, follow, max-snippet:-1, max-image-preview:large, max-video-preview:-1\" \/>\n<meta property=\"og:locale\" content=\"fr_FR\" \/>\n<meta property=\"og:type\" content=\"article\" \/>\n<meta property=\"og:title\" content=\"LED INTERFACE - ALISEO\" \/>\n<meta property=\"og:description\" content=\"Reflection Reimagined &#8211; Voir c&rsquo;est croire Aliment\u00e9 par des piles miroir cosm\u00e9tique avec mise en marche\/arr\u00eat automatique lorsque vous approchez votre visage du miroir ou lorsque vous vous \u00e9loignez. Le cadre en acrylique translucide plonge le visage dans une lumi\u00e8re chaude et agr\u00e9able. Le miroir grossissant 3x avec fonction d&rsquo;orientation compl\u00e8te est fix\u00e9 \u00e0 une [&hellip;]\" \/>\n<meta property=\"og:url\" content=\"https:\/\/dev.aliseo.de\/fr\/produit\/led-interface-eclaire-miroir-cosmetique-bras-articule\/\" \/>\n<meta property=\"og:site_name\" content=\"ALISEO\" \/>\n<meta property=\"article:publisher\" content=\"https:\/\/www.facebook.com\/aliseogermany\" \/>\n<meta property=\"article:modified_time\" content=\"2025-04-16T06:29:21+00:00\" \/>\n<meta property=\"og:image\" content=\"https:\/\/dev.aliseo.de\/wp-content\/uploads\/2024\/11\/020832_LED_INTERFACE.png\" \/>\n\t<meta property=\"og:image:width\" content=\"2500\" \/>\n\t<meta property=\"og:image:height\" content=\"2500\" \/>\n\t<meta property=\"og:image:type\" content=\"image\/png\" \/>\n<meta name=\"twitter:card\" content=\"summary_large_image\" \/>\n<meta name=\"twitter:label1\" content=\"Dur\u00e9e de lecture estim\u00e9e\" \/>\n\t<meta name=\"twitter:data1\" content=\"1 minute\" \/>\n<script type=\"application\/ld+json\" class=\"yoast-schema-graph\">{\"@context\":\"https:\/\/schema.org\",\"@graph\":[{\"@type\":\"WebPage\",\"@id\":\"https:\/\/dev.aliseo.de\/fr\/produit\/led-interface-eclaire-miroir-cosmetique-bras-articule\/\",\"url\":\"https:\/\/dev.aliseo.de\/fr\/produit\/led-interface-eclaire-miroir-cosmetique-bras-articule\/\",\"name\":\"LED INTERFACE - ALISEO\",\"isPartOf\":{\"@id\":\"https:\/\/dev.aliseo.de\/fr\/#website\"},\"primaryImageOfPage\":{\"@id\":\"https:\/\/dev.aliseo.de\/fr\/produit\/led-interface-eclaire-miroir-cosmetique-bras-articule\/#primaryimage\"},\"image\":{\"@id\":\"https:\/\/dev.aliseo.de\/fr\/produit\/led-interface-eclaire-miroir-cosmetique-bras-articule\/#primaryimage\"},\"thumbnailUrl\":\"https:\/\/dev.aliseo.de\/wp-content\/uploads\/2024\/11\/020832_LED_INTERFACE.png\",\"datePublished\":\"2024-11-12T11:17:07+00:00\",\"dateModified\":\"2025-04-16T06:29:21+00:00\",\"breadcrumb\":{\"@id\":\"https:\/\/dev.aliseo.de\/fr\/produit\/led-interface-eclaire-miroir-cosmetique-bras-articule\/#breadcrumb\"},\"inLanguage\":\"fr-FR\",\"potentialAction\":[{\"@type\":\"ReadAction\",\"target\":[\"https:\/\/dev.aliseo.de\/fr\/produit\/led-interface-eclaire-miroir-cosmetique-bras-articule\/\"]}]},{\"@type\":\"ImageObject\",\"inLanguage\":\"fr-FR\",\"@id\":\"https:\/\/dev.aliseo.de\/fr\/produit\/led-interface-eclaire-miroir-cosmetique-bras-articule\/#primaryimage\",\"url\":\"https:\/\/dev.aliseo.de\/wp-content\/uploads\/2024\/11\/020832_LED_INTERFACE.png\",\"contentUrl\":\"https:\/\/dev.aliseo.de\/wp-content\/uploads\/2024\/11\/020832_LED_INTERFACE.png\",\"width\":2500,\"height\":2500},{\"@type\":\"BreadcrumbList\",\"@id\":\"https:\/\/dev.aliseo.de\/fr\/produit\/led-interface-eclaire-miroir-cosmetique-bras-articule\/#breadcrumb\",\"itemListElement\":[{\"@type\":\"ListItem\",\"position\":1,\"name\":\"Startseite\",\"item\":\"https:\/\/dev.aliseo.de\/fr\/\"},{\"@type\":\"ListItem\",\"position\":2,\"name\":\"Shop\",\"item\":\"https:\/\/dev.aliseo.de\/fr\/shop\/\"},{\"@type\":\"ListItem\",\"position\":3,\"name\":\"LED INTERFACE\"}]},{\"@type\":\"WebSite\",\"@id\":\"https:\/\/dev.aliseo.de\/fr\/#website\",\"url\":\"https:\/\/dev.aliseo.de\/fr\/\",\"name\":\"ALISEO\",\"description\":\"\",\"publisher\":{\"@id\":\"https:\/\/dev.aliseo.de\/fr\/#organization\"},\"potentialAction\":[{\"@type\":\"SearchAction\",\"target\":{\"@type\":\"EntryPoint\",\"urlTemplate\":\"https:\/\/dev.aliseo.de\/fr\/?s={search_term_string}\"},\"query-input\":{\"@type\":\"PropertyValueSpecification\",\"valueRequired\":true,\"valueName\":\"search_term_string\"}}],\"inLanguage\":\"fr-FR\"},{\"@type\":\"Organization\",\"@id\":\"https:\/\/dev.aliseo.de\/fr\/#organization\",\"name\":\"ALISEO\",\"url\":\"https:\/\/dev.aliseo.de\/fr\/\",\"logo\":{\"@type\":\"ImageObject\",\"inLanguage\":\"fr-FR\",\"@id\":\"https:\/\/dev.aliseo.de\/fr\/#\/schema\/logo\/image\/\",\"url\":\"https:\/\/dev.aliseo.de\/wp-content\/uploads\/2024\/10\/ALI_Logo_schwarz.png\",\"contentUrl\":\"https:\/\/dev.aliseo.de\/wp-content\/uploads\/2024\/10\/ALI_Logo_schwarz.png\",\"width\":2551,\"height\":543,\"caption\":\"ALISEO\"},\"image\":{\"@id\":\"https:\/\/dev.aliseo.de\/fr\/#\/schema\/logo\/image\/\"},\"sameAs\":[\"https:\/\/www.facebook.com\/aliseogermany\",\"https:\/\/www.youtube.com\/user\/aliseogermany\",\"https:\/\/www.instagram.com\/aliseogermany\/\",\"https:\/\/de.linkedin.com\/company\/aliseogermany\"]}]}<\/script>\n<!-- \/ Yoast SEO plugin. -->","yoast_head_json":{"title":"LED INTERFACE - ALISEO","robots":{"index":"noindex","follow":"follow","max-snippet":"max-snippet:-1","max-image-preview":"max-image-preview:large","max-video-preview":"max-video-preview:-1"},"og_locale":"fr_FR","og_type":"article","og_title":"LED INTERFACE - ALISEO","og_description":"Reflection Reimagined &#8211; Voir c&rsquo;est croire Aliment\u00e9 par des piles miroir cosm\u00e9tique avec mise en marche\/arr\u00eat automatique lorsque vous approchez votre visage du miroir ou lorsque vous vous \u00e9loignez. Le cadre en acrylique translucide plonge le visage dans une lumi\u00e8re chaude et agr\u00e9able. Le miroir grossissant 3x avec fonction d&rsquo;orientation compl\u00e8te est fix\u00e9 \u00e0 une [&hellip;]","og_url":"https:\/\/dev.aliseo.de\/fr\/produit\/led-interface-eclaire-miroir-cosmetique-bras-articule\/","og_site_name":"ALISEO","article_publisher":"https:\/\/www.facebook.com\/aliseogermany","article_modified_time":"2025-04-16T06:29:21+00:00","og_image":[{"width":2500,"height":2500,"url":"https:\/\/dev.aliseo.de\/wp-content\/uploads\/2024\/11\/020832_LED_INTERFACE.png","type":"image\/png"}],"twitter_card":"summary_large_image","twitter_misc":{"Dur\u00e9e de lecture estim\u00e9e":"1 minute"},"schema":{"@context":"https:\/\/schema.org","@graph":[{"@type":"WebPage","@id":"https:\/\/dev.aliseo.de\/fr\/produit\/led-interface-eclaire-miroir-cosmetique-bras-articule\/","url":"https:\/\/dev.aliseo.de\/fr\/produit\/led-interface-eclaire-miroir-cosmetique-bras-articule\/","name":"LED INTERFACE - ALISEO","isPartOf":{"@id":"https:\/\/dev.aliseo.de\/fr\/#website"},"primaryImageOfPage":{"@id":"https:\/\/dev.aliseo.de\/fr\/produit\/led-interface-eclaire-miroir-cosmetique-bras-articule\/#primaryimage"},"image":{"@id":"https:\/\/dev.aliseo.de\/fr\/produit\/led-interface-eclaire-miroir-cosmetique-bras-articule\/#primaryimage"},"thumbnailUrl":"https:\/\/dev.aliseo.de\/wp-content\/uploads\/2024\/11\/020832_LED_INTERFACE.png","datePublished":"2024-11-12T11:17:07+00:00","dateModified":"2025-04-16T06:29:21+00:00","breadcrumb":{"@id":"https:\/\/dev.aliseo.de\/fr\/produit\/led-interface-eclaire-miroir-cosmetique-bras-articule\/#breadcrumb"},"inLanguage":"fr-FR","potentialAction":[{"@type":"ReadAction","target":["https:\/\/dev.aliseo.de\/fr\/produit\/led-interface-eclaire-miroir-cosmetique-bras-articule\/"]}]},{"@type":"ImageObject","inLanguage":"fr-FR","@id":"https:\/\/dev.aliseo.de\/fr\/produit\/led-interface-eclaire-miroir-cosmetique-bras-articule\/#primaryimage","url":"https:\/\/dev.aliseo.de\/wp-content\/uploads\/2024\/11\/020832_LED_INTERFACE.png","contentUrl":"https:\/\/dev.aliseo.de\/wp-content\/uploads\/2024\/11\/020832_LED_INTERFACE.png","width":2500,"height":2500},{"@type":"BreadcrumbList","@id":"https:\/\/dev.aliseo.de\/fr\/produit\/led-interface-eclaire-miroir-cosmetique-bras-articule\/#breadcrumb","itemListElement":[{"@type":"ListItem","position":1,"name":"Startseite","item":"https:\/\/dev.aliseo.de\/fr\/"},{"@type":"ListItem","position":2,"name":"Shop","item":"https:\/\/dev.aliseo.de\/fr\/shop\/"},{"@type":"ListItem","position":3,"name":"LED INTERFACE"}]},{"@type":"WebSite","@id":"https:\/\/dev.aliseo.de\/fr\/#website","url":"https:\/\/dev.aliseo.de\/fr\/","name":"ALISEO","description":"","publisher":{"@id":"https:\/\/dev.aliseo.de\/fr\/#organization"},"potentialAction":[{"@type":"SearchAction","target":{"@type":"EntryPoint","urlTemplate":"https:\/\/dev.aliseo.de\/fr\/?s={search_term_string}"},"query-input":{"@type":"PropertyValueSpecification","valueRequired":true,"valueName":"search_term_string"}}],"inLanguage":"fr-FR"},{"@type":"Organization","@id":"https:\/\/dev.aliseo.de\/fr\/#organization","name":"ALISEO","url":"https:\/\/dev.aliseo.de\/fr\/","logo":{"@type":"ImageObject","inLanguage":"fr-FR","@id":"https:\/\/dev.aliseo.de\/fr\/#\/schema\/logo\/image\/","url":"https:\/\/dev.aliseo.de\/wp-content\/uploads\/2024\/10\/ALI_Logo_schwarz.png","contentUrl":"https:\/\/dev.aliseo.de\/wp-content\/uploads\/2024\/10\/ALI_Logo_schwarz.png","width":2551,"height":543,"caption":"ALISEO"},"image":{"@id":"https:\/\/dev.aliseo.de\/fr\/#\/schema\/logo\/image\/"},"sameAs":["https:\/\/www.facebook.com\/aliseogermany","https:\/\/www.youtube.com\/user\/aliseogermany","https:\/\/www.instagram.com\/aliseogermany\/","https:\/\/de.linkedin.com\/company\/aliseogermany"]}]}},"_links":{"self":[{"href":"https:\/\/dev.aliseo.de\/fr\/wp-json\/wp\/v2\/product\/10816","targetHints":{"allow":["GET"]}}],"collection":[{"href":"https:\/\/dev.aliseo.de\/fr\/wp-json\/wp\/v2\/product"}],"about":[{"href":"https:\/\/dev.aliseo.de\/fr\/wp-json\/wp\/v2\/types\/product"}],"replies":[{"embeddable":true,"href":"https:\/\/dev.aliseo.de\/fr\/wp-json\/wp\/v2\/comments?post=10816"}],"wp:featuredmedia":[{"embeddable":true,"href":"https:\/\/dev.aliseo.de\/fr\/wp-json\/wp\/v2\/media\/11037"}],"wp:attachment":[{"href":"https:\/\/dev.aliseo.de\/fr\/wp-json\/wp\/v2\/media?parent=10816"}],"wp:term":[{"taxonomy":"produktgruppe","embeddable":true,"href":"https:\/\/dev.aliseo.de\/fr\/wp-json\/wp\/v2\/produktgruppe?post=10816"},{"taxonomy":"product_brand","embeddable":true,"href":"https:\/\/dev.aliseo.de\/fr\/wp-json\/wp\/v2\/product_brand?post=10816"},{"taxonomy":"product_cat","embeddable":true,"href":"https:\/\/dev.aliseo.de\/fr\/wp-json\/wp\/v2\/product_cat?post=10816"},{"taxonomy":"product_tag","embeddable":true,"href":"https:\/\/dev.aliseo.de\/fr\/wp-json\/wp\/v2\/product_tag?post=10816"}],"curies":[{"name":"wp","href":"https:\/\/api.w.org\/{rel}","templated":true}]}}