{"id":11212,"date":"2024-11-12T11:13:08","date_gmt":"2024-11-12T11:13:08","guid":{"rendered":"https:\/\/compassionate-engelbart.185-243-11-33.plesk.page\/?post_type=product&#038;p=11212"},"modified":"2025-04-15T09:09:15","modified_gmt":"2025-04-15T09:09:15","slug":"prestige-poubelle-ignifuge","status":"publish","type":"product","link":"https:\/\/dev.aliseo.de\/fr\/produit\/prestige-poubelle-ignifuge\/","title":{"rendered":"PRESTIGE"},"content":{"rendered":"<p style=\"font-weight: 400;\">Notre poubelle auto-extinguible est ininflammable et se pr\u00e9sente dans un noir super sobre. La conception du couvercle fait en sorte qu&rsquo;en cas d&rsquo;incendie dans la poubelle, la fum\u00e9e bloque l&rsquo;arriv\u00e9e d&rsquo;air frais et \u00e9touffe le feu. Le mat\u00e9riau et la couleur sont certifi\u00e9s de la plus haute classe -ininflammable-, vous \u00eates donc du c\u00f4t\u00e9 de la s\u00e9curit\u00e9 incendie et du style.  <\/p>\n<ul>\n<li>R\u00e9sistant au feu<\/li>\n<li>Couvercle amovible<\/li>\n<li>Ouverture du couvercle 115 mm<\/li>\n<li>Anneau de sol en plastique<\/li>\n<li>Mat\u00e9riau : m\u00e9tal<\/li>\n<\/ul>\n","protected":false},"excerpt":{"rendered":"<p>Notre poubelle auto-extinguible est ininflammable et se pr\u00e9sente dans un noir super sobre. La conception du couvercle fait en sorte qu&rsquo;en cas d&rsquo;incendie dans la poubelle, la fum\u00e9e bloque l&rsquo;arriv\u00e9e d&rsquo;air frais et \u00e9touffe le feu. Le mat\u00e9riau et la couleur sont certifi\u00e9s de la plus haute classe -ininflammable-, vous \u00eates donc du c\u00f4t\u00e9 de [&hellip;]<\/p>\n","protected":false},"featured_media":10571,"comment_status":"closed","ping_status":"closed","template":"","meta":{"_acf_changed":false},"produktgruppe":[1805],"product_brand":[],"product_cat":[2276],"product_tag":[],"class_list":{"0":"post-11212","1":"product","2":"type-product","3":"status-publish","4":"has-post-thumbnail","6":"produktgruppe-prestige","7":"product_cat-poubelles","9":"first","10":"instock","11":"shipping-taxable","12":"product-type-simple"},"acf":[],"yoast_head":"<!-- This site is optimized with the Yoast SEO plugin v27.2 - https:\/\/yoast.com\/product\/yoast-seo-wordpress\/ -->\n<title>PRESTIGE - ALISEO<\/title>\n<meta name=\"robots\" content=\"noindex, follow, max-snippet:-1, max-image-preview:large, max-video-preview:-1\" \/>\n<meta property=\"og:locale\" content=\"fr_FR\" \/>\n<meta property=\"og:type\" content=\"article\" \/>\n<meta property=\"og:title\" content=\"PRESTIGE - ALISEO\" \/>\n<meta property=\"og:description\" content=\"Notre poubelle auto-extinguible est ininflammable et se pr\u00e9sente dans un noir super sobre. La conception du couvercle fait en sorte qu&rsquo;en cas d&rsquo;incendie dans la poubelle, la fum\u00e9e bloque l&rsquo;arriv\u00e9e d&rsquo;air frais et \u00e9touffe le feu. Le mat\u00e9riau et la couleur sont certifi\u00e9s de la plus haute classe -ininflammable-, vous \u00eates donc du c\u00f4t\u00e9 de [&hellip;]\" \/>\n<meta property=\"og:url\" content=\"https:\/\/dev.aliseo.de\/fr\/produit\/prestige-poubelle-ignifuge\/\" \/>\n<meta property=\"og:site_name\" content=\"ALISEO\" \/>\n<meta property=\"article:publisher\" content=\"https:\/\/www.facebook.com\/aliseogermany\" \/>\n<meta property=\"article:modified_time\" content=\"2025-04-15T09:09:15+00:00\" \/>\n<meta property=\"og:image\" content=\"https:\/\/dev.aliseo.de\/wp-content\/uploads\/2024\/11\/030627-1024x1024.png\" \/>\n\t<meta property=\"og:image:width\" content=\"1024\" \/>\n\t<meta property=\"og:image:height\" content=\"1024\" \/>\n\t<meta property=\"og:image:type\" content=\"image\/png\" \/>\n<meta name=\"twitter:card\" content=\"summary_large_image\" \/>\n<script type=\"application\/ld+json\" class=\"yoast-schema-graph\">{\"@context\":\"https:\/\/schema.org\",\"@graph\":[{\"@type\":\"WebPage\",\"@id\":\"https:\/\/dev.aliseo.de\/fr\/produit\/prestige-poubelle-ignifuge\/\",\"url\":\"https:\/\/dev.aliseo.de\/fr\/produit\/prestige-poubelle-ignifuge\/\",\"name\":\"PRESTIGE - ALISEO\",\"isPartOf\":{\"@id\":\"https:\/\/dev.aliseo.de\/fr\/#website\"},\"primaryImageOfPage\":{\"@id\":\"https:\/\/dev.aliseo.de\/fr\/produit\/prestige-poubelle-ignifuge\/#primaryimage\"},\"image\":{\"@id\":\"https:\/\/dev.aliseo.de\/fr\/produit\/prestige-poubelle-ignifuge\/#primaryimage\"},\"thumbnailUrl\":\"https:\/\/dev.aliseo.de\/wp-content\/uploads\/2024\/11\/030627.png\",\"datePublished\":\"2024-11-12T11:13:08+00:00\",\"dateModified\":\"2025-04-15T09:09:15+00:00\",\"breadcrumb\":{\"@id\":\"https:\/\/dev.aliseo.de\/fr\/produit\/prestige-poubelle-ignifuge\/#breadcrumb\"},\"inLanguage\":\"fr-FR\",\"potentialAction\":[{\"@type\":\"ReadAction\",\"target\":[\"https:\/\/dev.aliseo.de\/fr\/produit\/prestige-poubelle-ignifuge\/\"]}]},{\"@type\":\"ImageObject\",\"inLanguage\":\"fr-FR\",\"@id\":\"https:\/\/dev.aliseo.de\/fr\/produit\/prestige-poubelle-ignifuge\/#primaryimage\",\"url\":\"https:\/\/dev.aliseo.de\/wp-content\/uploads\/2024\/11\/030627.png\",\"contentUrl\":\"https:\/\/dev.aliseo.de\/wp-content\/uploads\/2024\/11\/030627.png\",\"width\":2500,\"height\":2500},{\"@type\":\"BreadcrumbList\",\"@id\":\"https:\/\/dev.aliseo.de\/fr\/produit\/prestige-poubelle-ignifuge\/#breadcrumb\",\"itemListElement\":[{\"@type\":\"ListItem\",\"position\":1,\"name\":\"Startseite\",\"item\":\"https:\/\/dev.aliseo.de\/fr\/\"},{\"@type\":\"ListItem\",\"position\":2,\"name\":\"Shop\",\"item\":\"https:\/\/dev.aliseo.de\/fr\/shop\/\"},{\"@type\":\"ListItem\",\"position\":3,\"name\":\"PRESTIGE\"}]},{\"@type\":\"WebSite\",\"@id\":\"https:\/\/dev.aliseo.de\/fr\/#website\",\"url\":\"https:\/\/dev.aliseo.de\/fr\/\",\"name\":\"ALISEO\",\"description\":\"\",\"publisher\":{\"@id\":\"https:\/\/dev.aliseo.de\/fr\/#organization\"},\"potentialAction\":[{\"@type\":\"SearchAction\",\"target\":{\"@type\":\"EntryPoint\",\"urlTemplate\":\"https:\/\/dev.aliseo.de\/fr\/?s={search_term_string}\"},\"query-input\":{\"@type\":\"PropertyValueSpecification\",\"valueRequired\":true,\"valueName\":\"search_term_string\"}}],\"inLanguage\":\"fr-FR\"},{\"@type\":\"Organization\",\"@id\":\"https:\/\/dev.aliseo.de\/fr\/#organization\",\"name\":\"ALISEO\",\"url\":\"https:\/\/dev.aliseo.de\/fr\/\",\"logo\":{\"@type\":\"ImageObject\",\"inLanguage\":\"fr-FR\",\"@id\":\"https:\/\/dev.aliseo.de\/fr\/#\/schema\/logo\/image\/\",\"url\":\"https:\/\/dev.aliseo.de\/wp-content\/uploads\/2024\/10\/ALI_Logo_schwarz.png\",\"contentUrl\":\"https:\/\/dev.aliseo.de\/wp-content\/uploads\/2024\/10\/ALI_Logo_schwarz.png\",\"width\":2551,\"height\":543,\"caption\":\"ALISEO\"},\"image\":{\"@id\":\"https:\/\/dev.aliseo.de\/fr\/#\/schema\/logo\/image\/\"},\"sameAs\":[\"https:\/\/www.facebook.com\/aliseogermany\",\"https:\/\/www.youtube.com\/user\/aliseogermany\",\"https:\/\/www.instagram.com\/aliseogermany\/\",\"https:\/\/de.linkedin.com\/company\/aliseogermany\"]}]}<\/script>\n<!-- \/ Yoast SEO plugin. -->","yoast_head_json":{"title":"PRESTIGE - ALISEO","robots":{"index":"noindex","follow":"follow","max-snippet":"max-snippet:-1","max-image-preview":"max-image-preview:large","max-video-preview":"max-video-preview:-1"},"og_locale":"fr_FR","og_type":"article","og_title":"PRESTIGE - ALISEO","og_description":"Notre poubelle auto-extinguible est ininflammable et se pr\u00e9sente dans un noir super sobre. La conception du couvercle fait en sorte qu&rsquo;en cas d&rsquo;incendie dans la poubelle, la fum\u00e9e bloque l&rsquo;arriv\u00e9e d&rsquo;air frais et \u00e9touffe le feu. Le mat\u00e9riau et la couleur sont certifi\u00e9s de la plus haute classe -ininflammable-, vous \u00eates donc du c\u00f4t\u00e9 de [&hellip;]","og_url":"https:\/\/dev.aliseo.de\/fr\/produit\/prestige-poubelle-ignifuge\/","og_site_name":"ALISEO","article_publisher":"https:\/\/www.facebook.com\/aliseogermany","article_modified_time":"2025-04-15T09:09:15+00:00","og_image":[{"width":1024,"height":1024,"url":"https:\/\/dev.aliseo.de\/wp-content\/uploads\/2024\/11\/030627-1024x1024.png","type":"image\/png"}],"twitter_card":"summary_large_image","schema":{"@context":"https:\/\/schema.org","@graph":[{"@type":"WebPage","@id":"https:\/\/dev.aliseo.de\/fr\/produit\/prestige-poubelle-ignifuge\/","url":"https:\/\/dev.aliseo.de\/fr\/produit\/prestige-poubelle-ignifuge\/","name":"PRESTIGE - ALISEO","isPartOf":{"@id":"https:\/\/dev.aliseo.de\/fr\/#website"},"primaryImageOfPage":{"@id":"https:\/\/dev.aliseo.de\/fr\/produit\/prestige-poubelle-ignifuge\/#primaryimage"},"image":{"@id":"https:\/\/dev.aliseo.de\/fr\/produit\/prestige-poubelle-ignifuge\/#primaryimage"},"thumbnailUrl":"https:\/\/dev.aliseo.de\/wp-content\/uploads\/2024\/11\/030627.png","datePublished":"2024-11-12T11:13:08+00:00","dateModified":"2025-04-15T09:09:15+00:00","breadcrumb":{"@id":"https:\/\/dev.aliseo.de\/fr\/produit\/prestige-poubelle-ignifuge\/#breadcrumb"},"inLanguage":"fr-FR","potentialAction":[{"@type":"ReadAction","target":["https:\/\/dev.aliseo.de\/fr\/produit\/prestige-poubelle-ignifuge\/"]}]},{"@type":"ImageObject","inLanguage":"fr-FR","@id":"https:\/\/dev.aliseo.de\/fr\/produit\/prestige-poubelle-ignifuge\/#primaryimage","url":"https:\/\/dev.aliseo.de\/wp-content\/uploads\/2024\/11\/030627.png","contentUrl":"https:\/\/dev.aliseo.de\/wp-content\/uploads\/2024\/11\/030627.png","width":2500,"height":2500},{"@type":"BreadcrumbList","@id":"https:\/\/dev.aliseo.de\/fr\/produit\/prestige-poubelle-ignifuge\/#breadcrumb","itemListElement":[{"@type":"ListItem","position":1,"name":"Startseite","item":"https:\/\/dev.aliseo.de\/fr\/"},{"@type":"ListItem","position":2,"name":"Shop","item":"https:\/\/dev.aliseo.de\/fr\/shop\/"},{"@type":"ListItem","position":3,"name":"PRESTIGE"}]},{"@type":"WebSite","@id":"https:\/\/dev.aliseo.de\/fr\/#website","url":"https:\/\/dev.aliseo.de\/fr\/","name":"ALISEO","description":"","publisher":{"@id":"https:\/\/dev.aliseo.de\/fr\/#organization"},"potentialAction":[{"@type":"SearchAction","target":{"@type":"EntryPoint","urlTemplate":"https:\/\/dev.aliseo.de\/fr\/?s={search_term_string}"},"query-input":{"@type":"PropertyValueSpecification","valueRequired":true,"valueName":"search_term_string"}}],"inLanguage":"fr-FR"},{"@type":"Organization","@id":"https:\/\/dev.aliseo.de\/fr\/#organization","name":"ALISEO","url":"https:\/\/dev.aliseo.de\/fr\/","logo":{"@type":"ImageObject","inLanguage":"fr-FR","@id":"https:\/\/dev.aliseo.de\/fr\/#\/schema\/logo\/image\/","url":"https:\/\/dev.aliseo.de\/wp-content\/uploads\/2024\/10\/ALI_Logo_schwarz.png","contentUrl":"https:\/\/dev.aliseo.de\/wp-content\/uploads\/2024\/10\/ALI_Logo_schwarz.png","width":2551,"height":543,"caption":"ALISEO"},"image":{"@id":"https:\/\/dev.aliseo.de\/fr\/#\/schema\/logo\/image\/"},"sameAs":["https:\/\/www.facebook.com\/aliseogermany","https:\/\/www.youtube.com\/user\/aliseogermany","https:\/\/www.instagram.com\/aliseogermany\/","https:\/\/de.linkedin.com\/company\/aliseogermany"]}]}},"_links":{"self":[{"href":"https:\/\/dev.aliseo.de\/fr\/wp-json\/wp\/v2\/product\/11212","targetHints":{"allow":["GET"]}}],"collection":[{"href":"https:\/\/dev.aliseo.de\/fr\/wp-json\/wp\/v2\/product"}],"about":[{"href":"https:\/\/dev.aliseo.de\/fr\/wp-json\/wp\/v2\/types\/product"}],"replies":[{"embeddable":true,"href":"https:\/\/dev.aliseo.de\/fr\/wp-json\/wp\/v2\/comments?post=11212"}],"wp:featuredmedia":[{"embeddable":true,"href":"https:\/\/dev.aliseo.de\/fr\/wp-json\/wp\/v2\/media\/10571"}],"wp:attachment":[{"href":"https:\/\/dev.aliseo.de\/fr\/wp-json\/wp\/v2\/media?parent=11212"}],"wp:term":[{"taxonomy":"produktgruppe","embeddable":true,"href":"https:\/\/dev.aliseo.de\/fr\/wp-json\/wp\/v2\/produktgruppe?post=11212"},{"taxonomy":"product_brand","embeddable":true,"href":"https:\/\/dev.aliseo.de\/fr\/wp-json\/wp\/v2\/product_brand?post=11212"},{"taxonomy":"product_cat","embeddable":true,"href":"https:\/\/dev.aliseo.de\/fr\/wp-json\/wp\/v2\/product_cat?post=11212"},{"taxonomy":"product_tag","embeddable":true,"href":"https:\/\/dev.aliseo.de\/fr\/wp-json\/wp\/v2\/product_tag?post=11212"}],"curies":[{"name":"wp","href":"https:\/\/api.w.org\/{rel}","templated":true}]}}