{"id":11239,"date":"2024-11-12T11:11:40","date_gmt":"2024-11-12T11:11:40","guid":{"rendered":"https:\/\/compassionate-engelbart.185-243-11-33.plesk.page\/?post_type=product&#038;p=11239"},"modified":"2025-04-16T06:33:33","modified_gmt":"2025-04-16T06:33:33","slug":"face-non-eclaire-miroir-cosmetique","status":"publish","type":"product","link":"https:\/\/dev.aliseo.de\/fr\/produit\/face-non-eclaire-miroir-cosmetique\/","title":{"rendered":"FACE"},"content":{"rendered":"<p>Parfaitement simple &#8211; simplement parfait !<\/p>\n<p>Design minimaliste sur le double bras pivotant. Articulation pivotante et basculante solide et renforc\u00e9e pour un r\u00e9glage vertical int\u00e9gr\u00e9. Le miroir se replie \u00e0 plat contre le mur apr\u00e8s utilisation. Grossissement 3x de pr\u00e9cision dans un design ultra-mince et un diam\u00e8tre de 200 mm.   <\/p>\n","protected":false},"excerpt":{"rendered":"<p>Parfaitement simple &#8211; simplement parfait ! Design minimaliste sur le double bras pivotant. Articulation pivotante et basculante solide et renforc\u00e9e pour un r\u00e9glage vertical int\u00e9gr\u00e9. Le miroir se replie \u00e0 plat contre le mur apr\u00e8s utilisation. Grossissement 3x de pr\u00e9cision dans un design ultra-mince et un diam\u00e8tre de 200 mm.<\/p>\n","protected":false},"featured_media":10525,"comment_status":"closed","ping_status":"closed","template":"","meta":{"_acf_changed":false},"produktgruppe":[1823],"product_brand":[],"product_cat":[2236,2285,2296],"product_tag":[],"class_list":{"0":"post-11239","1":"product","2":"type-product","3":"status-publish","4":"has-post-thumbnail","6":"produktgruppe-f-a-c-e","7":"product_cat-f-a-c-e","8":"product_cat-miroir-cosmetique-non-lumineux","9":"product_cat-nu-finishes","11":"first","12":"instock","13":"shipping-taxable","14":"product-type-simple"},"acf":[],"yoast_head":"<!-- This site is optimized with the Yoast SEO plugin v27.2 - https:\/\/yoast.com\/product\/yoast-seo-wordpress\/ -->\n<title>FACE - ALISEO<\/title>\n<meta name=\"robots\" content=\"noindex, follow, max-snippet:-1, max-image-preview:large, max-video-preview:-1\" \/>\n<meta property=\"og:locale\" content=\"fr_FR\" \/>\n<meta property=\"og:type\" content=\"article\" \/>\n<meta property=\"og:title\" content=\"FACE - ALISEO\" \/>\n<meta property=\"og:description\" content=\"Parfaitement simple &#8211; simplement parfait ! Design minimaliste sur le double bras pivotant. Articulation pivotante et basculante solide et renforc\u00e9e pour un r\u00e9glage vertical int\u00e9gr\u00e9. Le miroir se replie \u00e0 plat contre le mur apr\u00e8s utilisation. Grossissement 3x de pr\u00e9cision dans un design ultra-mince et un diam\u00e8tre de 200 mm.\" \/>\n<meta property=\"og:url\" content=\"https:\/\/dev.aliseo.de\/fr\/produit\/face-non-eclaire-miroir-cosmetique\/\" \/>\n<meta property=\"og:site_name\" content=\"ALISEO\" \/>\n<meta property=\"article:publisher\" content=\"https:\/\/www.facebook.com\/aliseogermany\" \/>\n<meta property=\"article:modified_time\" content=\"2025-04-16T06:33:33+00:00\" \/>\n<meta property=\"og:image\" content=\"https:\/\/dev.aliseo.de\/wp-content\/uploads\/2024\/11\/020816_Kosmetikspiegel_Face.png\" \/>\n\t<meta property=\"og:image:width\" content=\"2500\" \/>\n\t<meta property=\"og:image:height\" content=\"2500\" \/>\n\t<meta property=\"og:image:type\" content=\"image\/png\" \/>\n<meta name=\"twitter:card\" content=\"summary_large_image\" \/>\n<script type=\"application\/ld+json\" class=\"yoast-schema-graph\">{\"@context\":\"https:\/\/schema.org\",\"@graph\":[{\"@type\":\"WebPage\",\"@id\":\"https:\/\/dev.aliseo.de\/fr\/produit\/face-non-eclaire-miroir-cosmetique\/\",\"url\":\"https:\/\/dev.aliseo.de\/fr\/produit\/face-non-eclaire-miroir-cosmetique\/\",\"name\":\"FACE - ALISEO\",\"isPartOf\":{\"@id\":\"https:\/\/dev.aliseo.de\/fr\/#website\"},\"primaryImageOfPage\":{\"@id\":\"https:\/\/dev.aliseo.de\/fr\/produit\/face-non-eclaire-miroir-cosmetique\/#primaryimage\"},\"image\":{\"@id\":\"https:\/\/dev.aliseo.de\/fr\/produit\/face-non-eclaire-miroir-cosmetique\/#primaryimage\"},\"thumbnailUrl\":\"https:\/\/dev.aliseo.de\/wp-content\/uploads\/2024\/11\/020816_Kosmetikspiegel_Face.png\",\"datePublished\":\"2024-11-12T11:11:40+00:00\",\"dateModified\":\"2025-04-16T06:33:33+00:00\",\"breadcrumb\":{\"@id\":\"https:\/\/dev.aliseo.de\/fr\/produit\/face-non-eclaire-miroir-cosmetique\/#breadcrumb\"},\"inLanguage\":\"fr-FR\",\"potentialAction\":[{\"@type\":\"ReadAction\",\"target\":[\"https:\/\/dev.aliseo.de\/fr\/produit\/face-non-eclaire-miroir-cosmetique\/\"]}]},{\"@type\":\"ImageObject\",\"inLanguage\":\"fr-FR\",\"@id\":\"https:\/\/dev.aliseo.de\/fr\/produit\/face-non-eclaire-miroir-cosmetique\/#primaryimage\",\"url\":\"https:\/\/dev.aliseo.de\/wp-content\/uploads\/2024\/11\/020816_Kosmetikspiegel_Face.png\",\"contentUrl\":\"https:\/\/dev.aliseo.de\/wp-content\/uploads\/2024\/11\/020816_Kosmetikspiegel_Face.png\",\"width\":2500,\"height\":2500},{\"@type\":\"BreadcrumbList\",\"@id\":\"https:\/\/dev.aliseo.de\/fr\/produit\/face-non-eclaire-miroir-cosmetique\/#breadcrumb\",\"itemListElement\":[{\"@type\":\"ListItem\",\"position\":1,\"name\":\"Startseite\",\"item\":\"https:\/\/dev.aliseo.de\/fr\/\"},{\"@type\":\"ListItem\",\"position\":2,\"name\":\"Shop\",\"item\":\"https:\/\/dev.aliseo.de\/fr\/shop\/\"},{\"@type\":\"ListItem\",\"position\":3,\"name\":\"FACE\"}]},{\"@type\":\"WebSite\",\"@id\":\"https:\/\/dev.aliseo.de\/fr\/#website\",\"url\":\"https:\/\/dev.aliseo.de\/fr\/\",\"name\":\"ALISEO\",\"description\":\"\",\"publisher\":{\"@id\":\"https:\/\/dev.aliseo.de\/fr\/#organization\"},\"potentialAction\":[{\"@type\":\"SearchAction\",\"target\":{\"@type\":\"EntryPoint\",\"urlTemplate\":\"https:\/\/dev.aliseo.de\/fr\/?s={search_term_string}\"},\"query-input\":{\"@type\":\"PropertyValueSpecification\",\"valueRequired\":true,\"valueName\":\"search_term_string\"}}],\"inLanguage\":\"fr-FR\"},{\"@type\":\"Organization\",\"@id\":\"https:\/\/dev.aliseo.de\/fr\/#organization\",\"name\":\"ALISEO\",\"url\":\"https:\/\/dev.aliseo.de\/fr\/\",\"logo\":{\"@type\":\"ImageObject\",\"inLanguage\":\"fr-FR\",\"@id\":\"https:\/\/dev.aliseo.de\/fr\/#\/schema\/logo\/image\/\",\"url\":\"https:\/\/dev.aliseo.de\/wp-content\/uploads\/2024\/10\/ALI_Logo_schwarz.png\",\"contentUrl\":\"https:\/\/dev.aliseo.de\/wp-content\/uploads\/2024\/10\/ALI_Logo_schwarz.png\",\"width\":2551,\"height\":543,\"caption\":\"ALISEO\"},\"image\":{\"@id\":\"https:\/\/dev.aliseo.de\/fr\/#\/schema\/logo\/image\/\"},\"sameAs\":[\"https:\/\/www.facebook.com\/aliseogermany\",\"https:\/\/www.youtube.com\/user\/aliseogermany\",\"https:\/\/www.instagram.com\/aliseogermany\/\",\"https:\/\/de.linkedin.com\/company\/aliseogermany\"]}]}<\/script>\n<!-- \/ Yoast SEO plugin. -->","yoast_head_json":{"title":"FACE - ALISEO","robots":{"index":"noindex","follow":"follow","max-snippet":"max-snippet:-1","max-image-preview":"max-image-preview:large","max-video-preview":"max-video-preview:-1"},"og_locale":"fr_FR","og_type":"article","og_title":"FACE - ALISEO","og_description":"Parfaitement simple &#8211; simplement parfait ! Design minimaliste sur le double bras pivotant. Articulation pivotante et basculante solide et renforc\u00e9e pour un r\u00e9glage vertical int\u00e9gr\u00e9. Le miroir se replie \u00e0 plat contre le mur apr\u00e8s utilisation. Grossissement 3x de pr\u00e9cision dans un design ultra-mince et un diam\u00e8tre de 200 mm.","og_url":"https:\/\/dev.aliseo.de\/fr\/produit\/face-non-eclaire-miroir-cosmetique\/","og_site_name":"ALISEO","article_publisher":"https:\/\/www.facebook.com\/aliseogermany","article_modified_time":"2025-04-16T06:33:33+00:00","og_image":[{"width":2500,"height":2500,"url":"https:\/\/dev.aliseo.de\/wp-content\/uploads\/2024\/11\/020816_Kosmetikspiegel_Face.png","type":"image\/png"}],"twitter_card":"summary_large_image","schema":{"@context":"https:\/\/schema.org","@graph":[{"@type":"WebPage","@id":"https:\/\/dev.aliseo.de\/fr\/produit\/face-non-eclaire-miroir-cosmetique\/","url":"https:\/\/dev.aliseo.de\/fr\/produit\/face-non-eclaire-miroir-cosmetique\/","name":"FACE - ALISEO","isPartOf":{"@id":"https:\/\/dev.aliseo.de\/fr\/#website"},"primaryImageOfPage":{"@id":"https:\/\/dev.aliseo.de\/fr\/produit\/face-non-eclaire-miroir-cosmetique\/#primaryimage"},"image":{"@id":"https:\/\/dev.aliseo.de\/fr\/produit\/face-non-eclaire-miroir-cosmetique\/#primaryimage"},"thumbnailUrl":"https:\/\/dev.aliseo.de\/wp-content\/uploads\/2024\/11\/020816_Kosmetikspiegel_Face.png","datePublished":"2024-11-12T11:11:40+00:00","dateModified":"2025-04-16T06:33:33+00:00","breadcrumb":{"@id":"https:\/\/dev.aliseo.de\/fr\/produit\/face-non-eclaire-miroir-cosmetique\/#breadcrumb"},"inLanguage":"fr-FR","potentialAction":[{"@type":"ReadAction","target":["https:\/\/dev.aliseo.de\/fr\/produit\/face-non-eclaire-miroir-cosmetique\/"]}]},{"@type":"ImageObject","inLanguage":"fr-FR","@id":"https:\/\/dev.aliseo.de\/fr\/produit\/face-non-eclaire-miroir-cosmetique\/#primaryimage","url":"https:\/\/dev.aliseo.de\/wp-content\/uploads\/2024\/11\/020816_Kosmetikspiegel_Face.png","contentUrl":"https:\/\/dev.aliseo.de\/wp-content\/uploads\/2024\/11\/020816_Kosmetikspiegel_Face.png","width":2500,"height":2500},{"@type":"BreadcrumbList","@id":"https:\/\/dev.aliseo.de\/fr\/produit\/face-non-eclaire-miroir-cosmetique\/#breadcrumb","itemListElement":[{"@type":"ListItem","position":1,"name":"Startseite","item":"https:\/\/dev.aliseo.de\/fr\/"},{"@type":"ListItem","position":2,"name":"Shop","item":"https:\/\/dev.aliseo.de\/fr\/shop\/"},{"@type":"ListItem","position":3,"name":"FACE"}]},{"@type":"WebSite","@id":"https:\/\/dev.aliseo.de\/fr\/#website","url":"https:\/\/dev.aliseo.de\/fr\/","name":"ALISEO","description":"","publisher":{"@id":"https:\/\/dev.aliseo.de\/fr\/#organization"},"potentialAction":[{"@type":"SearchAction","target":{"@type":"EntryPoint","urlTemplate":"https:\/\/dev.aliseo.de\/fr\/?s={search_term_string}"},"query-input":{"@type":"PropertyValueSpecification","valueRequired":true,"valueName":"search_term_string"}}],"inLanguage":"fr-FR"},{"@type":"Organization","@id":"https:\/\/dev.aliseo.de\/fr\/#organization","name":"ALISEO","url":"https:\/\/dev.aliseo.de\/fr\/","logo":{"@type":"ImageObject","inLanguage":"fr-FR","@id":"https:\/\/dev.aliseo.de\/fr\/#\/schema\/logo\/image\/","url":"https:\/\/dev.aliseo.de\/wp-content\/uploads\/2024\/10\/ALI_Logo_schwarz.png","contentUrl":"https:\/\/dev.aliseo.de\/wp-content\/uploads\/2024\/10\/ALI_Logo_schwarz.png","width":2551,"height":543,"caption":"ALISEO"},"image":{"@id":"https:\/\/dev.aliseo.de\/fr\/#\/schema\/logo\/image\/"},"sameAs":["https:\/\/www.facebook.com\/aliseogermany","https:\/\/www.youtube.com\/user\/aliseogermany","https:\/\/www.instagram.com\/aliseogermany\/","https:\/\/de.linkedin.com\/company\/aliseogermany"]}]}},"_links":{"self":[{"href":"https:\/\/dev.aliseo.de\/fr\/wp-json\/wp\/v2\/product\/11239","targetHints":{"allow":["GET"]}}],"collection":[{"href":"https:\/\/dev.aliseo.de\/fr\/wp-json\/wp\/v2\/product"}],"about":[{"href":"https:\/\/dev.aliseo.de\/fr\/wp-json\/wp\/v2\/types\/product"}],"replies":[{"embeddable":true,"href":"https:\/\/dev.aliseo.de\/fr\/wp-json\/wp\/v2\/comments?post=11239"}],"wp:featuredmedia":[{"embeddable":true,"href":"https:\/\/dev.aliseo.de\/fr\/wp-json\/wp\/v2\/media\/10525"}],"wp:attachment":[{"href":"https:\/\/dev.aliseo.de\/fr\/wp-json\/wp\/v2\/media?parent=11239"}],"wp:term":[{"taxonomy":"produktgruppe","embeddable":true,"href":"https:\/\/dev.aliseo.de\/fr\/wp-json\/wp\/v2\/produktgruppe?post=11239"},{"taxonomy":"product_brand","embeddable":true,"href":"https:\/\/dev.aliseo.de\/fr\/wp-json\/wp\/v2\/product_brand?post=11239"},{"taxonomy":"product_cat","embeddable":true,"href":"https:\/\/dev.aliseo.de\/fr\/wp-json\/wp\/v2\/product_cat?post=11239"},{"taxonomy":"product_tag","embeddable":true,"href":"https:\/\/dev.aliseo.de\/fr\/wp-json\/wp\/v2\/product_tag?post=11239"}],"curies":[{"name":"wp","href":"https:\/\/api.w.org\/{rel}","templated":true}]}}