{"id":11243,"date":"2024-11-12T11:10:52","date_gmt":"2024-11-12T11:10:52","guid":{"rendered":"https:\/\/compassionate-engelbart.185-243-11-33.plesk.page\/?post_type=product&#038;p=11243"},"modified":"2025-04-16T06:49:49","modified_gmt":"2025-04-16T06:49:49","slug":"led-city-light-eclaire-miroir-cosmetique-bras-pivotant-double-noir","status":"publish","type":"product","link":"https:\/\/dev.aliseo.de\/fr\/produit\/led-city-light-eclaire-miroir-cosmetique-bras-pivotant-double-noir\/","title":{"rendered":"LED City Light"},"content":{"rendered":"<p>\u00c9clairer le chemin<\/p>\n<p>Un diam\u00e8tre g\u00e9n\u00e9reux de 250 mm et un interrupteur pratique dans le socle mural d\u00e9passent les attentes des clients.<\/p>\n<ul>\n<li>miroir cosm\u00e9tique \u00e9clair\u00e9 sur le double bras pivotant<\/li>\n<li>Plateforme LED avec lumi\u00e8re chaude blanc-jaune<\/li>\n<li>50 000 heures d&rsquo;\u00e9clairage sans entretien<\/li>\n<li>grossissement 3x<\/li>\n<li>Composants en laiton<\/li>\n<li>Surface rev\u00eatue de poudre<\/li>\n<\/ul>\n","protected":false},"excerpt":{"rendered":"<p>\u00c9clairer le chemin Un diam\u00e8tre g\u00e9n\u00e9reux de 250 mm et un interrupteur pratique dans le socle mural d\u00e9passent les attentes des clients. miroir cosm\u00e9tique \u00e9clair\u00e9 sur le double bras pivotant Plateforme LED avec lumi\u00e8re chaude blanc-jaune 50 000 heures d&rsquo;\u00e9clairage sans entretien grossissement 3x Composants en laiton Surface rev\u00eatue de poudre<\/p>\n","protected":false},"featured_media":10481,"comment_status":"closed","ping_status":"closed","template":"","meta":{"_acf_changed":false},"produktgruppe":[1821],"product_brand":[],"product_cat":[2250,2286,2296],"product_tag":[],"class_list":{"0":"post-11243","1":"product","2":"type-product","3":"status-publish","4":"has-post-thumbnail","6":"produktgruppe-led-city-light","7":"product_cat-led-city-light","8":"product_cat-miroir-cosmetique-lumineux","9":"product_cat-nu-finishes","11":"first","12":"instock","13":"shipping-taxable","14":"product-type-simple"},"acf":[],"yoast_head":"<!-- This site is optimized with the Yoast SEO plugin v27.2 - https:\/\/yoast.com\/product\/yoast-seo-wordpress\/ -->\n<title>LED City Light - ALISEO<\/title>\n<meta name=\"robots\" content=\"noindex, follow, max-snippet:-1, max-image-preview:large, max-video-preview:-1\" \/>\n<meta property=\"og:locale\" content=\"fr_FR\" \/>\n<meta property=\"og:type\" content=\"article\" \/>\n<meta property=\"og:title\" content=\"LED City Light - ALISEO\" \/>\n<meta property=\"og:description\" content=\"\u00c9clairer le chemin Un diam\u00e8tre g\u00e9n\u00e9reux de 250 mm et un interrupteur pratique dans le socle mural d\u00e9passent les attentes des clients. miroir cosm\u00e9tique \u00e9clair\u00e9 sur le double bras pivotant Plateforme LED avec lumi\u00e8re chaude blanc-jaune 50 000 heures d&rsquo;\u00e9clairage sans entretien grossissement 3x Composants en laiton Surface rev\u00eatue de poudre\" \/>\n<meta property=\"og:url\" content=\"https:\/\/dev.aliseo.de\/fr\/produit\/led-city-light-eclaire-miroir-cosmetique-bras-pivotant-double-noir\/\" \/>\n<meta property=\"og:site_name\" content=\"ALISEO\" \/>\n<meta property=\"article:publisher\" content=\"https:\/\/www.facebook.com\/aliseogermany\" \/>\n<meta property=\"article:modified_time\" content=\"2025-04-16T06:49:49+00:00\" \/>\n<meta property=\"og:image\" content=\"https:\/\/dev.aliseo.de\/wp-content\/uploads\/2024\/11\/020801_Kosmetikspiegel.png\" \/>\n\t<meta property=\"og:image:width\" content=\"2500\" \/>\n\t<meta property=\"og:image:height\" content=\"2500\" \/>\n\t<meta property=\"og:image:type\" content=\"image\/png\" \/>\n<meta name=\"twitter:card\" content=\"summary_large_image\" \/>\n<meta name=\"twitter:label1\" content=\"Dur\u00e9e de lecture estim\u00e9e\" \/>\n\t<meta name=\"twitter:data1\" content=\"1 minute\" \/>\n<script type=\"application\/ld+json\" class=\"yoast-schema-graph\">{\"@context\":\"https:\/\/schema.org\",\"@graph\":[{\"@type\":\"WebPage\",\"@id\":\"https:\/\/dev.aliseo.de\/fr\/produit\/led-city-light-eclaire-miroir-cosmetique-bras-pivotant-double-noir\/\",\"url\":\"https:\/\/dev.aliseo.de\/fr\/produit\/led-city-light-eclaire-miroir-cosmetique-bras-pivotant-double-noir\/\",\"name\":\"LED City Light - ALISEO\",\"isPartOf\":{\"@id\":\"https:\/\/dev.aliseo.de\/fr\/#website\"},\"primaryImageOfPage\":{\"@id\":\"https:\/\/dev.aliseo.de\/fr\/produit\/led-city-light-eclaire-miroir-cosmetique-bras-pivotant-double-noir\/#primaryimage\"},\"image\":{\"@id\":\"https:\/\/dev.aliseo.de\/fr\/produit\/led-city-light-eclaire-miroir-cosmetique-bras-pivotant-double-noir\/#primaryimage\"},\"thumbnailUrl\":\"https:\/\/dev.aliseo.de\/wp-content\/uploads\/2024\/11\/020801_Kosmetikspiegel.png\",\"datePublished\":\"2024-11-12T11:10:52+00:00\",\"dateModified\":\"2025-04-16T06:49:49+00:00\",\"breadcrumb\":{\"@id\":\"https:\/\/dev.aliseo.de\/fr\/produit\/led-city-light-eclaire-miroir-cosmetique-bras-pivotant-double-noir\/#breadcrumb\"},\"inLanguage\":\"fr-FR\",\"potentialAction\":[{\"@type\":\"ReadAction\",\"target\":[\"https:\/\/dev.aliseo.de\/fr\/produit\/led-city-light-eclaire-miroir-cosmetique-bras-pivotant-double-noir\/\"]}]},{\"@type\":\"ImageObject\",\"inLanguage\":\"fr-FR\",\"@id\":\"https:\/\/dev.aliseo.de\/fr\/produit\/led-city-light-eclaire-miroir-cosmetique-bras-pivotant-double-noir\/#primaryimage\",\"url\":\"https:\/\/dev.aliseo.de\/wp-content\/uploads\/2024\/11\/020801_Kosmetikspiegel.png\",\"contentUrl\":\"https:\/\/dev.aliseo.de\/wp-content\/uploads\/2024\/11\/020801_Kosmetikspiegel.png\",\"width\":2500,\"height\":2500},{\"@type\":\"BreadcrumbList\",\"@id\":\"https:\/\/dev.aliseo.de\/fr\/produit\/led-city-light-eclaire-miroir-cosmetique-bras-pivotant-double-noir\/#breadcrumb\",\"itemListElement\":[{\"@type\":\"ListItem\",\"position\":1,\"name\":\"Startseite\",\"item\":\"https:\/\/dev.aliseo.de\/fr\/\"},{\"@type\":\"ListItem\",\"position\":2,\"name\":\"Shop\",\"item\":\"https:\/\/dev.aliseo.de\/fr\/shop\/\"},{\"@type\":\"ListItem\",\"position\":3,\"name\":\"LED City Light\"}]},{\"@type\":\"WebSite\",\"@id\":\"https:\/\/dev.aliseo.de\/fr\/#website\",\"url\":\"https:\/\/dev.aliseo.de\/fr\/\",\"name\":\"ALISEO\",\"description\":\"\",\"publisher\":{\"@id\":\"https:\/\/dev.aliseo.de\/fr\/#organization\"},\"potentialAction\":[{\"@type\":\"SearchAction\",\"target\":{\"@type\":\"EntryPoint\",\"urlTemplate\":\"https:\/\/dev.aliseo.de\/fr\/?s={search_term_string}\"},\"query-input\":{\"@type\":\"PropertyValueSpecification\",\"valueRequired\":true,\"valueName\":\"search_term_string\"}}],\"inLanguage\":\"fr-FR\"},{\"@type\":\"Organization\",\"@id\":\"https:\/\/dev.aliseo.de\/fr\/#organization\",\"name\":\"ALISEO\",\"url\":\"https:\/\/dev.aliseo.de\/fr\/\",\"logo\":{\"@type\":\"ImageObject\",\"inLanguage\":\"fr-FR\",\"@id\":\"https:\/\/dev.aliseo.de\/fr\/#\/schema\/logo\/image\/\",\"url\":\"https:\/\/dev.aliseo.de\/wp-content\/uploads\/2024\/10\/ALI_Logo_schwarz.png\",\"contentUrl\":\"https:\/\/dev.aliseo.de\/wp-content\/uploads\/2024\/10\/ALI_Logo_schwarz.png\",\"width\":2551,\"height\":543,\"caption\":\"ALISEO\"},\"image\":{\"@id\":\"https:\/\/dev.aliseo.de\/fr\/#\/schema\/logo\/image\/\"},\"sameAs\":[\"https:\/\/www.facebook.com\/aliseogermany\",\"https:\/\/www.youtube.com\/user\/aliseogermany\",\"https:\/\/www.instagram.com\/aliseogermany\/\",\"https:\/\/de.linkedin.com\/company\/aliseogermany\"]}]}<\/script>\n<!-- \/ Yoast SEO plugin. -->","yoast_head_json":{"title":"LED City Light - ALISEO","robots":{"index":"noindex","follow":"follow","max-snippet":"max-snippet:-1","max-image-preview":"max-image-preview:large","max-video-preview":"max-video-preview:-1"},"og_locale":"fr_FR","og_type":"article","og_title":"LED City Light - ALISEO","og_description":"\u00c9clairer le chemin Un diam\u00e8tre g\u00e9n\u00e9reux de 250 mm et un interrupteur pratique dans le socle mural d\u00e9passent les attentes des clients. miroir cosm\u00e9tique \u00e9clair\u00e9 sur le double bras pivotant Plateforme LED avec lumi\u00e8re chaude blanc-jaune 50 000 heures d&rsquo;\u00e9clairage sans entretien grossissement 3x Composants en laiton Surface rev\u00eatue de poudre","og_url":"https:\/\/dev.aliseo.de\/fr\/produit\/led-city-light-eclaire-miroir-cosmetique-bras-pivotant-double-noir\/","og_site_name":"ALISEO","article_publisher":"https:\/\/www.facebook.com\/aliseogermany","article_modified_time":"2025-04-16T06:49:49+00:00","og_image":[{"width":2500,"height":2500,"url":"https:\/\/dev.aliseo.de\/wp-content\/uploads\/2024\/11\/020801_Kosmetikspiegel.png","type":"image\/png"}],"twitter_card":"summary_large_image","twitter_misc":{"Dur\u00e9e de lecture estim\u00e9e":"1 minute"},"schema":{"@context":"https:\/\/schema.org","@graph":[{"@type":"WebPage","@id":"https:\/\/dev.aliseo.de\/fr\/produit\/led-city-light-eclaire-miroir-cosmetique-bras-pivotant-double-noir\/","url":"https:\/\/dev.aliseo.de\/fr\/produit\/led-city-light-eclaire-miroir-cosmetique-bras-pivotant-double-noir\/","name":"LED City Light - ALISEO","isPartOf":{"@id":"https:\/\/dev.aliseo.de\/fr\/#website"},"primaryImageOfPage":{"@id":"https:\/\/dev.aliseo.de\/fr\/produit\/led-city-light-eclaire-miroir-cosmetique-bras-pivotant-double-noir\/#primaryimage"},"image":{"@id":"https:\/\/dev.aliseo.de\/fr\/produit\/led-city-light-eclaire-miroir-cosmetique-bras-pivotant-double-noir\/#primaryimage"},"thumbnailUrl":"https:\/\/dev.aliseo.de\/wp-content\/uploads\/2024\/11\/020801_Kosmetikspiegel.png","datePublished":"2024-11-12T11:10:52+00:00","dateModified":"2025-04-16T06:49:49+00:00","breadcrumb":{"@id":"https:\/\/dev.aliseo.de\/fr\/produit\/led-city-light-eclaire-miroir-cosmetique-bras-pivotant-double-noir\/#breadcrumb"},"inLanguage":"fr-FR","potentialAction":[{"@type":"ReadAction","target":["https:\/\/dev.aliseo.de\/fr\/produit\/led-city-light-eclaire-miroir-cosmetique-bras-pivotant-double-noir\/"]}]},{"@type":"ImageObject","inLanguage":"fr-FR","@id":"https:\/\/dev.aliseo.de\/fr\/produit\/led-city-light-eclaire-miroir-cosmetique-bras-pivotant-double-noir\/#primaryimage","url":"https:\/\/dev.aliseo.de\/wp-content\/uploads\/2024\/11\/020801_Kosmetikspiegel.png","contentUrl":"https:\/\/dev.aliseo.de\/wp-content\/uploads\/2024\/11\/020801_Kosmetikspiegel.png","width":2500,"height":2500},{"@type":"BreadcrumbList","@id":"https:\/\/dev.aliseo.de\/fr\/produit\/led-city-light-eclaire-miroir-cosmetique-bras-pivotant-double-noir\/#breadcrumb","itemListElement":[{"@type":"ListItem","position":1,"name":"Startseite","item":"https:\/\/dev.aliseo.de\/fr\/"},{"@type":"ListItem","position":2,"name":"Shop","item":"https:\/\/dev.aliseo.de\/fr\/shop\/"},{"@type":"ListItem","position":3,"name":"LED City Light"}]},{"@type":"WebSite","@id":"https:\/\/dev.aliseo.de\/fr\/#website","url":"https:\/\/dev.aliseo.de\/fr\/","name":"ALISEO","description":"","publisher":{"@id":"https:\/\/dev.aliseo.de\/fr\/#organization"},"potentialAction":[{"@type":"SearchAction","target":{"@type":"EntryPoint","urlTemplate":"https:\/\/dev.aliseo.de\/fr\/?s={search_term_string}"},"query-input":{"@type":"PropertyValueSpecification","valueRequired":true,"valueName":"search_term_string"}}],"inLanguage":"fr-FR"},{"@type":"Organization","@id":"https:\/\/dev.aliseo.de\/fr\/#organization","name":"ALISEO","url":"https:\/\/dev.aliseo.de\/fr\/","logo":{"@type":"ImageObject","inLanguage":"fr-FR","@id":"https:\/\/dev.aliseo.de\/fr\/#\/schema\/logo\/image\/","url":"https:\/\/dev.aliseo.de\/wp-content\/uploads\/2024\/10\/ALI_Logo_schwarz.png","contentUrl":"https:\/\/dev.aliseo.de\/wp-content\/uploads\/2024\/10\/ALI_Logo_schwarz.png","width":2551,"height":543,"caption":"ALISEO"},"image":{"@id":"https:\/\/dev.aliseo.de\/fr\/#\/schema\/logo\/image\/"},"sameAs":["https:\/\/www.facebook.com\/aliseogermany","https:\/\/www.youtube.com\/user\/aliseogermany","https:\/\/www.instagram.com\/aliseogermany\/","https:\/\/de.linkedin.com\/company\/aliseogermany"]}]}},"_links":{"self":[{"href":"https:\/\/dev.aliseo.de\/fr\/wp-json\/wp\/v2\/product\/11243","targetHints":{"allow":["GET"]}}],"collection":[{"href":"https:\/\/dev.aliseo.de\/fr\/wp-json\/wp\/v2\/product"}],"about":[{"href":"https:\/\/dev.aliseo.de\/fr\/wp-json\/wp\/v2\/types\/product"}],"replies":[{"embeddable":true,"href":"https:\/\/dev.aliseo.de\/fr\/wp-json\/wp\/v2\/comments?post=11243"}],"wp:featuredmedia":[{"embeddable":true,"href":"https:\/\/dev.aliseo.de\/fr\/wp-json\/wp\/v2\/media\/10481"}],"wp:attachment":[{"href":"https:\/\/dev.aliseo.de\/fr\/wp-json\/wp\/v2\/media?parent=11243"}],"wp:term":[{"taxonomy":"produktgruppe","embeddable":true,"href":"https:\/\/dev.aliseo.de\/fr\/wp-json\/wp\/v2\/produktgruppe?post=11243"},{"taxonomy":"product_brand","embeddable":true,"href":"https:\/\/dev.aliseo.de\/fr\/wp-json\/wp\/v2\/product_brand?post=11243"},{"taxonomy":"product_cat","embeddable":true,"href":"https:\/\/dev.aliseo.de\/fr\/wp-json\/wp\/v2\/product_cat?post=11243"},{"taxonomy":"product_tag","embeddable":true,"href":"https:\/\/dev.aliseo.de\/fr\/wp-json\/wp\/v2\/product_tag?post=11243"}],"curies":[{"name":"wp","href":"https:\/\/api.w.org\/{rel}","templated":true}]}}