{"id":11371,"date":"2024-11-12T11:07:44","date_gmt":"2024-11-12T11:07:44","guid":{"rendered":"https:\/\/compassionate-engelbart.185-243-11-33.plesk.page\/?post_type=product&#038;p=11371"},"modified":"2025-04-15T09:09:11","modified_gmt":"2025-04-15T09:09:11","slug":"polarfox-seche-cheveux-drop-in","status":"publish","type":"product","link":"https:\/\/dev.aliseo.de\/fr\/produit\/polarfox-seche-cheveux-drop-in\/","title":{"rendered":"Renard polaire 1875"},"content":{"rendered":"<p>Performance de luxe s\u00e8che-cheveux pour h\u00f4tel<\/p>\n<p style=\"font-weight: 400;\">L&rsquo;\u00e9l\u00e9gance \u00e0 l&rsquo;\u00e9tat pur et la puissance \u00e0 plein r\u00e9gime. Le site POLARFOX 1875 d&rsquo;ALISEO est majestueusement \u00e9l\u00e9gant gr\u00e2ce \u00e0 sa finition blanche brillante, mais n&rsquo;a rien \u00e0 envier \u00e0 BLACK MAMBO et CARBONIC en termes de puissance. Gr\u00e2ce \u00e0 la technologie ION-TECH, les cheveux sont parfaitement prot\u00e9g\u00e9s pendant le s\u00e9chage.  <\/p>\n<ul>\n<li class=\"p1\">Support mural DROP-IN avec interrupteur d&rsquo;alimentation<\/li>\n<li class=\"p1\">Moteur AC<\/li>\n<li class=\"p1\">Technologie de s\u00e9chage ionique<\/li>\n<li class=\"p1\">S\u00e9lection de la temp\u00e9rature via 3 niveaux de commutation<\/li>\n<li class=\"p1\">2 vitesses de soufflerie<\/li>\n<li class=\"p1\">Bouton d&rsquo;air froid<\/li>\n<li class=\"p1\">Buse de forme amovible<\/li>\n<li class=\"p1\">Protection contre la surchauffe int\u00e9gr\u00e9e<\/li>\n<li class=\"p1\">C\u00e2ble spiral\u00e9, 60 &#8211; 150 cm<\/li>\n<li class=\"p1\">Double isolation (classe de protection II)<\/li>\n<li class=\"p1\">220-240 V, 50\/60 Hz<\/li>\n<li class=\"p1\">1875 W<\/li>\n<\/ul>\n","protected":false},"excerpt":{"rendered":"<p>Performance de luxe s\u00e8che-cheveux pour h\u00f4tel L&rsquo;\u00e9l\u00e9gance \u00e0 l&rsquo;\u00e9tat pur et la puissance \u00e0 plein r\u00e9gime. Le site POLARFOX 1875 d&rsquo;ALISEO est majestueusement \u00e9l\u00e9gant gr\u00e2ce \u00e0 sa finition blanche brillante, mais n&rsquo;a rien \u00e0 envier \u00e0 BLACK MAMBO et CARBONIC en termes de puissance. Gr\u00e2ce \u00e0 la technologie ION-TECH, les cheveux sont parfaitement prot\u00e9g\u00e9s pendant [&hellip;]<\/p>\n","protected":false},"featured_media":10008,"comment_status":"closed","ping_status":"closed","template":"","meta":{"_acf_changed":false},"produktgruppe":[1806],"product_brand":[],"product_cat":[2264,2284],"product_tag":[],"class_list":{"0":"post-11371","1":"product","2":"type-product","3":"status-publish","4":"has-post-thumbnail","6":"produktgruppe-polarfox-1875","7":"product_cat-polarfox","8":"product_cat-seche-cheveux-pour-hotel","10":"first","11":"instock","12":"shipping-taxable","13":"product-type-variable"},"acf":[],"yoast_head":"<!-- This site is optimized with the Yoast SEO plugin v27.2 - https:\/\/yoast.com\/product\/yoast-seo-wordpress\/ -->\n<title>Renard polaire 1875 - ALISEO<\/title>\n<meta name=\"robots\" content=\"noindex, follow, max-snippet:-1, max-image-preview:large, max-video-preview:-1\" \/>\n<meta property=\"og:locale\" content=\"fr_FR\" \/>\n<meta property=\"og:type\" content=\"article\" \/>\n<meta property=\"og:title\" content=\"Renard polaire 1875 - ALISEO\" \/>\n<meta property=\"og:description\" content=\"Performance de luxe s\u00e8che-cheveux pour h\u00f4tel L&rsquo;\u00e9l\u00e9gance \u00e0 l&rsquo;\u00e9tat pur et la puissance \u00e0 plein r\u00e9gime. Le site POLARFOX 1875 d&rsquo;ALISEO est majestueusement \u00e9l\u00e9gant gr\u00e2ce \u00e0 sa finition blanche brillante, mais n&rsquo;a rien \u00e0 envier \u00e0 BLACK MAMBO et CARBONIC en termes de puissance. Gr\u00e2ce \u00e0 la technologie ION-TECH, les cheveux sont parfaitement prot\u00e9g\u00e9s pendant [&hellip;]\" \/>\n<meta property=\"og:url\" content=\"https:\/\/dev.aliseo.de\/fr\/produit\/polarfox-seche-cheveux-drop-in\/\" \/>\n<meta property=\"og:site_name\" content=\"ALISEO\" \/>\n<meta property=\"article:publisher\" content=\"https:\/\/www.facebook.com\/aliseogermany\" \/>\n<meta property=\"article:modified_time\" content=\"2025-04-15T09:09:11+00:00\" \/>\n<meta property=\"og:image\" content=\"https:\/\/dev.aliseo.de\/wp-content\/uploads\/2024\/11\/010549_Haartrockner_Polarfox_Ring_Drop-In.png\" \/>\n\t<meta property=\"og:image:width\" content=\"2048\" \/>\n\t<meta property=\"og:image:height\" content=\"2048\" \/>\n\t<meta property=\"og:image:type\" content=\"image\/png\" \/>\n<meta name=\"twitter:card\" content=\"summary_large_image\" \/>\n<meta name=\"twitter:label1\" content=\"Dur\u00e9e de lecture estim\u00e9e\" \/>\n\t<meta name=\"twitter:data1\" content=\"1 minute\" \/>\n<script type=\"application\/ld+json\" class=\"yoast-schema-graph\">{\"@context\":\"https:\/\/schema.org\",\"@graph\":[{\"@type\":\"WebPage\",\"@id\":\"https:\/\/dev.aliseo.de\/fr\/produit\/polarfox-seche-cheveux-drop-in\/\",\"url\":\"https:\/\/dev.aliseo.de\/fr\/produit\/polarfox-seche-cheveux-drop-in\/\",\"name\":\"Renard polaire 1875 - ALISEO\",\"isPartOf\":{\"@id\":\"https:\/\/dev.aliseo.de\/fr\/#website\"},\"primaryImageOfPage\":{\"@id\":\"https:\/\/dev.aliseo.de\/fr\/produit\/polarfox-seche-cheveux-drop-in\/#primaryimage\"},\"image\":{\"@id\":\"https:\/\/dev.aliseo.de\/fr\/produit\/polarfox-seche-cheveux-drop-in\/#primaryimage\"},\"thumbnailUrl\":\"https:\/\/dev.aliseo.de\/wp-content\/uploads\/2024\/11\/010549_Haartrockner_Polarfox_Ring_Drop-In.png\",\"datePublished\":\"2024-11-12T11:07:44+00:00\",\"dateModified\":\"2025-04-15T09:09:11+00:00\",\"breadcrumb\":{\"@id\":\"https:\/\/dev.aliseo.de\/fr\/produit\/polarfox-seche-cheveux-drop-in\/#breadcrumb\"},\"inLanguage\":\"fr-FR\",\"potentialAction\":[{\"@type\":\"ReadAction\",\"target\":[\"https:\/\/dev.aliseo.de\/fr\/produit\/polarfox-seche-cheveux-drop-in\/\"]}]},{\"@type\":\"ImageObject\",\"inLanguage\":\"fr-FR\",\"@id\":\"https:\/\/dev.aliseo.de\/fr\/produit\/polarfox-seche-cheveux-drop-in\/#primaryimage\",\"url\":\"https:\/\/dev.aliseo.de\/wp-content\/uploads\/2024\/11\/010549_Haartrockner_Polarfox_Ring_Drop-In.png\",\"contentUrl\":\"https:\/\/dev.aliseo.de\/wp-content\/uploads\/2024\/11\/010549_Haartrockner_Polarfox_Ring_Drop-In.png\",\"width\":2048,\"height\":2048},{\"@type\":\"BreadcrumbList\",\"@id\":\"https:\/\/dev.aliseo.de\/fr\/produit\/polarfox-seche-cheveux-drop-in\/#breadcrumb\",\"itemListElement\":[{\"@type\":\"ListItem\",\"position\":1,\"name\":\"Startseite\",\"item\":\"https:\/\/dev.aliseo.de\/fr\/\"},{\"@type\":\"ListItem\",\"position\":2,\"name\":\"Shop\",\"item\":\"https:\/\/dev.aliseo.de\/fr\/shop\/\"},{\"@type\":\"ListItem\",\"position\":3,\"name\":\"Renard polaire 1875\"}]},{\"@type\":\"WebSite\",\"@id\":\"https:\/\/dev.aliseo.de\/fr\/#website\",\"url\":\"https:\/\/dev.aliseo.de\/fr\/\",\"name\":\"ALISEO\",\"description\":\"\",\"publisher\":{\"@id\":\"https:\/\/dev.aliseo.de\/fr\/#organization\"},\"potentialAction\":[{\"@type\":\"SearchAction\",\"target\":{\"@type\":\"EntryPoint\",\"urlTemplate\":\"https:\/\/dev.aliseo.de\/fr\/?s={search_term_string}\"},\"query-input\":{\"@type\":\"PropertyValueSpecification\",\"valueRequired\":true,\"valueName\":\"search_term_string\"}}],\"inLanguage\":\"fr-FR\"},{\"@type\":\"Organization\",\"@id\":\"https:\/\/dev.aliseo.de\/fr\/#organization\",\"name\":\"ALISEO\",\"url\":\"https:\/\/dev.aliseo.de\/fr\/\",\"logo\":{\"@type\":\"ImageObject\",\"inLanguage\":\"fr-FR\",\"@id\":\"https:\/\/dev.aliseo.de\/fr\/#\/schema\/logo\/image\/\",\"url\":\"https:\/\/dev.aliseo.de\/wp-content\/uploads\/2024\/10\/ALI_Logo_schwarz.png\",\"contentUrl\":\"https:\/\/dev.aliseo.de\/wp-content\/uploads\/2024\/10\/ALI_Logo_schwarz.png\",\"width\":2551,\"height\":543,\"caption\":\"ALISEO\"},\"image\":{\"@id\":\"https:\/\/dev.aliseo.de\/fr\/#\/schema\/logo\/image\/\"},\"sameAs\":[\"https:\/\/www.facebook.com\/aliseogermany\",\"https:\/\/www.youtube.com\/user\/aliseogermany\",\"https:\/\/www.instagram.com\/aliseogermany\/\",\"https:\/\/de.linkedin.com\/company\/aliseogermany\"]}]}<\/script>\n<!-- \/ Yoast SEO plugin. -->","yoast_head_json":{"title":"Renard polaire 1875 - ALISEO","robots":{"index":"noindex","follow":"follow","max-snippet":"max-snippet:-1","max-image-preview":"max-image-preview:large","max-video-preview":"max-video-preview:-1"},"og_locale":"fr_FR","og_type":"article","og_title":"Renard polaire 1875 - ALISEO","og_description":"Performance de luxe s\u00e8che-cheveux pour h\u00f4tel L&rsquo;\u00e9l\u00e9gance \u00e0 l&rsquo;\u00e9tat pur et la puissance \u00e0 plein r\u00e9gime. Le site POLARFOX 1875 d&rsquo;ALISEO est majestueusement \u00e9l\u00e9gant gr\u00e2ce \u00e0 sa finition blanche brillante, mais n&rsquo;a rien \u00e0 envier \u00e0 BLACK MAMBO et CARBONIC en termes de puissance. Gr\u00e2ce \u00e0 la technologie ION-TECH, les cheveux sont parfaitement prot\u00e9g\u00e9s pendant [&hellip;]","og_url":"https:\/\/dev.aliseo.de\/fr\/produit\/polarfox-seche-cheveux-drop-in\/","og_site_name":"ALISEO","article_publisher":"https:\/\/www.facebook.com\/aliseogermany","article_modified_time":"2025-04-15T09:09:11+00:00","og_image":[{"width":2048,"height":2048,"url":"https:\/\/dev.aliseo.de\/wp-content\/uploads\/2024\/11\/010549_Haartrockner_Polarfox_Ring_Drop-In.png","type":"image\/png"}],"twitter_card":"summary_large_image","twitter_misc":{"Dur\u00e9e de lecture estim\u00e9e":"1 minute"},"schema":{"@context":"https:\/\/schema.org","@graph":[{"@type":"WebPage","@id":"https:\/\/dev.aliseo.de\/fr\/produit\/polarfox-seche-cheveux-drop-in\/","url":"https:\/\/dev.aliseo.de\/fr\/produit\/polarfox-seche-cheveux-drop-in\/","name":"Renard polaire 1875 - ALISEO","isPartOf":{"@id":"https:\/\/dev.aliseo.de\/fr\/#website"},"primaryImageOfPage":{"@id":"https:\/\/dev.aliseo.de\/fr\/produit\/polarfox-seche-cheveux-drop-in\/#primaryimage"},"image":{"@id":"https:\/\/dev.aliseo.de\/fr\/produit\/polarfox-seche-cheveux-drop-in\/#primaryimage"},"thumbnailUrl":"https:\/\/dev.aliseo.de\/wp-content\/uploads\/2024\/11\/010549_Haartrockner_Polarfox_Ring_Drop-In.png","datePublished":"2024-11-12T11:07:44+00:00","dateModified":"2025-04-15T09:09:11+00:00","breadcrumb":{"@id":"https:\/\/dev.aliseo.de\/fr\/produit\/polarfox-seche-cheveux-drop-in\/#breadcrumb"},"inLanguage":"fr-FR","potentialAction":[{"@type":"ReadAction","target":["https:\/\/dev.aliseo.de\/fr\/produit\/polarfox-seche-cheveux-drop-in\/"]}]},{"@type":"ImageObject","inLanguage":"fr-FR","@id":"https:\/\/dev.aliseo.de\/fr\/produit\/polarfox-seche-cheveux-drop-in\/#primaryimage","url":"https:\/\/dev.aliseo.de\/wp-content\/uploads\/2024\/11\/010549_Haartrockner_Polarfox_Ring_Drop-In.png","contentUrl":"https:\/\/dev.aliseo.de\/wp-content\/uploads\/2024\/11\/010549_Haartrockner_Polarfox_Ring_Drop-In.png","width":2048,"height":2048},{"@type":"BreadcrumbList","@id":"https:\/\/dev.aliseo.de\/fr\/produit\/polarfox-seche-cheveux-drop-in\/#breadcrumb","itemListElement":[{"@type":"ListItem","position":1,"name":"Startseite","item":"https:\/\/dev.aliseo.de\/fr\/"},{"@type":"ListItem","position":2,"name":"Shop","item":"https:\/\/dev.aliseo.de\/fr\/shop\/"},{"@type":"ListItem","position":3,"name":"Renard polaire 1875"}]},{"@type":"WebSite","@id":"https:\/\/dev.aliseo.de\/fr\/#website","url":"https:\/\/dev.aliseo.de\/fr\/","name":"ALISEO","description":"","publisher":{"@id":"https:\/\/dev.aliseo.de\/fr\/#organization"},"potentialAction":[{"@type":"SearchAction","target":{"@type":"EntryPoint","urlTemplate":"https:\/\/dev.aliseo.de\/fr\/?s={search_term_string}"},"query-input":{"@type":"PropertyValueSpecification","valueRequired":true,"valueName":"search_term_string"}}],"inLanguage":"fr-FR"},{"@type":"Organization","@id":"https:\/\/dev.aliseo.de\/fr\/#organization","name":"ALISEO","url":"https:\/\/dev.aliseo.de\/fr\/","logo":{"@type":"ImageObject","inLanguage":"fr-FR","@id":"https:\/\/dev.aliseo.de\/fr\/#\/schema\/logo\/image\/","url":"https:\/\/dev.aliseo.de\/wp-content\/uploads\/2024\/10\/ALI_Logo_schwarz.png","contentUrl":"https:\/\/dev.aliseo.de\/wp-content\/uploads\/2024\/10\/ALI_Logo_schwarz.png","width":2551,"height":543,"caption":"ALISEO"},"image":{"@id":"https:\/\/dev.aliseo.de\/fr\/#\/schema\/logo\/image\/"},"sameAs":["https:\/\/www.facebook.com\/aliseogermany","https:\/\/www.youtube.com\/user\/aliseogermany","https:\/\/www.instagram.com\/aliseogermany\/","https:\/\/de.linkedin.com\/company\/aliseogermany"]}]}},"_links":{"self":[{"href":"https:\/\/dev.aliseo.de\/fr\/wp-json\/wp\/v2\/product\/11371","targetHints":{"allow":["GET"]}}],"collection":[{"href":"https:\/\/dev.aliseo.de\/fr\/wp-json\/wp\/v2\/product"}],"about":[{"href":"https:\/\/dev.aliseo.de\/fr\/wp-json\/wp\/v2\/types\/product"}],"replies":[{"embeddable":true,"href":"https:\/\/dev.aliseo.de\/fr\/wp-json\/wp\/v2\/comments?post=11371"}],"wp:featuredmedia":[{"embeddable":true,"href":"https:\/\/dev.aliseo.de\/fr\/wp-json\/wp\/v2\/media\/10008"}],"wp:attachment":[{"href":"https:\/\/dev.aliseo.de\/fr\/wp-json\/wp\/v2\/media?parent=11371"}],"wp:term":[{"taxonomy":"produktgruppe","embeddable":true,"href":"https:\/\/dev.aliseo.de\/fr\/wp-json\/wp\/v2\/produktgruppe?post=11371"},{"taxonomy":"product_brand","embeddable":true,"href":"https:\/\/dev.aliseo.de\/fr\/wp-json\/wp\/v2\/product_brand?post=11371"},{"taxonomy":"product_cat","embeddable":true,"href":"https:\/\/dev.aliseo.de\/fr\/wp-json\/wp\/v2\/product_cat?post=11371"},{"taxonomy":"product_tag","embeddable":true,"href":"https:\/\/dev.aliseo.de\/fr\/wp-json\/wp\/v2\/product_tag?post=11371"}],"curies":[{"name":"wp","href":"https:\/\/api.w.org\/{rel}","templated":true}]}}