{"id":11379,"date":"2024-11-12T11:07:15","date_gmt":"2024-11-12T11:07:15","guid":{"rendered":"https:\/\/compassionate-engelbart.185-243-11-33.plesk.page\/?post_type=product&#038;p=11379"},"modified":"2025-04-16T06:28:47","modified_gmt":"2025-04-16T06:28:47","slug":"led-moon-dance-eclaire-miroir-cosmetique-modele-sur-pied","status":"publish","type":"product","link":"https:\/\/dev.aliseo.de\/fr\/produit\/led-moon-dance-eclaire-miroir-cosmetique-modele-sur-pied\/","title":{"rendered":"LED Moon Dance"},"content":{"rendered":"<p>L&rsquo;amour au premier jour<\/p>\n<p>Construit pour ALISEO par sieger design. Les mat\u00e9riaux les plus fins, une finition minutieuse, une construction solide et une technologie d&rsquo;\u00e9clairage moderne conf\u00e8rent robustesse et long\u00e9vit\u00e9. <\/p>\n<ul>\n<li>Illumin\u00e9 miroir cosm\u00e9tique &#8211; sur pied<\/li>\n<li>\u00c9clairage \u00e0 LED SMD avec technologie T3<\/li>\n<li>Choix entre une lumi\u00e8re du jour claire ou une lumi\u00e8re du soir chaude<\/li>\n<li>Le bo\u00eetier en acrylique translucide diffuse la lumi\u00e8re dans toutes les directions<\/li>\n<li>Articulation \u00e0 rotule pour une libert\u00e9 de mouvement optimale<\/li>\n<li>Pied antid\u00e9rapant<\/li>\n<li>50 000 heures d&rsquo;\u00e9clairage sans entretien<\/li>\n<li>grossissement 3x<\/li>\n<\/ul>\n","protected":false},"excerpt":{"rendered":"<p>L&rsquo;amour au premier jour Construit pour ALISEO par sieger design. Les mat\u00e9riaux les plus fins, une finition minutieuse, une construction solide et une technologie d&rsquo;\u00e9clairage moderne conf\u00e8rent robustesse et long\u00e9vit\u00e9. Illumin\u00e9 miroir cosm\u00e9tique &#8211; sur pied \u00c9clairage \u00e0 LED SMD avec technologie T3 Choix entre une lumi\u00e8re du jour claire ou une lumi\u00e8re du soir [&hellip;]<\/p>\n","protected":false},"featured_media":9935,"comment_status":"closed","ping_status":"closed","template":"","meta":{"_acf_changed":false},"produktgruppe":[1816],"product_brand":[],"product_cat":[2271,2286,2296],"product_tag":[],"class_list":{"0":"post-11379","1":"product","2":"type-product","3":"status-publish","4":"has-post-thumbnail","6":"produktgruppe-led-moon-dance","7":"product_cat-led-moon-dance","8":"product_cat-miroir-cosmetique-lumineux","9":"product_cat-nu-finishes","11":"first","12":"instock","13":"shipping-taxable","14":"product-type-simple"},"acf":[],"yoast_head":"<!-- This site is optimized with the Yoast SEO plugin v27.2 - https:\/\/yoast.com\/product\/yoast-seo-wordpress\/ -->\n<title>LED Moon Dance - ALISEO<\/title>\n<meta name=\"robots\" content=\"noindex, follow, max-snippet:-1, max-image-preview:large, max-video-preview:-1\" \/>\n<meta property=\"og:locale\" content=\"fr_FR\" \/>\n<meta property=\"og:type\" content=\"article\" \/>\n<meta property=\"og:title\" content=\"LED Moon Dance - ALISEO\" \/>\n<meta property=\"og:description\" content=\"L&rsquo;amour au premier jour Construit pour ALISEO par sieger design. Les mat\u00e9riaux les plus fins, une finition minutieuse, une construction solide et une technologie d&rsquo;\u00e9clairage moderne conf\u00e8rent robustesse et long\u00e9vit\u00e9. Illumin\u00e9 miroir cosm\u00e9tique &#8211; sur pied \u00c9clairage \u00e0 LED SMD avec technologie T3 Choix entre une lumi\u00e8re du jour claire ou une lumi\u00e8re du soir [&hellip;]\" \/>\n<meta property=\"og:url\" content=\"https:\/\/dev.aliseo.de\/fr\/produit\/led-moon-dance-eclaire-miroir-cosmetique-modele-sur-pied\/\" \/>\n<meta property=\"og:site_name\" content=\"ALISEO\" \/>\n<meta property=\"article:publisher\" content=\"https:\/\/www.facebook.com\/aliseogermany\" \/>\n<meta property=\"article:modified_time\" content=\"2025-04-16T06:28:47+00:00\" \/>\n<meta property=\"og:image\" content=\"https:\/\/dev.aliseo.de\/wp-content\/uploads\/2024\/11\/020759_Kosmetikspiegel_LED-MOONDANCE-1024x1024.png\" \/>\n\t<meta property=\"og:image:width\" content=\"1024\" \/>\n\t<meta property=\"og:image:height\" content=\"1024\" \/>\n\t<meta property=\"og:image:type\" content=\"image\/png\" \/>\n<meta name=\"twitter:card\" content=\"summary_large_image\" \/>\n<script type=\"application\/ld+json\" class=\"yoast-schema-graph\">{\"@context\":\"https:\/\/schema.org\",\"@graph\":[{\"@type\":\"WebPage\",\"@id\":\"https:\/\/dev.aliseo.de\/fr\/produit\/led-moon-dance-eclaire-miroir-cosmetique-modele-sur-pied\/\",\"url\":\"https:\/\/dev.aliseo.de\/fr\/produit\/led-moon-dance-eclaire-miroir-cosmetique-modele-sur-pied\/\",\"name\":\"LED Moon Dance - ALISEO\",\"isPartOf\":{\"@id\":\"https:\/\/dev.aliseo.de\/fr\/#website\"},\"primaryImageOfPage\":{\"@id\":\"https:\/\/dev.aliseo.de\/fr\/produit\/led-moon-dance-eclaire-miroir-cosmetique-modele-sur-pied\/#primaryimage\"},\"image\":{\"@id\":\"https:\/\/dev.aliseo.de\/fr\/produit\/led-moon-dance-eclaire-miroir-cosmetique-modele-sur-pied\/#primaryimage\"},\"thumbnailUrl\":\"https:\/\/dev.aliseo.de\/wp-content\/uploads\/2024\/11\/020759_Kosmetikspiegel_LED-MOONDANCE.png\",\"datePublished\":\"2024-11-12T11:07:15+00:00\",\"dateModified\":\"2025-04-16T06:28:47+00:00\",\"breadcrumb\":{\"@id\":\"https:\/\/dev.aliseo.de\/fr\/produit\/led-moon-dance-eclaire-miroir-cosmetique-modele-sur-pied\/#breadcrumb\"},\"inLanguage\":\"fr-FR\",\"potentialAction\":[{\"@type\":\"ReadAction\",\"target\":[\"https:\/\/dev.aliseo.de\/fr\/produit\/led-moon-dance-eclaire-miroir-cosmetique-modele-sur-pied\/\"]}]},{\"@type\":\"ImageObject\",\"inLanguage\":\"fr-FR\",\"@id\":\"https:\/\/dev.aliseo.de\/fr\/produit\/led-moon-dance-eclaire-miroir-cosmetique-modele-sur-pied\/#primaryimage\",\"url\":\"https:\/\/dev.aliseo.de\/wp-content\/uploads\/2024\/11\/020759_Kosmetikspiegel_LED-MOONDANCE.png\",\"contentUrl\":\"https:\/\/dev.aliseo.de\/wp-content\/uploads\/2024\/11\/020759_Kosmetikspiegel_LED-MOONDANCE.png\",\"width\":2500,\"height\":2500},{\"@type\":\"BreadcrumbList\",\"@id\":\"https:\/\/dev.aliseo.de\/fr\/produit\/led-moon-dance-eclaire-miroir-cosmetique-modele-sur-pied\/#breadcrumb\",\"itemListElement\":[{\"@type\":\"ListItem\",\"position\":1,\"name\":\"Startseite\",\"item\":\"https:\/\/dev.aliseo.de\/fr\/\"},{\"@type\":\"ListItem\",\"position\":2,\"name\":\"Shop\",\"item\":\"https:\/\/dev.aliseo.de\/fr\/shop\/\"},{\"@type\":\"ListItem\",\"position\":3,\"name\":\"LED Moon Dance\"}]},{\"@type\":\"WebSite\",\"@id\":\"https:\/\/dev.aliseo.de\/fr\/#website\",\"url\":\"https:\/\/dev.aliseo.de\/fr\/\",\"name\":\"ALISEO\",\"description\":\"\",\"publisher\":{\"@id\":\"https:\/\/dev.aliseo.de\/fr\/#organization\"},\"potentialAction\":[{\"@type\":\"SearchAction\",\"target\":{\"@type\":\"EntryPoint\",\"urlTemplate\":\"https:\/\/dev.aliseo.de\/fr\/?s={search_term_string}\"},\"query-input\":{\"@type\":\"PropertyValueSpecification\",\"valueRequired\":true,\"valueName\":\"search_term_string\"}}],\"inLanguage\":\"fr-FR\"},{\"@type\":\"Organization\",\"@id\":\"https:\/\/dev.aliseo.de\/fr\/#organization\",\"name\":\"ALISEO\",\"url\":\"https:\/\/dev.aliseo.de\/fr\/\",\"logo\":{\"@type\":\"ImageObject\",\"inLanguage\":\"fr-FR\",\"@id\":\"https:\/\/dev.aliseo.de\/fr\/#\/schema\/logo\/image\/\",\"url\":\"https:\/\/dev.aliseo.de\/wp-content\/uploads\/2024\/10\/ALI_Logo_schwarz.png\",\"contentUrl\":\"https:\/\/dev.aliseo.de\/wp-content\/uploads\/2024\/10\/ALI_Logo_schwarz.png\",\"width\":2551,\"height\":543,\"caption\":\"ALISEO\"},\"image\":{\"@id\":\"https:\/\/dev.aliseo.de\/fr\/#\/schema\/logo\/image\/\"},\"sameAs\":[\"https:\/\/www.facebook.com\/aliseogermany\",\"https:\/\/www.youtube.com\/user\/aliseogermany\",\"https:\/\/www.instagram.com\/aliseogermany\/\",\"https:\/\/de.linkedin.com\/company\/aliseogermany\"]}]}<\/script>\n<!-- \/ Yoast SEO plugin. -->","yoast_head_json":{"title":"LED Moon Dance - ALISEO","robots":{"index":"noindex","follow":"follow","max-snippet":"max-snippet:-1","max-image-preview":"max-image-preview:large","max-video-preview":"max-video-preview:-1"},"og_locale":"fr_FR","og_type":"article","og_title":"LED Moon Dance - ALISEO","og_description":"L&rsquo;amour au premier jour Construit pour ALISEO par sieger design. Les mat\u00e9riaux les plus fins, une finition minutieuse, une construction solide et une technologie d&rsquo;\u00e9clairage moderne conf\u00e8rent robustesse et long\u00e9vit\u00e9. Illumin\u00e9 miroir cosm\u00e9tique &#8211; sur pied \u00c9clairage \u00e0 LED SMD avec technologie T3 Choix entre une lumi\u00e8re du jour claire ou une lumi\u00e8re du soir [&hellip;]","og_url":"https:\/\/dev.aliseo.de\/fr\/produit\/led-moon-dance-eclaire-miroir-cosmetique-modele-sur-pied\/","og_site_name":"ALISEO","article_publisher":"https:\/\/www.facebook.com\/aliseogermany","article_modified_time":"2025-04-16T06:28:47+00:00","og_image":[{"width":1024,"height":1024,"url":"https:\/\/dev.aliseo.de\/wp-content\/uploads\/2024\/11\/020759_Kosmetikspiegel_LED-MOONDANCE-1024x1024.png","type":"image\/png"}],"twitter_card":"summary_large_image","schema":{"@context":"https:\/\/schema.org","@graph":[{"@type":"WebPage","@id":"https:\/\/dev.aliseo.de\/fr\/produit\/led-moon-dance-eclaire-miroir-cosmetique-modele-sur-pied\/","url":"https:\/\/dev.aliseo.de\/fr\/produit\/led-moon-dance-eclaire-miroir-cosmetique-modele-sur-pied\/","name":"LED Moon Dance - ALISEO","isPartOf":{"@id":"https:\/\/dev.aliseo.de\/fr\/#website"},"primaryImageOfPage":{"@id":"https:\/\/dev.aliseo.de\/fr\/produit\/led-moon-dance-eclaire-miroir-cosmetique-modele-sur-pied\/#primaryimage"},"image":{"@id":"https:\/\/dev.aliseo.de\/fr\/produit\/led-moon-dance-eclaire-miroir-cosmetique-modele-sur-pied\/#primaryimage"},"thumbnailUrl":"https:\/\/dev.aliseo.de\/wp-content\/uploads\/2024\/11\/020759_Kosmetikspiegel_LED-MOONDANCE.png","datePublished":"2024-11-12T11:07:15+00:00","dateModified":"2025-04-16T06:28:47+00:00","breadcrumb":{"@id":"https:\/\/dev.aliseo.de\/fr\/produit\/led-moon-dance-eclaire-miroir-cosmetique-modele-sur-pied\/#breadcrumb"},"inLanguage":"fr-FR","potentialAction":[{"@type":"ReadAction","target":["https:\/\/dev.aliseo.de\/fr\/produit\/led-moon-dance-eclaire-miroir-cosmetique-modele-sur-pied\/"]}]},{"@type":"ImageObject","inLanguage":"fr-FR","@id":"https:\/\/dev.aliseo.de\/fr\/produit\/led-moon-dance-eclaire-miroir-cosmetique-modele-sur-pied\/#primaryimage","url":"https:\/\/dev.aliseo.de\/wp-content\/uploads\/2024\/11\/020759_Kosmetikspiegel_LED-MOONDANCE.png","contentUrl":"https:\/\/dev.aliseo.de\/wp-content\/uploads\/2024\/11\/020759_Kosmetikspiegel_LED-MOONDANCE.png","width":2500,"height":2500},{"@type":"BreadcrumbList","@id":"https:\/\/dev.aliseo.de\/fr\/produit\/led-moon-dance-eclaire-miroir-cosmetique-modele-sur-pied\/#breadcrumb","itemListElement":[{"@type":"ListItem","position":1,"name":"Startseite","item":"https:\/\/dev.aliseo.de\/fr\/"},{"@type":"ListItem","position":2,"name":"Shop","item":"https:\/\/dev.aliseo.de\/fr\/shop\/"},{"@type":"ListItem","position":3,"name":"LED Moon Dance"}]},{"@type":"WebSite","@id":"https:\/\/dev.aliseo.de\/fr\/#website","url":"https:\/\/dev.aliseo.de\/fr\/","name":"ALISEO","description":"","publisher":{"@id":"https:\/\/dev.aliseo.de\/fr\/#organization"},"potentialAction":[{"@type":"SearchAction","target":{"@type":"EntryPoint","urlTemplate":"https:\/\/dev.aliseo.de\/fr\/?s={search_term_string}"},"query-input":{"@type":"PropertyValueSpecification","valueRequired":true,"valueName":"search_term_string"}}],"inLanguage":"fr-FR"},{"@type":"Organization","@id":"https:\/\/dev.aliseo.de\/fr\/#organization","name":"ALISEO","url":"https:\/\/dev.aliseo.de\/fr\/","logo":{"@type":"ImageObject","inLanguage":"fr-FR","@id":"https:\/\/dev.aliseo.de\/fr\/#\/schema\/logo\/image\/","url":"https:\/\/dev.aliseo.de\/wp-content\/uploads\/2024\/10\/ALI_Logo_schwarz.png","contentUrl":"https:\/\/dev.aliseo.de\/wp-content\/uploads\/2024\/10\/ALI_Logo_schwarz.png","width":2551,"height":543,"caption":"ALISEO"},"image":{"@id":"https:\/\/dev.aliseo.de\/fr\/#\/schema\/logo\/image\/"},"sameAs":["https:\/\/www.facebook.com\/aliseogermany","https:\/\/www.youtube.com\/user\/aliseogermany","https:\/\/www.instagram.com\/aliseogermany\/","https:\/\/de.linkedin.com\/company\/aliseogermany"]}]}},"_links":{"self":[{"href":"https:\/\/dev.aliseo.de\/fr\/wp-json\/wp\/v2\/product\/11379","targetHints":{"allow":["GET"]}}],"collection":[{"href":"https:\/\/dev.aliseo.de\/fr\/wp-json\/wp\/v2\/product"}],"about":[{"href":"https:\/\/dev.aliseo.de\/fr\/wp-json\/wp\/v2\/types\/product"}],"replies":[{"embeddable":true,"href":"https:\/\/dev.aliseo.de\/fr\/wp-json\/wp\/v2\/comments?post=11379"}],"wp:featuredmedia":[{"embeddable":true,"href":"https:\/\/dev.aliseo.de\/fr\/wp-json\/wp\/v2\/media\/9935"}],"wp:attachment":[{"href":"https:\/\/dev.aliseo.de\/fr\/wp-json\/wp\/v2\/media?parent=11379"}],"wp:term":[{"taxonomy":"produktgruppe","embeddable":true,"href":"https:\/\/dev.aliseo.de\/fr\/wp-json\/wp\/v2\/produktgruppe?post=11379"},{"taxonomy":"product_brand","embeddable":true,"href":"https:\/\/dev.aliseo.de\/fr\/wp-json\/wp\/v2\/product_brand?post=11379"},{"taxonomy":"product_cat","embeddable":true,"href":"https:\/\/dev.aliseo.de\/fr\/wp-json\/wp\/v2\/product_cat?post=11379"},{"taxonomy":"product_tag","embeddable":true,"href":"https:\/\/dev.aliseo.de\/fr\/wp-json\/wp\/v2\/product_tag?post=11379"}],"curies":[{"name":"wp","href":"https:\/\/api.w.org\/{rel}","templated":true}]}}