{"id":11627,"date":"2024-11-12T11:02:18","date_gmt":"2024-11-12T11:02:18","guid":{"rendered":"https:\/\/compassionate-engelbart.185-243-11-33.plesk.page\/?post_type=product&#038;p=11627"},"modified":"2025-04-15T09:10:10","modified_gmt":"2025-04-15T09:10:10","slug":"surf-steamworks-station-de-repassage","status":"publish","type":"product","link":"https:\/\/dev.aliseo.de\/fr\/produit\/surf-steamworks-station-de-repassage\/","title":{"rendered":"SURF STEAMWORKS"},"content":{"rendered":"<p>Service et s\u00e9curit\u00e9 maximum pour vous et vos invit\u00e9s : rangement compact ; housse ignifug\u00e9e et rembourr\u00e9e ; antivol, le c\u00e2ble est solidement fix\u00e9 au support\/table \u00e0 repasser; double arr\u00eat automatique de s\u00e9curit\u00e9.<\/p>\n<p>station de repassage SURF STEAMWORKS<\/p>\n<p>table \u00e0 repasser SURF avec h\u00f4tel-fer \u00e0 repasser \u00e0 vapeur STEAMWORKS<\/p>\n<ul>\n<li>Hauteur suspendue 136 cm, poids avec fer \u00e0 repasser 6,4 kg<\/li>\n<li>Surface de repassage 40 X 100 cm<\/li>\n<li>Support de fer \u00e0 repasser fixe et r\u00e9sistant \u00e0 la chaleur<\/li>\n<li>Support et pince de c\u00e2ble pour un rangement ordonn\u00e9<\/li>\n<li>Raccordement \u00e9lectrique avec c\u00e2ble d&rsquo;alimentation<\/li>\n<li>R\u00e9glable en hauteur jusqu&rsquo;\u00e0 90 cm<\/li>\n<li>Ch\u00e2ssis stable avec s\u00e9curit\u00e9 de transport<\/li>\n<li>Structure : tube d&rsquo;acier, rev\u00eatement en poudre, argent\u00e9<\/li>\n<\/ul>\n","protected":false},"excerpt":{"rendered":"<p>Service et s\u00e9curit\u00e9 maximum pour vous et vos invit\u00e9s : rangement compact ; housse ignifug\u00e9e et rembourr\u00e9e ; antivol, le c\u00e2ble est solidement fix\u00e9 au support\/table \u00e0 repasser; double arr\u00eat automatique de s\u00e9curit\u00e9. station de repassage SURF STEAMWORKS table \u00e0 repasser SURF avec h\u00f4tel-fer \u00e0 repasser \u00e0 vapeur STEAMWORKS Hauteur suspendue 136 cm, poids avec [&hellip;]<\/p>\n","protected":false},"featured_media":9276,"comment_status":"closed","ping_status":"closed","template":"","meta":{"_acf_changed":false},"produktgruppe":[1804],"product_brand":[],"product_cat":[2282,2269],"product_tag":[],"class_list":{"0":"post-11627","1":"product","2":"type-product","3":"status-publish","4":"has-post-thumbnail","6":"produktgruppe-surf","7":"product_cat-repassage","8":"product_cat-surf","10":"first","11":"instock","12":"shipping-taxable","13":"product-type-simple"},"acf":[],"yoast_head":"<!-- This site is optimized with the Yoast SEO plugin v27.2 - https:\/\/yoast.com\/product\/yoast-seo-wordpress\/ -->\n<title>SURF STEAMWORKS - ALISEO<\/title>\n<meta name=\"robots\" content=\"noindex, follow, max-snippet:-1, max-image-preview:large, max-video-preview:-1\" \/>\n<meta property=\"og:locale\" content=\"fr_FR\" \/>\n<meta property=\"og:type\" content=\"article\" \/>\n<meta property=\"og:title\" content=\"SURF STEAMWORKS - ALISEO\" \/>\n<meta property=\"og:description\" content=\"Service et s\u00e9curit\u00e9 maximum pour vous et vos invit\u00e9s : rangement compact ; housse ignifug\u00e9e et rembourr\u00e9e ; antivol, le c\u00e2ble est solidement fix\u00e9 au support\/table \u00e0 repasser; double arr\u00eat automatique de s\u00e9curit\u00e9. station de repassage SURF STEAMWORKS table \u00e0 repasser SURF avec h\u00f4tel-fer \u00e0 repasser \u00e0 vapeur STEAMWORKS Hauteur suspendue 136 cm, poids avec [&hellip;]\" \/>\n<meta property=\"og:url\" content=\"https:\/\/dev.aliseo.de\/fr\/produit\/surf-steamworks-station-de-repassage\/\" \/>\n<meta property=\"og:site_name\" content=\"ALISEO\" \/>\n<meta property=\"article:publisher\" content=\"https:\/\/www.facebook.com\/aliseogermany\" \/>\n<meta property=\"article:modified_time\" content=\"2025-04-15T09:10:10+00:00\" \/>\n<meta property=\"og:image\" content=\"https:\/\/dev.aliseo.de\/wp-content\/uploads\/2024\/11\/160164_Surfcenter-Steamworks-intro-1024x1024.png\" \/>\n\t<meta property=\"og:image:width\" content=\"1024\" \/>\n\t<meta property=\"og:image:height\" content=\"1024\" \/>\n\t<meta property=\"og:image:type\" content=\"image\/png\" \/>\n<meta name=\"twitter:card\" content=\"summary_large_image\" \/>\n<meta name=\"twitter:label1\" content=\"Dur\u00e9e de lecture estim\u00e9e\" \/>\n\t<meta name=\"twitter:data1\" content=\"1 minute\" \/>\n<script type=\"application\/ld+json\" class=\"yoast-schema-graph\">{\"@context\":\"https:\/\/schema.org\",\"@graph\":[{\"@type\":\"WebPage\",\"@id\":\"https:\/\/dev.aliseo.de\/fr\/produit\/surf-steamworks-station-de-repassage\/\",\"url\":\"https:\/\/dev.aliseo.de\/fr\/produit\/surf-steamworks-station-de-repassage\/\",\"name\":\"SURF STEAMWORKS - ALISEO\",\"isPartOf\":{\"@id\":\"https:\/\/dev.aliseo.de\/fr\/#website\"},\"primaryImageOfPage\":{\"@id\":\"https:\/\/dev.aliseo.de\/fr\/produit\/surf-steamworks-station-de-repassage\/#primaryimage\"},\"image\":{\"@id\":\"https:\/\/dev.aliseo.de\/fr\/produit\/surf-steamworks-station-de-repassage\/#primaryimage\"},\"thumbnailUrl\":\"https:\/\/dev.aliseo.de\/wp-content\/uploads\/2024\/11\/160164_Surfcenter-Steamworks-intro.png\",\"datePublished\":\"2024-11-12T11:02:18+00:00\",\"dateModified\":\"2025-04-15T09:10:10+00:00\",\"breadcrumb\":{\"@id\":\"https:\/\/dev.aliseo.de\/fr\/produit\/surf-steamworks-station-de-repassage\/#breadcrumb\"},\"inLanguage\":\"fr-FR\",\"potentialAction\":[{\"@type\":\"ReadAction\",\"target\":[\"https:\/\/dev.aliseo.de\/fr\/produit\/surf-steamworks-station-de-repassage\/\"]}]},{\"@type\":\"ImageObject\",\"inLanguage\":\"fr-FR\",\"@id\":\"https:\/\/dev.aliseo.de\/fr\/produit\/surf-steamworks-station-de-repassage\/#primaryimage\",\"url\":\"https:\/\/dev.aliseo.de\/wp-content\/uploads\/2024\/11\/160164_Surfcenter-Steamworks-intro.png\",\"contentUrl\":\"https:\/\/dev.aliseo.de\/wp-content\/uploads\/2024\/11\/160164_Surfcenter-Steamworks-intro.png\",\"width\":2500,\"height\":2500},{\"@type\":\"BreadcrumbList\",\"@id\":\"https:\/\/dev.aliseo.de\/fr\/produit\/surf-steamworks-station-de-repassage\/#breadcrumb\",\"itemListElement\":[{\"@type\":\"ListItem\",\"position\":1,\"name\":\"Startseite\",\"item\":\"https:\/\/dev.aliseo.de\/fr\/\"},{\"@type\":\"ListItem\",\"position\":2,\"name\":\"Shop\",\"item\":\"https:\/\/dev.aliseo.de\/fr\/shop\/\"},{\"@type\":\"ListItem\",\"position\":3,\"name\":\"SURF STEAMWORKS\"}]},{\"@type\":\"WebSite\",\"@id\":\"https:\/\/dev.aliseo.de\/fr\/#website\",\"url\":\"https:\/\/dev.aliseo.de\/fr\/\",\"name\":\"ALISEO\",\"description\":\"\",\"publisher\":{\"@id\":\"https:\/\/dev.aliseo.de\/fr\/#organization\"},\"potentialAction\":[{\"@type\":\"SearchAction\",\"target\":{\"@type\":\"EntryPoint\",\"urlTemplate\":\"https:\/\/dev.aliseo.de\/fr\/?s={search_term_string}\"},\"query-input\":{\"@type\":\"PropertyValueSpecification\",\"valueRequired\":true,\"valueName\":\"search_term_string\"}}],\"inLanguage\":\"fr-FR\"},{\"@type\":\"Organization\",\"@id\":\"https:\/\/dev.aliseo.de\/fr\/#organization\",\"name\":\"ALISEO\",\"url\":\"https:\/\/dev.aliseo.de\/fr\/\",\"logo\":{\"@type\":\"ImageObject\",\"inLanguage\":\"fr-FR\",\"@id\":\"https:\/\/dev.aliseo.de\/fr\/#\/schema\/logo\/image\/\",\"url\":\"https:\/\/dev.aliseo.de\/wp-content\/uploads\/2024\/10\/ALI_Logo_schwarz.png\",\"contentUrl\":\"https:\/\/dev.aliseo.de\/wp-content\/uploads\/2024\/10\/ALI_Logo_schwarz.png\",\"width\":2551,\"height\":543,\"caption\":\"ALISEO\"},\"image\":{\"@id\":\"https:\/\/dev.aliseo.de\/fr\/#\/schema\/logo\/image\/\"},\"sameAs\":[\"https:\/\/www.facebook.com\/aliseogermany\",\"https:\/\/www.youtube.com\/user\/aliseogermany\",\"https:\/\/www.instagram.com\/aliseogermany\/\",\"https:\/\/de.linkedin.com\/company\/aliseogermany\"]}]}<\/script>\n<!-- \/ Yoast SEO plugin. -->","yoast_head_json":{"title":"SURF STEAMWORKS - ALISEO","robots":{"index":"noindex","follow":"follow","max-snippet":"max-snippet:-1","max-image-preview":"max-image-preview:large","max-video-preview":"max-video-preview:-1"},"og_locale":"fr_FR","og_type":"article","og_title":"SURF STEAMWORKS - ALISEO","og_description":"Service et s\u00e9curit\u00e9 maximum pour vous et vos invit\u00e9s : rangement compact ; housse ignifug\u00e9e et rembourr\u00e9e ; antivol, le c\u00e2ble est solidement fix\u00e9 au support\/table \u00e0 repasser; double arr\u00eat automatique de s\u00e9curit\u00e9. station de repassage SURF STEAMWORKS table \u00e0 repasser SURF avec h\u00f4tel-fer \u00e0 repasser \u00e0 vapeur STEAMWORKS Hauteur suspendue 136 cm, poids avec [&hellip;]","og_url":"https:\/\/dev.aliseo.de\/fr\/produit\/surf-steamworks-station-de-repassage\/","og_site_name":"ALISEO","article_publisher":"https:\/\/www.facebook.com\/aliseogermany","article_modified_time":"2025-04-15T09:10:10+00:00","og_image":[{"width":1024,"height":1024,"url":"https:\/\/dev.aliseo.de\/wp-content\/uploads\/2024\/11\/160164_Surfcenter-Steamworks-intro-1024x1024.png","type":"image\/png"}],"twitter_card":"summary_large_image","twitter_misc":{"Dur\u00e9e de lecture estim\u00e9e":"1 minute"},"schema":{"@context":"https:\/\/schema.org","@graph":[{"@type":"WebPage","@id":"https:\/\/dev.aliseo.de\/fr\/produit\/surf-steamworks-station-de-repassage\/","url":"https:\/\/dev.aliseo.de\/fr\/produit\/surf-steamworks-station-de-repassage\/","name":"SURF STEAMWORKS - ALISEO","isPartOf":{"@id":"https:\/\/dev.aliseo.de\/fr\/#website"},"primaryImageOfPage":{"@id":"https:\/\/dev.aliseo.de\/fr\/produit\/surf-steamworks-station-de-repassage\/#primaryimage"},"image":{"@id":"https:\/\/dev.aliseo.de\/fr\/produit\/surf-steamworks-station-de-repassage\/#primaryimage"},"thumbnailUrl":"https:\/\/dev.aliseo.de\/wp-content\/uploads\/2024\/11\/160164_Surfcenter-Steamworks-intro.png","datePublished":"2024-11-12T11:02:18+00:00","dateModified":"2025-04-15T09:10:10+00:00","breadcrumb":{"@id":"https:\/\/dev.aliseo.de\/fr\/produit\/surf-steamworks-station-de-repassage\/#breadcrumb"},"inLanguage":"fr-FR","potentialAction":[{"@type":"ReadAction","target":["https:\/\/dev.aliseo.de\/fr\/produit\/surf-steamworks-station-de-repassage\/"]}]},{"@type":"ImageObject","inLanguage":"fr-FR","@id":"https:\/\/dev.aliseo.de\/fr\/produit\/surf-steamworks-station-de-repassage\/#primaryimage","url":"https:\/\/dev.aliseo.de\/wp-content\/uploads\/2024\/11\/160164_Surfcenter-Steamworks-intro.png","contentUrl":"https:\/\/dev.aliseo.de\/wp-content\/uploads\/2024\/11\/160164_Surfcenter-Steamworks-intro.png","width":2500,"height":2500},{"@type":"BreadcrumbList","@id":"https:\/\/dev.aliseo.de\/fr\/produit\/surf-steamworks-station-de-repassage\/#breadcrumb","itemListElement":[{"@type":"ListItem","position":1,"name":"Startseite","item":"https:\/\/dev.aliseo.de\/fr\/"},{"@type":"ListItem","position":2,"name":"Shop","item":"https:\/\/dev.aliseo.de\/fr\/shop\/"},{"@type":"ListItem","position":3,"name":"SURF STEAMWORKS"}]},{"@type":"WebSite","@id":"https:\/\/dev.aliseo.de\/fr\/#website","url":"https:\/\/dev.aliseo.de\/fr\/","name":"ALISEO","description":"","publisher":{"@id":"https:\/\/dev.aliseo.de\/fr\/#organization"},"potentialAction":[{"@type":"SearchAction","target":{"@type":"EntryPoint","urlTemplate":"https:\/\/dev.aliseo.de\/fr\/?s={search_term_string}"},"query-input":{"@type":"PropertyValueSpecification","valueRequired":true,"valueName":"search_term_string"}}],"inLanguage":"fr-FR"},{"@type":"Organization","@id":"https:\/\/dev.aliseo.de\/fr\/#organization","name":"ALISEO","url":"https:\/\/dev.aliseo.de\/fr\/","logo":{"@type":"ImageObject","inLanguage":"fr-FR","@id":"https:\/\/dev.aliseo.de\/fr\/#\/schema\/logo\/image\/","url":"https:\/\/dev.aliseo.de\/wp-content\/uploads\/2024\/10\/ALI_Logo_schwarz.png","contentUrl":"https:\/\/dev.aliseo.de\/wp-content\/uploads\/2024\/10\/ALI_Logo_schwarz.png","width":2551,"height":543,"caption":"ALISEO"},"image":{"@id":"https:\/\/dev.aliseo.de\/fr\/#\/schema\/logo\/image\/"},"sameAs":["https:\/\/www.facebook.com\/aliseogermany","https:\/\/www.youtube.com\/user\/aliseogermany","https:\/\/www.instagram.com\/aliseogermany\/","https:\/\/de.linkedin.com\/company\/aliseogermany"]}]}},"_links":{"self":[{"href":"https:\/\/dev.aliseo.de\/fr\/wp-json\/wp\/v2\/product\/11627","targetHints":{"allow":["GET"]}}],"collection":[{"href":"https:\/\/dev.aliseo.de\/fr\/wp-json\/wp\/v2\/product"}],"about":[{"href":"https:\/\/dev.aliseo.de\/fr\/wp-json\/wp\/v2\/types\/product"}],"replies":[{"embeddable":true,"href":"https:\/\/dev.aliseo.de\/fr\/wp-json\/wp\/v2\/comments?post=11627"}],"wp:featuredmedia":[{"embeddable":true,"href":"https:\/\/dev.aliseo.de\/fr\/wp-json\/wp\/v2\/media\/9276"}],"wp:attachment":[{"href":"https:\/\/dev.aliseo.de\/fr\/wp-json\/wp\/v2\/media?parent=11627"}],"wp:term":[{"taxonomy":"produktgruppe","embeddable":true,"href":"https:\/\/dev.aliseo.de\/fr\/wp-json\/wp\/v2\/produktgruppe?post=11627"},{"taxonomy":"product_brand","embeddable":true,"href":"https:\/\/dev.aliseo.de\/fr\/wp-json\/wp\/v2\/product_brand?post=11627"},{"taxonomy":"product_cat","embeddable":true,"href":"https:\/\/dev.aliseo.de\/fr\/wp-json\/wp\/v2\/product_cat?post=11627"},{"taxonomy":"product_tag","embeddable":true,"href":"https:\/\/dev.aliseo.de\/fr\/wp-json\/wp\/v2\/product_tag?post=11627"}],"curies":[{"name":"wp","href":"https:\/\/api.w.org\/{rel}","templated":true}]}}