{"id":11723,"date":"2024-11-12T11:00:30","date_gmt":"2024-11-12T11:00:30","guid":{"rendered":"https:\/\/compassionate-engelbart.185-243-11-33.plesk.page\/?post_type=product&#038;p=11723"},"modified":"2025-04-16T06:41:19","modified_gmt":"2025-04-16T06:41:19","slug":"led-lunatec-eclaire-miroir-cosmetique-bras-pivotant-double","status":"publish","type":"product","link":"https:\/\/dev.aliseo.de\/fr\/produit\/led-lunatec-eclaire-miroir-cosmetique-bras-pivotant-double\/","title":{"rendered":"LED Lunatec"},"content":{"rendered":"<p>Conventionnellement contemporain<\/p>\n<p>miroir cosm\u00e9tique avec une construction de bras pivotant facilement mobile, multifonctionnel et conscient de l&rsquo;espace. Le bras pivotant Multi-Flex permet une flexibilit\u00e9 maximale. <\/p>\n<ul>\n<li>miroir cosm\u00e9tique \u00e9clair\u00e9 sur le double bras pivotant<\/li>\n<li>Plateforme LED avec lumi\u00e8re chaude blanc-jaune<\/li>\n<li>50 000 heures d&rsquo;\u00e9clairage sans entretien<\/li>\n<li>grossissement 3x<\/li>\n<li>Composants en laiton<\/li>\n<li>IP 44 test\u00e9<\/li>\n<\/ul>\n","protected":false},"excerpt":{"rendered":"<p>Conventionnellement contemporain miroir cosm\u00e9tique avec une construction de bras pivotant facilement mobile, multifonctionnel et conscient de l&rsquo;espace. Le bras pivotant Multi-Flex permet une flexibilit\u00e9 maximale. miroir cosm\u00e9tique \u00e9clair\u00e9 sur le double bras pivotant Plateforme LED avec lumi\u00e8re chaude blanc-jaune 50 000 heures d&rsquo;\u00e9clairage sans entretien grossissement 3x Composants en laiton IP 44 test\u00e9<\/p>\n","protected":false},"featured_media":9074,"comment_status":"closed","ping_status":"closed","template":"","meta":{"_acf_changed":false},"produktgruppe":[1818],"product_brand":[],"product_cat":[2252,2286,2296],"product_tag":[],"class_list":{"0":"post-11723","1":"product","2":"type-product","3":"status-publish","4":"has-post-thumbnail","6":"produktgruppe-led-lunatec","7":"product_cat-led-lunatec","8":"product_cat-miroir-cosmetique-lumineux","9":"product_cat-nu-finishes","11":"first","12":"instock","13":"shipping-taxable","14":"product-type-simple"},"acf":[],"yoast_head":"<!-- This site is optimized with the Yoast SEO plugin v27.2 - https:\/\/yoast.com\/product\/yoast-seo-wordpress\/ -->\n<title>LED Lunatec - ALISEO<\/title>\n<meta name=\"robots\" content=\"noindex, follow, max-snippet:-1, max-image-preview:large, max-video-preview:-1\" \/>\n<meta property=\"og:locale\" content=\"fr_FR\" \/>\n<meta property=\"og:type\" content=\"article\" \/>\n<meta property=\"og:title\" content=\"LED Lunatec - ALISEO\" \/>\n<meta property=\"og:description\" content=\"Conventionnellement contemporain miroir cosm\u00e9tique avec une construction de bras pivotant facilement mobile, multifonctionnel et conscient de l&rsquo;espace. Le bras pivotant Multi-Flex permet une flexibilit\u00e9 maximale. miroir cosm\u00e9tique \u00e9clair\u00e9 sur le double bras pivotant Plateforme LED avec lumi\u00e8re chaude blanc-jaune 50 000 heures d&rsquo;\u00e9clairage sans entretien grossissement 3x Composants en laiton IP 44 test\u00e9\" \/>\n<meta property=\"og:url\" content=\"https:\/\/dev.aliseo.de\/fr\/produit\/led-lunatec-eclaire-miroir-cosmetique-bras-pivotant-double\/\" \/>\n<meta property=\"og:site_name\" content=\"ALISEO\" \/>\n<meta property=\"article:publisher\" content=\"https:\/\/www.facebook.com\/aliseogermany\" \/>\n<meta property=\"article:modified_time\" content=\"2025-04-16T06:41:19+00:00\" \/>\n<meta property=\"og:image\" content=\"https:\/\/dev.aliseo.de\/wp-content\/uploads\/2024\/11\/020601_Kosmetikspiegel-LED-Lunatec-1024x1024.png\" \/>\n\t<meta property=\"og:image:width\" content=\"1024\" \/>\n\t<meta property=\"og:image:height\" content=\"1024\" \/>\n\t<meta property=\"og:image:type\" content=\"image\/png\" \/>\n<meta name=\"twitter:card\" content=\"summary_large_image\" \/>\n<script type=\"application\/ld+json\" class=\"yoast-schema-graph\">{\"@context\":\"https:\/\/schema.org\",\"@graph\":[{\"@type\":\"WebPage\",\"@id\":\"https:\/\/dev.aliseo.de\/fr\/produit\/led-lunatec-eclaire-miroir-cosmetique-bras-pivotant-double\/\",\"url\":\"https:\/\/dev.aliseo.de\/fr\/produit\/led-lunatec-eclaire-miroir-cosmetique-bras-pivotant-double\/\",\"name\":\"LED Lunatec - ALISEO\",\"isPartOf\":{\"@id\":\"https:\/\/dev.aliseo.de\/fr\/#website\"},\"primaryImageOfPage\":{\"@id\":\"https:\/\/dev.aliseo.de\/fr\/produit\/led-lunatec-eclaire-miroir-cosmetique-bras-pivotant-double\/#primaryimage\"},\"image\":{\"@id\":\"https:\/\/dev.aliseo.de\/fr\/produit\/led-lunatec-eclaire-miroir-cosmetique-bras-pivotant-double\/#primaryimage\"},\"thumbnailUrl\":\"https:\/\/dev.aliseo.de\/wp-content\/uploads\/2024\/11\/020601_Kosmetikspiegel-LED-Lunatec.png\",\"datePublished\":\"2024-11-12T11:00:30+00:00\",\"dateModified\":\"2025-04-16T06:41:19+00:00\",\"breadcrumb\":{\"@id\":\"https:\/\/dev.aliseo.de\/fr\/produit\/led-lunatec-eclaire-miroir-cosmetique-bras-pivotant-double\/#breadcrumb\"},\"inLanguage\":\"fr-FR\",\"potentialAction\":[{\"@type\":\"ReadAction\",\"target\":[\"https:\/\/dev.aliseo.de\/fr\/produit\/led-lunatec-eclaire-miroir-cosmetique-bras-pivotant-double\/\"]}]},{\"@type\":\"ImageObject\",\"inLanguage\":\"fr-FR\",\"@id\":\"https:\/\/dev.aliseo.de\/fr\/produit\/led-lunatec-eclaire-miroir-cosmetique-bras-pivotant-double\/#primaryimage\",\"url\":\"https:\/\/dev.aliseo.de\/wp-content\/uploads\/2024\/11\/020601_Kosmetikspiegel-LED-Lunatec.png\",\"contentUrl\":\"https:\/\/dev.aliseo.de\/wp-content\/uploads\/2024\/11\/020601_Kosmetikspiegel-LED-Lunatec.png\",\"width\":2500,\"height\":2500},{\"@type\":\"BreadcrumbList\",\"@id\":\"https:\/\/dev.aliseo.de\/fr\/produit\/led-lunatec-eclaire-miroir-cosmetique-bras-pivotant-double\/#breadcrumb\",\"itemListElement\":[{\"@type\":\"ListItem\",\"position\":1,\"name\":\"Startseite\",\"item\":\"https:\/\/dev.aliseo.de\/fr\/\"},{\"@type\":\"ListItem\",\"position\":2,\"name\":\"Shop\",\"item\":\"https:\/\/dev.aliseo.de\/fr\/shop\/\"},{\"@type\":\"ListItem\",\"position\":3,\"name\":\"LED Lunatec\"}]},{\"@type\":\"WebSite\",\"@id\":\"https:\/\/dev.aliseo.de\/fr\/#website\",\"url\":\"https:\/\/dev.aliseo.de\/fr\/\",\"name\":\"ALISEO\",\"description\":\"\",\"publisher\":{\"@id\":\"https:\/\/dev.aliseo.de\/fr\/#organization\"},\"potentialAction\":[{\"@type\":\"SearchAction\",\"target\":{\"@type\":\"EntryPoint\",\"urlTemplate\":\"https:\/\/dev.aliseo.de\/fr\/?s={search_term_string}\"},\"query-input\":{\"@type\":\"PropertyValueSpecification\",\"valueRequired\":true,\"valueName\":\"search_term_string\"}}],\"inLanguage\":\"fr-FR\"},{\"@type\":\"Organization\",\"@id\":\"https:\/\/dev.aliseo.de\/fr\/#organization\",\"name\":\"ALISEO\",\"url\":\"https:\/\/dev.aliseo.de\/fr\/\",\"logo\":{\"@type\":\"ImageObject\",\"inLanguage\":\"fr-FR\",\"@id\":\"https:\/\/dev.aliseo.de\/fr\/#\/schema\/logo\/image\/\",\"url\":\"https:\/\/dev.aliseo.de\/wp-content\/uploads\/2024\/10\/ALI_Logo_schwarz.png\",\"contentUrl\":\"https:\/\/dev.aliseo.de\/wp-content\/uploads\/2024\/10\/ALI_Logo_schwarz.png\",\"width\":2551,\"height\":543,\"caption\":\"ALISEO\"},\"image\":{\"@id\":\"https:\/\/dev.aliseo.de\/fr\/#\/schema\/logo\/image\/\"},\"sameAs\":[\"https:\/\/www.facebook.com\/aliseogermany\",\"https:\/\/www.youtube.com\/user\/aliseogermany\",\"https:\/\/www.instagram.com\/aliseogermany\/\",\"https:\/\/de.linkedin.com\/company\/aliseogermany\"]}]}<\/script>\n<!-- \/ Yoast SEO plugin. -->","yoast_head_json":{"title":"LED Lunatec - ALISEO","robots":{"index":"noindex","follow":"follow","max-snippet":"max-snippet:-1","max-image-preview":"max-image-preview:large","max-video-preview":"max-video-preview:-1"},"og_locale":"fr_FR","og_type":"article","og_title":"LED Lunatec - ALISEO","og_description":"Conventionnellement contemporain miroir cosm\u00e9tique avec une construction de bras pivotant facilement mobile, multifonctionnel et conscient de l&rsquo;espace. Le bras pivotant Multi-Flex permet une flexibilit\u00e9 maximale. miroir cosm\u00e9tique \u00e9clair\u00e9 sur le double bras pivotant Plateforme LED avec lumi\u00e8re chaude blanc-jaune 50 000 heures d&rsquo;\u00e9clairage sans entretien grossissement 3x Composants en laiton IP 44 test\u00e9","og_url":"https:\/\/dev.aliseo.de\/fr\/produit\/led-lunatec-eclaire-miroir-cosmetique-bras-pivotant-double\/","og_site_name":"ALISEO","article_publisher":"https:\/\/www.facebook.com\/aliseogermany","article_modified_time":"2025-04-16T06:41:19+00:00","og_image":[{"width":1024,"height":1024,"url":"https:\/\/dev.aliseo.de\/wp-content\/uploads\/2024\/11\/020601_Kosmetikspiegel-LED-Lunatec-1024x1024.png","type":"image\/png"}],"twitter_card":"summary_large_image","schema":{"@context":"https:\/\/schema.org","@graph":[{"@type":"WebPage","@id":"https:\/\/dev.aliseo.de\/fr\/produit\/led-lunatec-eclaire-miroir-cosmetique-bras-pivotant-double\/","url":"https:\/\/dev.aliseo.de\/fr\/produit\/led-lunatec-eclaire-miroir-cosmetique-bras-pivotant-double\/","name":"LED Lunatec - ALISEO","isPartOf":{"@id":"https:\/\/dev.aliseo.de\/fr\/#website"},"primaryImageOfPage":{"@id":"https:\/\/dev.aliseo.de\/fr\/produit\/led-lunatec-eclaire-miroir-cosmetique-bras-pivotant-double\/#primaryimage"},"image":{"@id":"https:\/\/dev.aliseo.de\/fr\/produit\/led-lunatec-eclaire-miroir-cosmetique-bras-pivotant-double\/#primaryimage"},"thumbnailUrl":"https:\/\/dev.aliseo.de\/wp-content\/uploads\/2024\/11\/020601_Kosmetikspiegel-LED-Lunatec.png","datePublished":"2024-11-12T11:00:30+00:00","dateModified":"2025-04-16T06:41:19+00:00","breadcrumb":{"@id":"https:\/\/dev.aliseo.de\/fr\/produit\/led-lunatec-eclaire-miroir-cosmetique-bras-pivotant-double\/#breadcrumb"},"inLanguage":"fr-FR","potentialAction":[{"@type":"ReadAction","target":["https:\/\/dev.aliseo.de\/fr\/produit\/led-lunatec-eclaire-miroir-cosmetique-bras-pivotant-double\/"]}]},{"@type":"ImageObject","inLanguage":"fr-FR","@id":"https:\/\/dev.aliseo.de\/fr\/produit\/led-lunatec-eclaire-miroir-cosmetique-bras-pivotant-double\/#primaryimage","url":"https:\/\/dev.aliseo.de\/wp-content\/uploads\/2024\/11\/020601_Kosmetikspiegel-LED-Lunatec.png","contentUrl":"https:\/\/dev.aliseo.de\/wp-content\/uploads\/2024\/11\/020601_Kosmetikspiegel-LED-Lunatec.png","width":2500,"height":2500},{"@type":"BreadcrumbList","@id":"https:\/\/dev.aliseo.de\/fr\/produit\/led-lunatec-eclaire-miroir-cosmetique-bras-pivotant-double\/#breadcrumb","itemListElement":[{"@type":"ListItem","position":1,"name":"Startseite","item":"https:\/\/dev.aliseo.de\/fr\/"},{"@type":"ListItem","position":2,"name":"Shop","item":"https:\/\/dev.aliseo.de\/fr\/shop\/"},{"@type":"ListItem","position":3,"name":"LED Lunatec"}]},{"@type":"WebSite","@id":"https:\/\/dev.aliseo.de\/fr\/#website","url":"https:\/\/dev.aliseo.de\/fr\/","name":"ALISEO","description":"","publisher":{"@id":"https:\/\/dev.aliseo.de\/fr\/#organization"},"potentialAction":[{"@type":"SearchAction","target":{"@type":"EntryPoint","urlTemplate":"https:\/\/dev.aliseo.de\/fr\/?s={search_term_string}"},"query-input":{"@type":"PropertyValueSpecification","valueRequired":true,"valueName":"search_term_string"}}],"inLanguage":"fr-FR"},{"@type":"Organization","@id":"https:\/\/dev.aliseo.de\/fr\/#organization","name":"ALISEO","url":"https:\/\/dev.aliseo.de\/fr\/","logo":{"@type":"ImageObject","inLanguage":"fr-FR","@id":"https:\/\/dev.aliseo.de\/fr\/#\/schema\/logo\/image\/","url":"https:\/\/dev.aliseo.de\/wp-content\/uploads\/2024\/10\/ALI_Logo_schwarz.png","contentUrl":"https:\/\/dev.aliseo.de\/wp-content\/uploads\/2024\/10\/ALI_Logo_schwarz.png","width":2551,"height":543,"caption":"ALISEO"},"image":{"@id":"https:\/\/dev.aliseo.de\/fr\/#\/schema\/logo\/image\/"},"sameAs":["https:\/\/www.facebook.com\/aliseogermany","https:\/\/www.youtube.com\/user\/aliseogermany","https:\/\/www.instagram.com\/aliseogermany\/","https:\/\/de.linkedin.com\/company\/aliseogermany"]}]}},"_links":{"self":[{"href":"https:\/\/dev.aliseo.de\/fr\/wp-json\/wp\/v2\/product\/11723","targetHints":{"allow":["GET"]}}],"collection":[{"href":"https:\/\/dev.aliseo.de\/fr\/wp-json\/wp\/v2\/product"}],"about":[{"href":"https:\/\/dev.aliseo.de\/fr\/wp-json\/wp\/v2\/types\/product"}],"replies":[{"embeddable":true,"href":"https:\/\/dev.aliseo.de\/fr\/wp-json\/wp\/v2\/comments?post=11723"}],"wp:featuredmedia":[{"embeddable":true,"href":"https:\/\/dev.aliseo.de\/fr\/wp-json\/wp\/v2\/media\/9074"}],"wp:attachment":[{"href":"https:\/\/dev.aliseo.de\/fr\/wp-json\/wp\/v2\/media?parent=11723"}],"wp:term":[{"taxonomy":"produktgruppe","embeddable":true,"href":"https:\/\/dev.aliseo.de\/fr\/wp-json\/wp\/v2\/produktgruppe?post=11723"},{"taxonomy":"product_brand","embeddable":true,"href":"https:\/\/dev.aliseo.de\/fr\/wp-json\/wp\/v2\/product_brand?post=11723"},{"taxonomy":"product_cat","embeddable":true,"href":"https:\/\/dev.aliseo.de\/fr\/wp-json\/wp\/v2\/product_cat?post=11723"},{"taxonomy":"product_tag","embeddable":true,"href":"https:\/\/dev.aliseo.de\/fr\/wp-json\/wp\/v2\/product_tag?post=11723"}],"curies":[{"name":"wp","href":"https:\/\/api.w.org\/{rel}","templated":true}]}}