{"id":11747,"date":"2024-11-12T11:00:29","date_gmt":"2024-11-12T11:00:29","guid":{"rendered":"https:\/\/compassionate-engelbart.185-243-11-33.plesk.page\/?post_type=product&#038;p=11747"},"modified":"2025-04-16T06:30:13","modified_gmt":"2025-04-16T06:30:13","slug":"led-cubik-eclaire-miroir-cosmetique-bras-pivotant-double","status":"publish","type":"product","link":"https:\/\/dev.aliseo.de\/fr\/produit\/led-cubik-eclaire-miroir-cosmetique-bras-pivotant-double\/","title":{"rendered":"LED Cubik"},"content":{"rendered":"<p>Design as Art<\/p>\n<p>Un motif carr\u00e9 distinctif prim\u00e9 est compl\u00e9t\u00e9 par des formes stables. La technologie T3 vous offre le choix entre une lumi\u00e8re du jour vive et une lumi\u00e8re du soir chaude. <\/p>\n<ul>\n<li>miroir cosm\u00e9tique \u00e9clair\u00e9 sur le double bras pivotant<\/li>\n<li>Technologie T3, lumi\u00e8re du jour vive ou lumi\u00e8re du soir chaude<\/li>\n<li>50 000 heures d&rsquo;\u00e9clairage sans entretien<\/li>\n<li>grossissement 3x<\/li>\n<li>Construction en laiton<\/li>\n<li>IP 44 test\u00e9<\/li>\n<\/ul>\n","protected":false},"excerpt":{"rendered":"<p>Design as Art Un motif carr\u00e9 distinctif prim\u00e9 est compl\u00e9t\u00e9 par des formes stables. La technologie T3 vous offre le choix entre une lumi\u00e8re du jour vive et une lumi\u00e8re du soir chaude. miroir cosm\u00e9tique \u00e9clair\u00e9 sur le double bras pivotant Technologie T3, lumi\u00e8re du jour vive ou lumi\u00e8re du soir chaude 50 000 heures [&hellip;]<\/p>\n","protected":false},"featured_media":9034,"comment_status":"closed","ping_status":"closed","template":"","meta":{"_acf_changed":false},"produktgruppe":[1820],"product_brand":[],"product_cat":[2251,2286,2296],"product_tag":[],"class_list":{"0":"post-11747","1":"product","2":"type-product","3":"status-publish","4":"has-post-thumbnail","6":"produktgruppe-led-cubik-t3","7":"product_cat-led-cubik","8":"product_cat-miroir-cosmetique-lumineux","9":"product_cat-nu-finishes","11":"first","12":"instock","13":"shipping-taxable","14":"product-type-simple"},"acf":[],"yoast_head":"<!-- This site is optimized with the Yoast SEO plugin v27.2 - https:\/\/yoast.com\/product\/yoast-seo-wordpress\/ -->\n<title>LED Cubik - ALISEO<\/title>\n<meta name=\"robots\" content=\"noindex, follow, max-snippet:-1, max-image-preview:large, max-video-preview:-1\" \/>\n<meta property=\"og:locale\" content=\"fr_FR\" \/>\n<meta property=\"og:type\" content=\"article\" \/>\n<meta property=\"og:title\" content=\"LED Cubik - ALISEO\" \/>\n<meta property=\"og:description\" content=\"Design as Art Un motif carr\u00e9 distinctif prim\u00e9 est compl\u00e9t\u00e9 par des formes stables. La technologie T3 vous offre le choix entre une lumi\u00e8re du jour vive et une lumi\u00e8re du soir chaude. miroir cosm\u00e9tique \u00e9clair\u00e9 sur le double bras pivotant Technologie T3, lumi\u00e8re du jour vive ou lumi\u00e8re du soir chaude 50 000 heures [&hellip;]\" \/>\n<meta property=\"og:url\" content=\"https:\/\/dev.aliseo.de\/fr\/produit\/led-cubik-eclaire-miroir-cosmetique-bras-pivotant-double\/\" \/>\n<meta property=\"og:site_name\" content=\"ALISEO\" \/>\n<meta property=\"article:publisher\" content=\"https:\/\/www.facebook.com\/aliseogermany\" \/>\n<meta property=\"article:modified_time\" content=\"2025-04-16T06:30:13+00:00\" \/>\n<meta property=\"og:image\" content=\"https:\/\/dev.aliseo.de\/wp-content\/uploads\/2024\/11\/020746_Kosmetikspiegel-Cubik-new.png\" \/>\n\t<meta property=\"og:image:width\" content=\"2500\" \/>\n\t<meta property=\"og:image:height\" content=\"2500\" \/>\n\t<meta property=\"og:image:type\" content=\"image\/png\" \/>\n<meta name=\"twitter:card\" content=\"summary_large_image\" \/>\n<script type=\"application\/ld+json\" class=\"yoast-schema-graph\">{\"@context\":\"https:\/\/schema.org\",\"@graph\":[{\"@type\":\"WebPage\",\"@id\":\"https:\/\/dev.aliseo.de\/fr\/produit\/led-cubik-eclaire-miroir-cosmetique-bras-pivotant-double\/\",\"url\":\"https:\/\/dev.aliseo.de\/fr\/produit\/led-cubik-eclaire-miroir-cosmetique-bras-pivotant-double\/\",\"name\":\"LED Cubik - ALISEO\",\"isPartOf\":{\"@id\":\"https:\/\/dev.aliseo.de\/fr\/#website\"},\"primaryImageOfPage\":{\"@id\":\"https:\/\/dev.aliseo.de\/fr\/produit\/led-cubik-eclaire-miroir-cosmetique-bras-pivotant-double\/#primaryimage\"},\"image\":{\"@id\":\"https:\/\/dev.aliseo.de\/fr\/produit\/led-cubik-eclaire-miroir-cosmetique-bras-pivotant-double\/#primaryimage\"},\"thumbnailUrl\":\"https:\/\/dev.aliseo.de\/wp-content\/uploads\/2024\/11\/020746_Kosmetikspiegel-Cubik-new.png\",\"datePublished\":\"2024-11-12T11:00:29+00:00\",\"dateModified\":\"2025-04-16T06:30:13+00:00\",\"breadcrumb\":{\"@id\":\"https:\/\/dev.aliseo.de\/fr\/produit\/led-cubik-eclaire-miroir-cosmetique-bras-pivotant-double\/#breadcrumb\"},\"inLanguage\":\"fr-FR\",\"potentialAction\":[{\"@type\":\"ReadAction\",\"target\":[\"https:\/\/dev.aliseo.de\/fr\/produit\/led-cubik-eclaire-miroir-cosmetique-bras-pivotant-double\/\"]}]},{\"@type\":\"ImageObject\",\"inLanguage\":\"fr-FR\",\"@id\":\"https:\/\/dev.aliseo.de\/fr\/produit\/led-cubik-eclaire-miroir-cosmetique-bras-pivotant-double\/#primaryimage\",\"url\":\"https:\/\/dev.aliseo.de\/wp-content\/uploads\/2024\/11\/020746_Kosmetikspiegel-Cubik-new.png\",\"contentUrl\":\"https:\/\/dev.aliseo.de\/wp-content\/uploads\/2024\/11\/020746_Kosmetikspiegel-Cubik-new.png\",\"width\":2500,\"height\":2500},{\"@type\":\"BreadcrumbList\",\"@id\":\"https:\/\/dev.aliseo.de\/fr\/produit\/led-cubik-eclaire-miroir-cosmetique-bras-pivotant-double\/#breadcrumb\",\"itemListElement\":[{\"@type\":\"ListItem\",\"position\":1,\"name\":\"Startseite\",\"item\":\"https:\/\/dev.aliseo.de\/fr\/\"},{\"@type\":\"ListItem\",\"position\":2,\"name\":\"Shop\",\"item\":\"https:\/\/dev.aliseo.de\/fr\/shop\/\"},{\"@type\":\"ListItem\",\"position\":3,\"name\":\"LED Cubik\"}]},{\"@type\":\"WebSite\",\"@id\":\"https:\/\/dev.aliseo.de\/fr\/#website\",\"url\":\"https:\/\/dev.aliseo.de\/fr\/\",\"name\":\"ALISEO\",\"description\":\"\",\"publisher\":{\"@id\":\"https:\/\/dev.aliseo.de\/fr\/#organization\"},\"potentialAction\":[{\"@type\":\"SearchAction\",\"target\":{\"@type\":\"EntryPoint\",\"urlTemplate\":\"https:\/\/dev.aliseo.de\/fr\/?s={search_term_string}\"},\"query-input\":{\"@type\":\"PropertyValueSpecification\",\"valueRequired\":true,\"valueName\":\"search_term_string\"}}],\"inLanguage\":\"fr-FR\"},{\"@type\":\"Organization\",\"@id\":\"https:\/\/dev.aliseo.de\/fr\/#organization\",\"name\":\"ALISEO\",\"url\":\"https:\/\/dev.aliseo.de\/fr\/\",\"logo\":{\"@type\":\"ImageObject\",\"inLanguage\":\"fr-FR\",\"@id\":\"https:\/\/dev.aliseo.de\/fr\/#\/schema\/logo\/image\/\",\"url\":\"https:\/\/dev.aliseo.de\/wp-content\/uploads\/2024\/10\/ALI_Logo_schwarz.png\",\"contentUrl\":\"https:\/\/dev.aliseo.de\/wp-content\/uploads\/2024\/10\/ALI_Logo_schwarz.png\",\"width\":2551,\"height\":543,\"caption\":\"ALISEO\"},\"image\":{\"@id\":\"https:\/\/dev.aliseo.de\/fr\/#\/schema\/logo\/image\/\"},\"sameAs\":[\"https:\/\/www.facebook.com\/aliseogermany\",\"https:\/\/www.youtube.com\/user\/aliseogermany\",\"https:\/\/www.instagram.com\/aliseogermany\/\",\"https:\/\/de.linkedin.com\/company\/aliseogermany\"]}]}<\/script>\n<!-- \/ Yoast SEO plugin. -->","yoast_head_json":{"title":"LED Cubik - ALISEO","robots":{"index":"noindex","follow":"follow","max-snippet":"max-snippet:-1","max-image-preview":"max-image-preview:large","max-video-preview":"max-video-preview:-1"},"og_locale":"fr_FR","og_type":"article","og_title":"LED Cubik - ALISEO","og_description":"Design as Art Un motif carr\u00e9 distinctif prim\u00e9 est compl\u00e9t\u00e9 par des formes stables. La technologie T3 vous offre le choix entre une lumi\u00e8re du jour vive et une lumi\u00e8re du soir chaude. miroir cosm\u00e9tique \u00e9clair\u00e9 sur le double bras pivotant Technologie T3, lumi\u00e8re du jour vive ou lumi\u00e8re du soir chaude 50 000 heures [&hellip;]","og_url":"https:\/\/dev.aliseo.de\/fr\/produit\/led-cubik-eclaire-miroir-cosmetique-bras-pivotant-double\/","og_site_name":"ALISEO","article_publisher":"https:\/\/www.facebook.com\/aliseogermany","article_modified_time":"2025-04-16T06:30:13+00:00","og_image":[{"width":2500,"height":2500,"url":"https:\/\/dev.aliseo.de\/wp-content\/uploads\/2024\/11\/020746_Kosmetikspiegel-Cubik-new.png","type":"image\/png"}],"twitter_card":"summary_large_image","schema":{"@context":"https:\/\/schema.org","@graph":[{"@type":"WebPage","@id":"https:\/\/dev.aliseo.de\/fr\/produit\/led-cubik-eclaire-miroir-cosmetique-bras-pivotant-double\/","url":"https:\/\/dev.aliseo.de\/fr\/produit\/led-cubik-eclaire-miroir-cosmetique-bras-pivotant-double\/","name":"LED Cubik - ALISEO","isPartOf":{"@id":"https:\/\/dev.aliseo.de\/fr\/#website"},"primaryImageOfPage":{"@id":"https:\/\/dev.aliseo.de\/fr\/produit\/led-cubik-eclaire-miroir-cosmetique-bras-pivotant-double\/#primaryimage"},"image":{"@id":"https:\/\/dev.aliseo.de\/fr\/produit\/led-cubik-eclaire-miroir-cosmetique-bras-pivotant-double\/#primaryimage"},"thumbnailUrl":"https:\/\/dev.aliseo.de\/wp-content\/uploads\/2024\/11\/020746_Kosmetikspiegel-Cubik-new.png","datePublished":"2024-11-12T11:00:29+00:00","dateModified":"2025-04-16T06:30:13+00:00","breadcrumb":{"@id":"https:\/\/dev.aliseo.de\/fr\/produit\/led-cubik-eclaire-miroir-cosmetique-bras-pivotant-double\/#breadcrumb"},"inLanguage":"fr-FR","potentialAction":[{"@type":"ReadAction","target":["https:\/\/dev.aliseo.de\/fr\/produit\/led-cubik-eclaire-miroir-cosmetique-bras-pivotant-double\/"]}]},{"@type":"ImageObject","inLanguage":"fr-FR","@id":"https:\/\/dev.aliseo.de\/fr\/produit\/led-cubik-eclaire-miroir-cosmetique-bras-pivotant-double\/#primaryimage","url":"https:\/\/dev.aliseo.de\/wp-content\/uploads\/2024\/11\/020746_Kosmetikspiegel-Cubik-new.png","contentUrl":"https:\/\/dev.aliseo.de\/wp-content\/uploads\/2024\/11\/020746_Kosmetikspiegel-Cubik-new.png","width":2500,"height":2500},{"@type":"BreadcrumbList","@id":"https:\/\/dev.aliseo.de\/fr\/produit\/led-cubik-eclaire-miroir-cosmetique-bras-pivotant-double\/#breadcrumb","itemListElement":[{"@type":"ListItem","position":1,"name":"Startseite","item":"https:\/\/dev.aliseo.de\/fr\/"},{"@type":"ListItem","position":2,"name":"Shop","item":"https:\/\/dev.aliseo.de\/fr\/shop\/"},{"@type":"ListItem","position":3,"name":"LED Cubik"}]},{"@type":"WebSite","@id":"https:\/\/dev.aliseo.de\/fr\/#website","url":"https:\/\/dev.aliseo.de\/fr\/","name":"ALISEO","description":"","publisher":{"@id":"https:\/\/dev.aliseo.de\/fr\/#organization"},"potentialAction":[{"@type":"SearchAction","target":{"@type":"EntryPoint","urlTemplate":"https:\/\/dev.aliseo.de\/fr\/?s={search_term_string}"},"query-input":{"@type":"PropertyValueSpecification","valueRequired":true,"valueName":"search_term_string"}}],"inLanguage":"fr-FR"},{"@type":"Organization","@id":"https:\/\/dev.aliseo.de\/fr\/#organization","name":"ALISEO","url":"https:\/\/dev.aliseo.de\/fr\/","logo":{"@type":"ImageObject","inLanguage":"fr-FR","@id":"https:\/\/dev.aliseo.de\/fr\/#\/schema\/logo\/image\/","url":"https:\/\/dev.aliseo.de\/wp-content\/uploads\/2024\/10\/ALI_Logo_schwarz.png","contentUrl":"https:\/\/dev.aliseo.de\/wp-content\/uploads\/2024\/10\/ALI_Logo_schwarz.png","width":2551,"height":543,"caption":"ALISEO"},"image":{"@id":"https:\/\/dev.aliseo.de\/fr\/#\/schema\/logo\/image\/"},"sameAs":["https:\/\/www.facebook.com\/aliseogermany","https:\/\/www.youtube.com\/user\/aliseogermany","https:\/\/www.instagram.com\/aliseogermany\/","https:\/\/de.linkedin.com\/company\/aliseogermany"]}]}},"_links":{"self":[{"href":"https:\/\/dev.aliseo.de\/fr\/wp-json\/wp\/v2\/product\/11747","targetHints":{"allow":["GET"]}}],"collection":[{"href":"https:\/\/dev.aliseo.de\/fr\/wp-json\/wp\/v2\/product"}],"about":[{"href":"https:\/\/dev.aliseo.de\/fr\/wp-json\/wp\/v2\/types\/product"}],"replies":[{"embeddable":true,"href":"https:\/\/dev.aliseo.de\/fr\/wp-json\/wp\/v2\/comments?post=11747"}],"wp:featuredmedia":[{"embeddable":true,"href":"https:\/\/dev.aliseo.de\/fr\/wp-json\/wp\/v2\/media\/9034"}],"wp:attachment":[{"href":"https:\/\/dev.aliseo.de\/fr\/wp-json\/wp\/v2\/media?parent=11747"}],"wp:term":[{"taxonomy":"produktgruppe","embeddable":true,"href":"https:\/\/dev.aliseo.de\/fr\/wp-json\/wp\/v2\/produktgruppe?post=11747"},{"taxonomy":"product_brand","embeddable":true,"href":"https:\/\/dev.aliseo.de\/fr\/wp-json\/wp\/v2\/product_brand?post=11747"},{"taxonomy":"product_cat","embeddable":true,"href":"https:\/\/dev.aliseo.de\/fr\/wp-json\/wp\/v2\/product_cat?post=11747"},{"taxonomy":"product_tag","embeddable":true,"href":"https:\/\/dev.aliseo.de\/fr\/wp-json\/wp\/v2\/product_tag?post=11747"}],"curies":[{"name":"wp","href":"https:\/\/api.w.org\/{rel}","templated":true}]}}