{"id":12413,"date":"2024-11-12T11:03:10","date_gmt":"2024-11-12T11:03:10","guid":{"rendered":"https:\/\/compassionate-engelbart.185-243-11-33.plesk.page\/?post_type=product&#038;p=12413"},"modified":"2025-04-15T09:10:58","modified_gmt":"2025-04-15T09:10:58","slug":"welcome-tray-solution-ensemble-complet-de-plateaux","status":"publish","type":"product","link":"https:\/\/dev.aliseo.de\/fr\/produit\/welcome-tray-solution-ensemble-complet-de-plateaux\/","title":{"rendered":"Solution de bacs de bienvenue"},"content":{"rendered":"<p>Le WELCOME TRAY est plus qu&rsquo;un plateau &#8211; c&rsquo;est un syst\u00e8me bien pens\u00e9 pour une hospitalit\u00e9 \u00e9l\u00e9gante. Compos\u00e9 d&rsquo;un plateau de base, d&rsquo;un plateau de service plus petit et d&rsquo;un porte-produits, le ensemble peut \u00eatre combin\u00e9 de mani\u00e8re flexible comme WELCOME TRAY SOLUTION ou utilis\u00e9 individuellement. Chaque \u00e9l\u00e9ment convainc par ses lignes claires, sa finition de qualit\u00e9 et sa fonctionnalit\u00e9 maximale. Parfait pour des pr\u00e9sentations individuelles et une image d&rsquo;ensemble coh\u00e9rente &#8211; tout \u00e0 fait sous le signe d&rsquo;une culture d&rsquo;accueil exigeante.   <\/p>\n<ul>\n<li>Ensemble de plateaux : plateau de base, plateau de service, plateau de produits<\/li>\n<li>Mat\u00e9riau : m\u00e9lamine imitation porcelaine<\/li>\n<li>Couleur r\u00e9sistante et anti-rayures<\/li>\n<li>Convient au lave-vaisselle<\/li>\n<\/ul>\n","protected":false},"excerpt":{"rendered":"<p>Le WELCOME TRAY est plus qu&rsquo;un plateau &#8211; c&rsquo;est un syst\u00e8me bien pens\u00e9 pour une hospitalit\u00e9 \u00e9l\u00e9gante. Compos\u00e9 d&rsquo;un plateau de base, d&rsquo;un plateau de service plus petit et d&rsquo;un porte-produits, le ensemble peut \u00eatre combin\u00e9 de mani\u00e8re flexible comme WELCOME TRAY SOLUTION ou utilis\u00e9 individuellement. Chaque \u00e9l\u00e9ment convainc par ses lignes claires, sa finition [&hellip;]<\/p>\n","protected":false},"featured_media":9160,"comment_status":"closed","ping_status":"closed","template":"","meta":{"_acf_changed":false},"produktgruppe":[1802],"product_brand":[],"product_cat":[2242,2257],"product_tag":[],"class_list":{"0":"post-12413","1":"product","2":"type-product","3":"status-publish","4":"has-post-thumbnail","6":"produktgruppe-welcome-trays","7":"product_cat-plateaux","8":"product_cat-welcome-tray-solution","10":"first","11":"instock","12":"shipping-taxable","13":"product-type-variable"},"acf":[],"yoast_head":"<!-- This site is optimized with the Yoast SEO plugin v27.2 - https:\/\/yoast.com\/product\/yoast-seo-wordpress\/ -->\n<title>Solution de bacs de bienvenue - ALISEO<\/title>\n<meta name=\"robots\" content=\"noindex, follow, max-snippet:-1, max-image-preview:large, max-video-preview:-1\" \/>\n<meta property=\"og:locale\" content=\"fr_FR\" \/>\n<meta property=\"og:type\" content=\"article\" \/>\n<meta property=\"og:title\" content=\"Solution de bacs de bienvenue - ALISEO\" \/>\n<meta property=\"og:description\" content=\"Le WELCOME TRAY est plus qu&rsquo;un plateau &#8211; c&rsquo;est un syst\u00e8me bien pens\u00e9 pour une hospitalit\u00e9 \u00e9l\u00e9gante. Compos\u00e9 d&rsquo;un plateau de base, d&rsquo;un plateau de service plus petit et d&rsquo;un porte-produits, le ensemble peut \u00eatre combin\u00e9 de mani\u00e8re flexible comme WELCOME TRAY SOLUTION ou utilis\u00e9 individuellement. Chaque \u00e9l\u00e9ment convainc par ses lignes claires, sa finition [&hellip;]\" \/>\n<meta property=\"og:url\" content=\"https:\/\/dev.aliseo.de\/fr\/produit\/welcome-tray-solution-ensemble-complet-de-plateaux\/\" \/>\n<meta property=\"og:site_name\" content=\"ALISEO\" \/>\n<meta property=\"article:publisher\" content=\"https:\/\/www.facebook.com\/aliseogermany\" \/>\n<meta property=\"article:modified_time\" content=\"2025-04-15T09:10:58+00:00\" \/>\n<meta property=\"og:image\" content=\"https:\/\/dev.aliseo.de\/wp-content\/uploads\/2024\/11\/170229_Welcome_Tray_Solution_Empire.png\" \/>\n\t<meta property=\"og:image:width\" content=\"2500\" \/>\n\t<meta property=\"og:image:height\" content=\"2500\" \/>\n\t<meta property=\"og:image:type\" content=\"image\/png\" \/>\n<meta name=\"twitter:card\" content=\"summary_large_image\" \/>\n<meta name=\"twitter:label1\" content=\"Dur\u00e9e de lecture estim\u00e9e\" \/>\n\t<meta name=\"twitter:data1\" content=\"1 minute\" \/>\n<script type=\"application\/ld+json\" class=\"yoast-schema-graph\">{\"@context\":\"https:\/\/schema.org\",\"@graph\":[{\"@type\":\"WebPage\",\"@id\":\"https:\/\/dev.aliseo.de\/fr\/produit\/welcome-tray-solution-ensemble-complet-de-plateaux\/\",\"url\":\"https:\/\/dev.aliseo.de\/fr\/produit\/welcome-tray-solution-ensemble-complet-de-plateaux\/\",\"name\":\"Solution de bacs de bienvenue - ALISEO\",\"isPartOf\":{\"@id\":\"https:\/\/dev.aliseo.de\/fr\/#website\"},\"primaryImageOfPage\":{\"@id\":\"https:\/\/dev.aliseo.de\/fr\/produit\/welcome-tray-solution-ensemble-complet-de-plateaux\/#primaryimage\"},\"image\":{\"@id\":\"https:\/\/dev.aliseo.de\/fr\/produit\/welcome-tray-solution-ensemble-complet-de-plateaux\/#primaryimage\"},\"thumbnailUrl\":\"https:\/\/dev.aliseo.de\/wp-content\/uploads\/2024\/11\/170229_Welcome_Tray_Solution_Empire.png\",\"datePublished\":\"2024-11-12T11:03:10+00:00\",\"dateModified\":\"2025-04-15T09:10:58+00:00\",\"breadcrumb\":{\"@id\":\"https:\/\/dev.aliseo.de\/fr\/produit\/welcome-tray-solution-ensemble-complet-de-plateaux\/#breadcrumb\"},\"inLanguage\":\"fr-FR\",\"potentialAction\":[{\"@type\":\"ReadAction\",\"target\":[\"https:\/\/dev.aliseo.de\/fr\/produit\/welcome-tray-solution-ensemble-complet-de-plateaux\/\"]}]},{\"@type\":\"ImageObject\",\"inLanguage\":\"fr-FR\",\"@id\":\"https:\/\/dev.aliseo.de\/fr\/produit\/welcome-tray-solution-ensemble-complet-de-plateaux\/#primaryimage\",\"url\":\"https:\/\/dev.aliseo.de\/wp-content\/uploads\/2024\/11\/170229_Welcome_Tray_Solution_Empire.png\",\"contentUrl\":\"https:\/\/dev.aliseo.de\/wp-content\/uploads\/2024\/11\/170229_Welcome_Tray_Solution_Empire.png\",\"width\":2500,\"height\":2500},{\"@type\":\"BreadcrumbList\",\"@id\":\"https:\/\/dev.aliseo.de\/fr\/produit\/welcome-tray-solution-ensemble-complet-de-plateaux\/#breadcrumb\",\"itemListElement\":[{\"@type\":\"ListItem\",\"position\":1,\"name\":\"Startseite\",\"item\":\"https:\/\/dev.aliseo.de\/fr\/\"},{\"@type\":\"ListItem\",\"position\":2,\"name\":\"Shop\",\"item\":\"https:\/\/dev.aliseo.de\/fr\/shop\/\"},{\"@type\":\"ListItem\",\"position\":3,\"name\":\"Solution de bacs de bienvenue\"}]},{\"@type\":\"WebSite\",\"@id\":\"https:\/\/dev.aliseo.de\/fr\/#website\",\"url\":\"https:\/\/dev.aliseo.de\/fr\/\",\"name\":\"ALISEO\",\"description\":\"\",\"publisher\":{\"@id\":\"https:\/\/dev.aliseo.de\/fr\/#organization\"},\"potentialAction\":[{\"@type\":\"SearchAction\",\"target\":{\"@type\":\"EntryPoint\",\"urlTemplate\":\"https:\/\/dev.aliseo.de\/fr\/?s={search_term_string}\"},\"query-input\":{\"@type\":\"PropertyValueSpecification\",\"valueRequired\":true,\"valueName\":\"search_term_string\"}}],\"inLanguage\":\"fr-FR\"},{\"@type\":\"Organization\",\"@id\":\"https:\/\/dev.aliseo.de\/fr\/#organization\",\"name\":\"ALISEO\",\"url\":\"https:\/\/dev.aliseo.de\/fr\/\",\"logo\":{\"@type\":\"ImageObject\",\"inLanguage\":\"fr-FR\",\"@id\":\"https:\/\/dev.aliseo.de\/fr\/#\/schema\/logo\/image\/\",\"url\":\"https:\/\/dev.aliseo.de\/wp-content\/uploads\/2024\/10\/ALI_Logo_schwarz.png\",\"contentUrl\":\"https:\/\/dev.aliseo.de\/wp-content\/uploads\/2024\/10\/ALI_Logo_schwarz.png\",\"width\":2551,\"height\":543,\"caption\":\"ALISEO\"},\"image\":{\"@id\":\"https:\/\/dev.aliseo.de\/fr\/#\/schema\/logo\/image\/\"},\"sameAs\":[\"https:\/\/www.facebook.com\/aliseogermany\",\"https:\/\/www.youtube.com\/user\/aliseogermany\",\"https:\/\/www.instagram.com\/aliseogermany\/\",\"https:\/\/de.linkedin.com\/company\/aliseogermany\"]}]}<\/script>\n<!-- \/ Yoast SEO plugin. -->","yoast_head_json":{"title":"Solution de bacs de bienvenue - ALISEO","robots":{"index":"noindex","follow":"follow","max-snippet":"max-snippet:-1","max-image-preview":"max-image-preview:large","max-video-preview":"max-video-preview:-1"},"og_locale":"fr_FR","og_type":"article","og_title":"Solution de bacs de bienvenue - ALISEO","og_description":"Le WELCOME TRAY est plus qu&rsquo;un plateau &#8211; c&rsquo;est un syst\u00e8me bien pens\u00e9 pour une hospitalit\u00e9 \u00e9l\u00e9gante. Compos\u00e9 d&rsquo;un plateau de base, d&rsquo;un plateau de service plus petit et d&rsquo;un porte-produits, le ensemble peut \u00eatre combin\u00e9 de mani\u00e8re flexible comme WELCOME TRAY SOLUTION ou utilis\u00e9 individuellement. Chaque \u00e9l\u00e9ment convainc par ses lignes claires, sa finition [&hellip;]","og_url":"https:\/\/dev.aliseo.de\/fr\/produit\/welcome-tray-solution-ensemble-complet-de-plateaux\/","og_site_name":"ALISEO","article_publisher":"https:\/\/www.facebook.com\/aliseogermany","article_modified_time":"2025-04-15T09:10:58+00:00","og_image":[{"width":2500,"height":2500,"url":"https:\/\/dev.aliseo.de\/wp-content\/uploads\/2024\/11\/170229_Welcome_Tray_Solution_Empire.png","type":"image\/png"}],"twitter_card":"summary_large_image","twitter_misc":{"Dur\u00e9e de lecture estim\u00e9e":"1 minute"},"schema":{"@context":"https:\/\/schema.org","@graph":[{"@type":"WebPage","@id":"https:\/\/dev.aliseo.de\/fr\/produit\/welcome-tray-solution-ensemble-complet-de-plateaux\/","url":"https:\/\/dev.aliseo.de\/fr\/produit\/welcome-tray-solution-ensemble-complet-de-plateaux\/","name":"Solution de bacs de bienvenue - ALISEO","isPartOf":{"@id":"https:\/\/dev.aliseo.de\/fr\/#website"},"primaryImageOfPage":{"@id":"https:\/\/dev.aliseo.de\/fr\/produit\/welcome-tray-solution-ensemble-complet-de-plateaux\/#primaryimage"},"image":{"@id":"https:\/\/dev.aliseo.de\/fr\/produit\/welcome-tray-solution-ensemble-complet-de-plateaux\/#primaryimage"},"thumbnailUrl":"https:\/\/dev.aliseo.de\/wp-content\/uploads\/2024\/11\/170229_Welcome_Tray_Solution_Empire.png","datePublished":"2024-11-12T11:03:10+00:00","dateModified":"2025-04-15T09:10:58+00:00","breadcrumb":{"@id":"https:\/\/dev.aliseo.de\/fr\/produit\/welcome-tray-solution-ensemble-complet-de-plateaux\/#breadcrumb"},"inLanguage":"fr-FR","potentialAction":[{"@type":"ReadAction","target":["https:\/\/dev.aliseo.de\/fr\/produit\/welcome-tray-solution-ensemble-complet-de-plateaux\/"]}]},{"@type":"ImageObject","inLanguage":"fr-FR","@id":"https:\/\/dev.aliseo.de\/fr\/produit\/welcome-tray-solution-ensemble-complet-de-plateaux\/#primaryimage","url":"https:\/\/dev.aliseo.de\/wp-content\/uploads\/2024\/11\/170229_Welcome_Tray_Solution_Empire.png","contentUrl":"https:\/\/dev.aliseo.de\/wp-content\/uploads\/2024\/11\/170229_Welcome_Tray_Solution_Empire.png","width":2500,"height":2500},{"@type":"BreadcrumbList","@id":"https:\/\/dev.aliseo.de\/fr\/produit\/welcome-tray-solution-ensemble-complet-de-plateaux\/#breadcrumb","itemListElement":[{"@type":"ListItem","position":1,"name":"Startseite","item":"https:\/\/dev.aliseo.de\/fr\/"},{"@type":"ListItem","position":2,"name":"Shop","item":"https:\/\/dev.aliseo.de\/fr\/shop\/"},{"@type":"ListItem","position":3,"name":"Solution de bacs de bienvenue"}]},{"@type":"WebSite","@id":"https:\/\/dev.aliseo.de\/fr\/#website","url":"https:\/\/dev.aliseo.de\/fr\/","name":"ALISEO","description":"","publisher":{"@id":"https:\/\/dev.aliseo.de\/fr\/#organization"},"potentialAction":[{"@type":"SearchAction","target":{"@type":"EntryPoint","urlTemplate":"https:\/\/dev.aliseo.de\/fr\/?s={search_term_string}"},"query-input":{"@type":"PropertyValueSpecification","valueRequired":true,"valueName":"search_term_string"}}],"inLanguage":"fr-FR"},{"@type":"Organization","@id":"https:\/\/dev.aliseo.de\/fr\/#organization","name":"ALISEO","url":"https:\/\/dev.aliseo.de\/fr\/","logo":{"@type":"ImageObject","inLanguage":"fr-FR","@id":"https:\/\/dev.aliseo.de\/fr\/#\/schema\/logo\/image\/","url":"https:\/\/dev.aliseo.de\/wp-content\/uploads\/2024\/10\/ALI_Logo_schwarz.png","contentUrl":"https:\/\/dev.aliseo.de\/wp-content\/uploads\/2024\/10\/ALI_Logo_schwarz.png","width":2551,"height":543,"caption":"ALISEO"},"image":{"@id":"https:\/\/dev.aliseo.de\/fr\/#\/schema\/logo\/image\/"},"sameAs":["https:\/\/www.facebook.com\/aliseogermany","https:\/\/www.youtube.com\/user\/aliseogermany","https:\/\/www.instagram.com\/aliseogermany\/","https:\/\/de.linkedin.com\/company\/aliseogermany"]}]}},"_links":{"self":[{"href":"https:\/\/dev.aliseo.de\/fr\/wp-json\/wp\/v2\/product\/12413","targetHints":{"allow":["GET"]}}],"collection":[{"href":"https:\/\/dev.aliseo.de\/fr\/wp-json\/wp\/v2\/product"}],"about":[{"href":"https:\/\/dev.aliseo.de\/fr\/wp-json\/wp\/v2\/types\/product"}],"replies":[{"embeddable":true,"href":"https:\/\/dev.aliseo.de\/fr\/wp-json\/wp\/v2\/comments?post=12413"}],"wp:featuredmedia":[{"embeddable":true,"href":"https:\/\/dev.aliseo.de\/fr\/wp-json\/wp\/v2\/media\/9160"}],"wp:attachment":[{"href":"https:\/\/dev.aliseo.de\/fr\/wp-json\/wp\/v2\/media?parent=12413"}],"wp:term":[{"taxonomy":"produktgruppe","embeddable":true,"href":"https:\/\/dev.aliseo.de\/fr\/wp-json\/wp\/v2\/produktgruppe?post=12413"},{"taxonomy":"product_brand","embeddable":true,"href":"https:\/\/dev.aliseo.de\/fr\/wp-json\/wp\/v2\/product_brand?post=12413"},{"taxonomy":"product_cat","embeddable":true,"href":"https:\/\/dev.aliseo.de\/fr\/wp-json\/wp\/v2\/product_cat?post=12413"},{"taxonomy":"product_tag","embeddable":true,"href":"https:\/\/dev.aliseo.de\/fr\/wp-json\/wp\/v2\/product_tag?post=12413"}],"curies":[{"name":"wp","href":"https:\/\/api.w.org\/{rel}","templated":true}]}}