{"id":12423,"date":"2024-11-12T11:03:08","date_gmt":"2024-11-12T11:03:08","guid":{"rendered":"https:\/\/compassionate-engelbart.185-243-11-33.plesk.page\/?post_type=product&#038;p=12423"},"modified":"2025-04-15T09:09:12","modified_gmt":"2025-04-15T09:09:12","slug":"porte-valises-sans-dossier-noir","status":"publish","type":"product","link":"https:\/\/dev.aliseo.de\/fr\/produit\/porte-valises-sans-dossier-noir\/","title":{"rendered":"porte-bagages"},"content":{"rendered":"<p>Cadre contemporain en acier tubulaire chrom\u00e9 avec courroie en polypropyl\u00e8ne noir r\u00e9sistant et embouts de protection pour les pieds.<\/p>\n<ul>\n<li>Structure en acier tubulaire de haute qualit\u00e9<\/li>\n<li>Courroies renforc\u00e9es en polypropyl\u00e8ne noir<\/li>\n<li>Charni\u00e8re articul\u00e9e robuste<\/li>\n<li>Pliable pour un gain de place<\/li>\n<\/ul>\n","protected":false},"excerpt":{"rendered":"<p>Cadre contemporain en acier tubulaire chrom\u00e9 avec courroie en polypropyl\u00e8ne noir r\u00e9sistant et embouts de protection pour les pieds. Structure en acier tubulaire de haute qualit\u00e9 Courroies renforc\u00e9es en polypropyl\u00e8ne noir Charni\u00e8re articul\u00e9e robuste Pliable pour un gain de place<\/p>\n","protected":false},"featured_media":9358,"comment_status":"closed","ping_status":"closed","template":"","meta":{"_acf_changed":false},"produktgruppe":[1824],"product_brand":[],"product_cat":[2265],"product_tag":[],"class_list":{"0":"post-12423","1":"product","2":"type-product","3":"status-publish","4":"has-post-thumbnail","6":"produktgruppe-kofferablagen","7":"product_cat-porte-bagages","9":"first","10":"instock","11":"shipping-taxable","12":"product-type-variable"},"acf":[],"yoast_head":"<!-- This site is optimized with the Yoast SEO plugin v27.2 - https:\/\/yoast.com\/product\/yoast-seo-wordpress\/ -->\n<title>porte-bagages - ALISEO<\/title>\n<meta name=\"robots\" content=\"noindex, follow, max-snippet:-1, max-image-preview:large, max-video-preview:-1\" \/>\n<meta property=\"og:locale\" content=\"fr_FR\" \/>\n<meta property=\"og:type\" content=\"article\" \/>\n<meta property=\"og:title\" content=\"porte-bagages - ALISEO\" \/>\n<meta property=\"og:description\" content=\"Cadre contemporain en acier tubulaire chrom\u00e9 avec courroie en polypropyl\u00e8ne noir r\u00e9sistant et embouts de protection pour les pieds. Structure en acier tubulaire de haute qualit\u00e9 Courroies renforc\u00e9es en polypropyl\u00e8ne noir Charni\u00e8re articul\u00e9e robuste Pliable pour un gain de place\" \/>\n<meta property=\"og:url\" content=\"https:\/\/dev.aliseo.de\/fr\/produit\/porte-valises-sans-dossier-noir\/\" \/>\n<meta property=\"og:site_name\" content=\"ALISEO\" \/>\n<meta property=\"article:publisher\" content=\"https:\/\/www.facebook.com\/aliseogermany\" \/>\n<meta property=\"article:modified_time\" content=\"2025-04-15T09:09:12+00:00\" \/>\n<meta property=\"og:image\" content=\"https:\/\/dev.aliseo.de\/wp-content\/uploads\/2024\/11\/080087_Kofferablage.png\" \/>\n\t<meta property=\"og:image:width\" content=\"2500\" \/>\n\t<meta property=\"og:image:height\" content=\"2500\" \/>\n\t<meta property=\"og:image:type\" content=\"image\/png\" \/>\n<meta name=\"twitter:card\" content=\"summary_large_image\" \/>\n<script type=\"application\/ld+json\" class=\"yoast-schema-graph\">{\"@context\":\"https:\/\/schema.org\",\"@graph\":[{\"@type\":\"WebPage\",\"@id\":\"https:\/\/dev.aliseo.de\/fr\/produit\/porte-valises-sans-dossier-noir\/\",\"url\":\"https:\/\/dev.aliseo.de\/fr\/produit\/porte-valises-sans-dossier-noir\/\",\"name\":\"porte-bagages - ALISEO\",\"isPartOf\":{\"@id\":\"https:\/\/dev.aliseo.de\/fr\/#website\"},\"primaryImageOfPage\":{\"@id\":\"https:\/\/dev.aliseo.de\/fr\/produit\/porte-valises-sans-dossier-noir\/#primaryimage\"},\"image\":{\"@id\":\"https:\/\/dev.aliseo.de\/fr\/produit\/porte-valises-sans-dossier-noir\/#primaryimage\"},\"thumbnailUrl\":\"https:\/\/dev.aliseo.de\/wp-content\/uploads\/2024\/11\/080087_Kofferablage.png\",\"datePublished\":\"2024-11-12T11:03:08+00:00\",\"dateModified\":\"2025-04-15T09:09:12+00:00\",\"breadcrumb\":{\"@id\":\"https:\/\/dev.aliseo.de\/fr\/produit\/porte-valises-sans-dossier-noir\/#breadcrumb\"},\"inLanguage\":\"fr-FR\",\"potentialAction\":[{\"@type\":\"ReadAction\",\"target\":[\"https:\/\/dev.aliseo.de\/fr\/produit\/porte-valises-sans-dossier-noir\/\"]}]},{\"@type\":\"ImageObject\",\"inLanguage\":\"fr-FR\",\"@id\":\"https:\/\/dev.aliseo.de\/fr\/produit\/porte-valises-sans-dossier-noir\/#primaryimage\",\"url\":\"https:\/\/dev.aliseo.de\/wp-content\/uploads\/2024\/11\/080087_Kofferablage.png\",\"contentUrl\":\"https:\/\/dev.aliseo.de\/wp-content\/uploads\/2024\/11\/080087_Kofferablage.png\",\"width\":2500,\"height\":2500},{\"@type\":\"BreadcrumbList\",\"@id\":\"https:\/\/dev.aliseo.de\/fr\/produit\/porte-valises-sans-dossier-noir\/#breadcrumb\",\"itemListElement\":[{\"@type\":\"ListItem\",\"position\":1,\"name\":\"Startseite\",\"item\":\"https:\/\/dev.aliseo.de\/fr\/\"},{\"@type\":\"ListItem\",\"position\":2,\"name\":\"Shop\",\"item\":\"https:\/\/dev.aliseo.de\/fr\/shop\/\"},{\"@type\":\"ListItem\",\"position\":3,\"name\":\"porte-bagages\"}]},{\"@type\":\"WebSite\",\"@id\":\"https:\/\/dev.aliseo.de\/fr\/#website\",\"url\":\"https:\/\/dev.aliseo.de\/fr\/\",\"name\":\"ALISEO\",\"description\":\"\",\"publisher\":{\"@id\":\"https:\/\/dev.aliseo.de\/fr\/#organization\"},\"potentialAction\":[{\"@type\":\"SearchAction\",\"target\":{\"@type\":\"EntryPoint\",\"urlTemplate\":\"https:\/\/dev.aliseo.de\/fr\/?s={search_term_string}\"},\"query-input\":{\"@type\":\"PropertyValueSpecification\",\"valueRequired\":true,\"valueName\":\"search_term_string\"}}],\"inLanguage\":\"fr-FR\"},{\"@type\":\"Organization\",\"@id\":\"https:\/\/dev.aliseo.de\/fr\/#organization\",\"name\":\"ALISEO\",\"url\":\"https:\/\/dev.aliseo.de\/fr\/\",\"logo\":{\"@type\":\"ImageObject\",\"inLanguage\":\"fr-FR\",\"@id\":\"https:\/\/dev.aliseo.de\/fr\/#\/schema\/logo\/image\/\",\"url\":\"https:\/\/dev.aliseo.de\/wp-content\/uploads\/2024\/10\/ALI_Logo_schwarz.png\",\"contentUrl\":\"https:\/\/dev.aliseo.de\/wp-content\/uploads\/2024\/10\/ALI_Logo_schwarz.png\",\"width\":2551,\"height\":543,\"caption\":\"ALISEO\"},\"image\":{\"@id\":\"https:\/\/dev.aliseo.de\/fr\/#\/schema\/logo\/image\/\"},\"sameAs\":[\"https:\/\/www.facebook.com\/aliseogermany\",\"https:\/\/www.youtube.com\/user\/aliseogermany\",\"https:\/\/www.instagram.com\/aliseogermany\/\",\"https:\/\/de.linkedin.com\/company\/aliseogermany\"]}]}<\/script>\n<!-- \/ Yoast SEO plugin. -->","yoast_head_json":{"title":"porte-bagages - ALISEO","robots":{"index":"noindex","follow":"follow","max-snippet":"max-snippet:-1","max-image-preview":"max-image-preview:large","max-video-preview":"max-video-preview:-1"},"og_locale":"fr_FR","og_type":"article","og_title":"porte-bagages - ALISEO","og_description":"Cadre contemporain en acier tubulaire chrom\u00e9 avec courroie en polypropyl\u00e8ne noir r\u00e9sistant et embouts de protection pour les pieds. Structure en acier tubulaire de haute qualit\u00e9 Courroies renforc\u00e9es en polypropyl\u00e8ne noir Charni\u00e8re articul\u00e9e robuste Pliable pour un gain de place","og_url":"https:\/\/dev.aliseo.de\/fr\/produit\/porte-valises-sans-dossier-noir\/","og_site_name":"ALISEO","article_publisher":"https:\/\/www.facebook.com\/aliseogermany","article_modified_time":"2025-04-15T09:09:12+00:00","og_image":[{"width":2500,"height":2500,"url":"https:\/\/dev.aliseo.de\/wp-content\/uploads\/2024\/11\/080087_Kofferablage.png","type":"image\/png"}],"twitter_card":"summary_large_image","schema":{"@context":"https:\/\/schema.org","@graph":[{"@type":"WebPage","@id":"https:\/\/dev.aliseo.de\/fr\/produit\/porte-valises-sans-dossier-noir\/","url":"https:\/\/dev.aliseo.de\/fr\/produit\/porte-valises-sans-dossier-noir\/","name":"porte-bagages - ALISEO","isPartOf":{"@id":"https:\/\/dev.aliseo.de\/fr\/#website"},"primaryImageOfPage":{"@id":"https:\/\/dev.aliseo.de\/fr\/produit\/porte-valises-sans-dossier-noir\/#primaryimage"},"image":{"@id":"https:\/\/dev.aliseo.de\/fr\/produit\/porte-valises-sans-dossier-noir\/#primaryimage"},"thumbnailUrl":"https:\/\/dev.aliseo.de\/wp-content\/uploads\/2024\/11\/080087_Kofferablage.png","datePublished":"2024-11-12T11:03:08+00:00","dateModified":"2025-04-15T09:09:12+00:00","breadcrumb":{"@id":"https:\/\/dev.aliseo.de\/fr\/produit\/porte-valises-sans-dossier-noir\/#breadcrumb"},"inLanguage":"fr-FR","potentialAction":[{"@type":"ReadAction","target":["https:\/\/dev.aliseo.de\/fr\/produit\/porte-valises-sans-dossier-noir\/"]}]},{"@type":"ImageObject","inLanguage":"fr-FR","@id":"https:\/\/dev.aliseo.de\/fr\/produit\/porte-valises-sans-dossier-noir\/#primaryimage","url":"https:\/\/dev.aliseo.de\/wp-content\/uploads\/2024\/11\/080087_Kofferablage.png","contentUrl":"https:\/\/dev.aliseo.de\/wp-content\/uploads\/2024\/11\/080087_Kofferablage.png","width":2500,"height":2500},{"@type":"BreadcrumbList","@id":"https:\/\/dev.aliseo.de\/fr\/produit\/porte-valises-sans-dossier-noir\/#breadcrumb","itemListElement":[{"@type":"ListItem","position":1,"name":"Startseite","item":"https:\/\/dev.aliseo.de\/fr\/"},{"@type":"ListItem","position":2,"name":"Shop","item":"https:\/\/dev.aliseo.de\/fr\/shop\/"},{"@type":"ListItem","position":3,"name":"porte-bagages"}]},{"@type":"WebSite","@id":"https:\/\/dev.aliseo.de\/fr\/#website","url":"https:\/\/dev.aliseo.de\/fr\/","name":"ALISEO","description":"","publisher":{"@id":"https:\/\/dev.aliseo.de\/fr\/#organization"},"potentialAction":[{"@type":"SearchAction","target":{"@type":"EntryPoint","urlTemplate":"https:\/\/dev.aliseo.de\/fr\/?s={search_term_string}"},"query-input":{"@type":"PropertyValueSpecification","valueRequired":true,"valueName":"search_term_string"}}],"inLanguage":"fr-FR"},{"@type":"Organization","@id":"https:\/\/dev.aliseo.de\/fr\/#organization","name":"ALISEO","url":"https:\/\/dev.aliseo.de\/fr\/","logo":{"@type":"ImageObject","inLanguage":"fr-FR","@id":"https:\/\/dev.aliseo.de\/fr\/#\/schema\/logo\/image\/","url":"https:\/\/dev.aliseo.de\/wp-content\/uploads\/2024\/10\/ALI_Logo_schwarz.png","contentUrl":"https:\/\/dev.aliseo.de\/wp-content\/uploads\/2024\/10\/ALI_Logo_schwarz.png","width":2551,"height":543,"caption":"ALISEO"},"image":{"@id":"https:\/\/dev.aliseo.de\/fr\/#\/schema\/logo\/image\/"},"sameAs":["https:\/\/www.facebook.com\/aliseogermany","https:\/\/www.youtube.com\/user\/aliseogermany","https:\/\/www.instagram.com\/aliseogermany\/","https:\/\/de.linkedin.com\/company\/aliseogermany"]}]}},"_links":{"self":[{"href":"https:\/\/dev.aliseo.de\/fr\/wp-json\/wp\/v2\/product\/12423","targetHints":{"allow":["GET"]}}],"collection":[{"href":"https:\/\/dev.aliseo.de\/fr\/wp-json\/wp\/v2\/product"}],"about":[{"href":"https:\/\/dev.aliseo.de\/fr\/wp-json\/wp\/v2\/types\/product"}],"replies":[{"embeddable":true,"href":"https:\/\/dev.aliseo.de\/fr\/wp-json\/wp\/v2\/comments?post=12423"}],"wp:featuredmedia":[{"embeddable":true,"href":"https:\/\/dev.aliseo.de\/fr\/wp-json\/wp\/v2\/media\/9358"}],"wp:attachment":[{"href":"https:\/\/dev.aliseo.de\/fr\/wp-json\/wp\/v2\/media?parent=12423"}],"wp:term":[{"taxonomy":"produktgruppe","embeddable":true,"href":"https:\/\/dev.aliseo.de\/fr\/wp-json\/wp\/v2\/produktgruppe?post=12423"},{"taxonomy":"product_brand","embeddable":true,"href":"https:\/\/dev.aliseo.de\/fr\/wp-json\/wp\/v2\/product_brand?post=12423"},{"taxonomy":"product_cat","embeddable":true,"href":"https:\/\/dev.aliseo.de\/fr\/wp-json\/wp\/v2\/product_cat?post=12423"},{"taxonomy":"product_tag","embeddable":true,"href":"https:\/\/dev.aliseo.de\/fr\/wp-json\/wp\/v2\/product_tag?post=12423"}],"curies":[{"name":"wp","href":"https:\/\/api.w.org\/{rel}","templated":true}]}}