{"id":12640,"date":"2024-11-12T11:46:56","date_gmt":"2024-11-12T11:46:56","guid":{"rendered":"https:\/\/compassionate-engelbart.185-243-11-33.plesk.page\/?post_type=product&#038;p=12640"},"modified":"2025-04-15T09:10:13","modified_gmt":"2025-04-15T09:10:13","slug":"tea-x-press-bouilloire","status":"publish","type":"product","link":"https:\/\/dev.aliseo.de\/fr\/produit\/tea-x-press-bouilloire\/","title":{"rendered":"TEA X-PRESS"},"content":{"rendered":"<p style=\"font-weight: 400;\">Simple, moderne et fonctionnel. TEA-X-PRESS est le parfait bouilloire pour le chambre d&rsquo;h\u00f4tes. Avec une tr\u00e8s petite contenance de 0,8 l, il est \u00e9conome en \u00e9nergie et \u00e9vite le gaspillage d&rsquo;eau.<br \/>\nSon design rectiligne s&rsquo;int\u00e8gre en outre parfaitement dans les designs d&rsquo;int\u00e9rieur r\u00e9duits.  <\/p>\n<ul>\n<li>H\u00f4tel-bouilloire<\/li>\n<li>Capacit\u00e9 de 0,8 litre<\/li>\n<li>\u00c9l\u00e9ment chauffant int\u00e9gr\u00e9<\/li>\n<li>Sans fil, pivotant \u00e0 360<\/li>\n<li>Arr\u00eat automatique et s\u00e9curit\u00e9 de cuisson \u00e0 sec<\/li>\n<li>Couvercle avec verrouillage<\/li>\n<li>Bo\u00eetier \u00e0 double paroi :\n<ul>\n<li>\u00e0 l&rsquo;int\u00e9rieur : Acier inoxydable<\/li>\n<li>ext\u00e9rieur : plastique thermo-isolant<\/li>\n<\/ul>\n<\/li>\n<\/ul>\n","protected":false},"excerpt":{"rendered":"<p>Simple, moderne et fonctionnel. TEA-X-PRESS est le parfait bouilloire pour le chambre d&rsquo;h\u00f4tes. Avec une tr\u00e8s petite contenance de 0,8 l, il est \u00e9conome en \u00e9nergie et \u00e9vite le gaspillage d&rsquo;eau. Son design rectiligne s&rsquo;int\u00e8gre en outre parfaitement dans les designs d&rsquo;int\u00e9rieur r\u00e9duits. H\u00f4tel-bouilloire Capacit\u00e9 de 0,8 litre \u00c9l\u00e9ment chauffant int\u00e9gr\u00e9 Sans fil, pivotant \u00e0 [&hellip;]<\/p>\n","protected":false},"featured_media":12656,"comment_status":"closed","ping_status":"closed","template":"","meta":{"_acf_changed":false},"produktgruppe":[],"product_brand":[],"product_cat":[2243,2225],"product_tag":[],"class_list":{"0":"post-12640","1":"product","2":"type-product","3":"status-publish","4":"has-post-thumbnail","6":"product_cat-bouilloires","7":"product_cat-tea-x-press","9":"first","10":"instock","11":"shipping-taxable","12":"product-type-simple"},"acf":[],"yoast_head":"<!-- This site is optimized with the Yoast SEO plugin v27.2 - https:\/\/yoast.com\/product\/yoast-seo-wordpress\/ -->\n<title>TEA X-PRESS - ALISEO<\/title>\n<meta name=\"robots\" content=\"noindex, follow, max-snippet:-1, max-image-preview:large, max-video-preview:-1\" \/>\n<meta property=\"og:locale\" content=\"fr_FR\" \/>\n<meta property=\"og:type\" content=\"article\" \/>\n<meta property=\"og:title\" content=\"TEA X-PRESS - ALISEO\" \/>\n<meta property=\"og:description\" content=\"Simple, moderne et fonctionnel. TEA-X-PRESS est le parfait bouilloire pour le chambre d&rsquo;h\u00f4tes. Avec une tr\u00e8s petite contenance de 0,8 l, il est \u00e9conome en \u00e9nergie et \u00e9vite le gaspillage d&rsquo;eau. Son design rectiligne s&rsquo;int\u00e8gre en outre parfaitement dans les designs d&rsquo;int\u00e9rieur r\u00e9duits. H\u00f4tel-bouilloire Capacit\u00e9 de 0,8 litre \u00c9l\u00e9ment chauffant int\u00e9gr\u00e9 Sans fil, pivotant \u00e0 [&hellip;]\" \/>\n<meta property=\"og:url\" content=\"https:\/\/dev.aliseo.de\/fr\/produit\/tea-x-press-bouilloire\/\" \/>\n<meta property=\"og:site_name\" content=\"ALISEO\" \/>\n<meta property=\"article:publisher\" content=\"https:\/\/www.facebook.com\/aliseogermany\" \/>\n<meta property=\"article:modified_time\" content=\"2025-04-15T09:10:13+00:00\" \/>\n<meta property=\"og:image\" content=\"https:\/\/dev.aliseo.de\/wp-content\/uploads\/2024\/11\/170300_Wasserkocher-TeaXpress.png\" \/>\n\t<meta property=\"og:image:width\" content=\"2500\" \/>\n\t<meta property=\"og:image:height\" content=\"2500\" \/>\n\t<meta property=\"og:image:type\" content=\"image\/png\" \/>\n<meta name=\"twitter:card\" content=\"summary_large_image\" \/>\n<script type=\"application\/ld+json\" class=\"yoast-schema-graph\">{\"@context\":\"https:\/\/schema.org\",\"@graph\":[{\"@type\":\"WebPage\",\"@id\":\"https:\/\/dev.aliseo.de\/fr\/produit\/tea-x-press-bouilloire\/\",\"url\":\"https:\/\/dev.aliseo.de\/fr\/produit\/tea-x-press-bouilloire\/\",\"name\":\"TEA X-PRESS - ALISEO\",\"isPartOf\":{\"@id\":\"https:\/\/dev.aliseo.de\/fr\/#website\"},\"primaryImageOfPage\":{\"@id\":\"https:\/\/dev.aliseo.de\/fr\/produit\/tea-x-press-bouilloire\/#primaryimage\"},\"image\":{\"@id\":\"https:\/\/dev.aliseo.de\/fr\/produit\/tea-x-press-bouilloire\/#primaryimage\"},\"thumbnailUrl\":\"https:\/\/dev.aliseo.de\/wp-content\/uploads\/2024\/11\/170300_Wasserkocher-TeaXpress.png\",\"datePublished\":\"2024-11-12T11:46:56+00:00\",\"dateModified\":\"2025-04-15T09:10:13+00:00\",\"breadcrumb\":{\"@id\":\"https:\/\/dev.aliseo.de\/fr\/produit\/tea-x-press-bouilloire\/#breadcrumb\"},\"inLanguage\":\"fr-FR\",\"potentialAction\":[{\"@type\":\"ReadAction\",\"target\":[\"https:\/\/dev.aliseo.de\/fr\/produit\/tea-x-press-bouilloire\/\"]}]},{\"@type\":\"ImageObject\",\"inLanguage\":\"fr-FR\",\"@id\":\"https:\/\/dev.aliseo.de\/fr\/produit\/tea-x-press-bouilloire\/#primaryimage\",\"url\":\"https:\/\/dev.aliseo.de\/wp-content\/uploads\/2024\/11\/170300_Wasserkocher-TeaXpress.png\",\"contentUrl\":\"https:\/\/dev.aliseo.de\/wp-content\/uploads\/2024\/11\/170300_Wasserkocher-TeaXpress.png\",\"width\":2500,\"height\":2500},{\"@type\":\"BreadcrumbList\",\"@id\":\"https:\/\/dev.aliseo.de\/fr\/produit\/tea-x-press-bouilloire\/#breadcrumb\",\"itemListElement\":[{\"@type\":\"ListItem\",\"position\":1,\"name\":\"Startseite\",\"item\":\"https:\/\/dev.aliseo.de\/fr\/\"},{\"@type\":\"ListItem\",\"position\":2,\"name\":\"Shop\",\"item\":\"https:\/\/dev.aliseo.de\/fr\/shop\/\"},{\"@type\":\"ListItem\",\"position\":3,\"name\":\"TEA X-PRESS\"}]},{\"@type\":\"WebSite\",\"@id\":\"https:\/\/dev.aliseo.de\/fr\/#website\",\"url\":\"https:\/\/dev.aliseo.de\/fr\/\",\"name\":\"ALISEO\",\"description\":\"\",\"publisher\":{\"@id\":\"https:\/\/dev.aliseo.de\/fr\/#organization\"},\"potentialAction\":[{\"@type\":\"SearchAction\",\"target\":{\"@type\":\"EntryPoint\",\"urlTemplate\":\"https:\/\/dev.aliseo.de\/fr\/?s={search_term_string}\"},\"query-input\":{\"@type\":\"PropertyValueSpecification\",\"valueRequired\":true,\"valueName\":\"search_term_string\"}}],\"inLanguage\":\"fr-FR\"},{\"@type\":\"Organization\",\"@id\":\"https:\/\/dev.aliseo.de\/fr\/#organization\",\"name\":\"ALISEO\",\"url\":\"https:\/\/dev.aliseo.de\/fr\/\",\"logo\":{\"@type\":\"ImageObject\",\"inLanguage\":\"fr-FR\",\"@id\":\"https:\/\/dev.aliseo.de\/fr\/#\/schema\/logo\/image\/\",\"url\":\"https:\/\/dev.aliseo.de\/wp-content\/uploads\/2024\/10\/ALI_Logo_schwarz.png\",\"contentUrl\":\"https:\/\/dev.aliseo.de\/wp-content\/uploads\/2024\/10\/ALI_Logo_schwarz.png\",\"width\":2551,\"height\":543,\"caption\":\"ALISEO\"},\"image\":{\"@id\":\"https:\/\/dev.aliseo.de\/fr\/#\/schema\/logo\/image\/\"},\"sameAs\":[\"https:\/\/www.facebook.com\/aliseogermany\",\"https:\/\/www.youtube.com\/user\/aliseogermany\",\"https:\/\/www.instagram.com\/aliseogermany\/\",\"https:\/\/de.linkedin.com\/company\/aliseogermany\"]}]}<\/script>\n<!-- \/ Yoast SEO plugin. -->","yoast_head_json":{"title":"TEA X-PRESS - ALISEO","robots":{"index":"noindex","follow":"follow","max-snippet":"max-snippet:-1","max-image-preview":"max-image-preview:large","max-video-preview":"max-video-preview:-1"},"og_locale":"fr_FR","og_type":"article","og_title":"TEA X-PRESS - ALISEO","og_description":"Simple, moderne et fonctionnel. TEA-X-PRESS est le parfait bouilloire pour le chambre d&rsquo;h\u00f4tes. Avec une tr\u00e8s petite contenance de 0,8 l, il est \u00e9conome en \u00e9nergie et \u00e9vite le gaspillage d&rsquo;eau. Son design rectiligne s&rsquo;int\u00e8gre en outre parfaitement dans les designs d&rsquo;int\u00e9rieur r\u00e9duits. H\u00f4tel-bouilloire Capacit\u00e9 de 0,8 litre \u00c9l\u00e9ment chauffant int\u00e9gr\u00e9 Sans fil, pivotant \u00e0 [&hellip;]","og_url":"https:\/\/dev.aliseo.de\/fr\/produit\/tea-x-press-bouilloire\/","og_site_name":"ALISEO","article_publisher":"https:\/\/www.facebook.com\/aliseogermany","article_modified_time":"2025-04-15T09:10:13+00:00","og_image":[{"width":2500,"height":2500,"url":"https:\/\/dev.aliseo.de\/wp-content\/uploads\/2024\/11\/170300_Wasserkocher-TeaXpress.png","type":"image\/png"}],"twitter_card":"summary_large_image","schema":{"@context":"https:\/\/schema.org","@graph":[{"@type":"WebPage","@id":"https:\/\/dev.aliseo.de\/fr\/produit\/tea-x-press-bouilloire\/","url":"https:\/\/dev.aliseo.de\/fr\/produit\/tea-x-press-bouilloire\/","name":"TEA X-PRESS - ALISEO","isPartOf":{"@id":"https:\/\/dev.aliseo.de\/fr\/#website"},"primaryImageOfPage":{"@id":"https:\/\/dev.aliseo.de\/fr\/produit\/tea-x-press-bouilloire\/#primaryimage"},"image":{"@id":"https:\/\/dev.aliseo.de\/fr\/produit\/tea-x-press-bouilloire\/#primaryimage"},"thumbnailUrl":"https:\/\/dev.aliseo.de\/wp-content\/uploads\/2024\/11\/170300_Wasserkocher-TeaXpress.png","datePublished":"2024-11-12T11:46:56+00:00","dateModified":"2025-04-15T09:10:13+00:00","breadcrumb":{"@id":"https:\/\/dev.aliseo.de\/fr\/produit\/tea-x-press-bouilloire\/#breadcrumb"},"inLanguage":"fr-FR","potentialAction":[{"@type":"ReadAction","target":["https:\/\/dev.aliseo.de\/fr\/produit\/tea-x-press-bouilloire\/"]}]},{"@type":"ImageObject","inLanguage":"fr-FR","@id":"https:\/\/dev.aliseo.de\/fr\/produit\/tea-x-press-bouilloire\/#primaryimage","url":"https:\/\/dev.aliseo.de\/wp-content\/uploads\/2024\/11\/170300_Wasserkocher-TeaXpress.png","contentUrl":"https:\/\/dev.aliseo.de\/wp-content\/uploads\/2024\/11\/170300_Wasserkocher-TeaXpress.png","width":2500,"height":2500},{"@type":"BreadcrumbList","@id":"https:\/\/dev.aliseo.de\/fr\/produit\/tea-x-press-bouilloire\/#breadcrumb","itemListElement":[{"@type":"ListItem","position":1,"name":"Startseite","item":"https:\/\/dev.aliseo.de\/fr\/"},{"@type":"ListItem","position":2,"name":"Shop","item":"https:\/\/dev.aliseo.de\/fr\/shop\/"},{"@type":"ListItem","position":3,"name":"TEA X-PRESS"}]},{"@type":"WebSite","@id":"https:\/\/dev.aliseo.de\/fr\/#website","url":"https:\/\/dev.aliseo.de\/fr\/","name":"ALISEO","description":"","publisher":{"@id":"https:\/\/dev.aliseo.de\/fr\/#organization"},"potentialAction":[{"@type":"SearchAction","target":{"@type":"EntryPoint","urlTemplate":"https:\/\/dev.aliseo.de\/fr\/?s={search_term_string}"},"query-input":{"@type":"PropertyValueSpecification","valueRequired":true,"valueName":"search_term_string"}}],"inLanguage":"fr-FR"},{"@type":"Organization","@id":"https:\/\/dev.aliseo.de\/fr\/#organization","name":"ALISEO","url":"https:\/\/dev.aliseo.de\/fr\/","logo":{"@type":"ImageObject","inLanguage":"fr-FR","@id":"https:\/\/dev.aliseo.de\/fr\/#\/schema\/logo\/image\/","url":"https:\/\/dev.aliseo.de\/wp-content\/uploads\/2024\/10\/ALI_Logo_schwarz.png","contentUrl":"https:\/\/dev.aliseo.de\/wp-content\/uploads\/2024\/10\/ALI_Logo_schwarz.png","width":2551,"height":543,"caption":"ALISEO"},"image":{"@id":"https:\/\/dev.aliseo.de\/fr\/#\/schema\/logo\/image\/"},"sameAs":["https:\/\/www.facebook.com\/aliseogermany","https:\/\/www.youtube.com\/user\/aliseogermany","https:\/\/www.instagram.com\/aliseogermany\/","https:\/\/de.linkedin.com\/company\/aliseogermany"]}]}},"_links":{"self":[{"href":"https:\/\/dev.aliseo.de\/fr\/wp-json\/wp\/v2\/product\/12640","targetHints":{"allow":["GET"]}}],"collection":[{"href":"https:\/\/dev.aliseo.de\/fr\/wp-json\/wp\/v2\/product"}],"about":[{"href":"https:\/\/dev.aliseo.de\/fr\/wp-json\/wp\/v2\/types\/product"}],"replies":[{"embeddable":true,"href":"https:\/\/dev.aliseo.de\/fr\/wp-json\/wp\/v2\/comments?post=12640"}],"wp:featuredmedia":[{"embeddable":true,"href":"https:\/\/dev.aliseo.de\/fr\/wp-json\/wp\/v2\/media\/12656"}],"wp:attachment":[{"href":"https:\/\/dev.aliseo.de\/fr\/wp-json\/wp\/v2\/media?parent=12640"}],"wp:term":[{"taxonomy":"produktgruppe","embeddable":true,"href":"https:\/\/dev.aliseo.de\/fr\/wp-json\/wp\/v2\/produktgruppe?post=12640"},{"taxonomy":"product_brand","embeddable":true,"href":"https:\/\/dev.aliseo.de\/fr\/wp-json\/wp\/v2\/product_brand?post=12640"},{"taxonomy":"product_cat","embeddable":true,"href":"https:\/\/dev.aliseo.de\/fr\/wp-json\/wp\/v2\/product_cat?post=12640"},{"taxonomy":"product_tag","embeddable":true,"href":"https:\/\/dev.aliseo.de\/fr\/wp-json\/wp\/v2\/product_tag?post=12640"}],"curies":[{"name":"wp","href":"https:\/\/api.w.org\/{rel}","templated":true}]}}