{"id":27498,"date":"2025-03-28T09:13:45","date_gmt":"2025-03-28T09:13:45","guid":{"rendered":"https:\/\/compassionate-engelbart.185-243-11-33.plesk.page\/?post_type=product&#038;p=27498"},"modified":"2025-04-16T06:24:14","modified_gmt":"2025-04-16T06:24:14","slug":"steamo-defroisseur","status":"publish","type":"product","link":"https:\/\/dev.aliseo.de\/fr\/produit\/steamo-defroisseur\/","title":{"rendered":"Steamo"},"content":{"rendered":"<p style=\"font-weight: 400;\">Parfois, ce sont les petites choses qui font la diff\u00e9rence. STEAMO est justement un de ces d\u00e9tails : un d\u00e9froisseur compact qui facilite la vie des invit\u00e9s. Qu&rsquo;il s&rsquo;agisse d&rsquo;un costume pour une r\u00e9union d&rsquo;affaires ou d&rsquo;une robe pour une soir\u00e9e, Steamo \u00e9limine facilement les plis et les froissements, sans avoir besoin de table \u00e0 repasser. Et au passage, les v\u00eatements re\u00e7oivent un coup de fra\u00eecheur vaporeux.   <\/p>\n<p style=\"font-weight: 400;\">Gr\u00e2ce \u00e0 sa taille pratique, STEAMO trouve facilement sa place dans les petits tiroirs et est livr\u00e9 dans un sac de rangement pratique. Il est ainsi toujours \u00e0 port\u00e9e de main lorsque vous avez besoin de vous d\u00e9p\u00eacher. <\/p>\n<ul>\n<li>Sac de rangement inclus<\/li>\n<li>2 niveaux de vapeur<\/li>\n<li>D\u00e9bit de vapeur de 13 \u00e0 20 g\/min<\/li>\n<li>R\u00e9servoir d&rsquo;eau 140 ml<\/li>\n<li>T\u00eate de brosse amovible<\/li>\n<li>C\u00e2ble de connexion prot\u00e9g\u00e9 contre la chaleur<\/li>\n<li>Longueur du c\u00e2ble : 190 cm<\/li>\n<li>230 V, 50\/60 Hz<\/li>\n<li>1000 W<\/li>\n<\/ul>\n","protected":false},"excerpt":{"rendered":"<p>Parfois, ce sont les petites choses qui font la diff\u00e9rence. STEAMO est justement un de ces d\u00e9tails : un d\u00e9froisseur compact qui facilite la vie des invit\u00e9s. Qu&rsquo;il s&rsquo;agisse d&rsquo;un costume pour une r\u00e9union d&rsquo;affaires ou d&rsquo;une robe pour une soir\u00e9e, Steamo \u00e9limine facilement les plis et les froissements, sans avoir besoin de table \u00e0 [&hellip;]<\/p>\n","protected":false},"featured_media":25592,"comment_status":"closed","ping_status":"closed","template":"","meta":{"_acf_changed":false},"produktgruppe":[2019],"product_brand":[],"product_cat":[2238,2282,2294],"product_tag":[],"class_list":{"0":"post-27498","1":"product","2":"type-product","3":"status-publish","4":"has-post-thumbnail","6":"produktgruppe-steamo","7":"product_cat-hotel-fer-a-repasser","8":"product_cat-repassage","9":"product_cat-steamo","11":"first","12":"instock","13":"featured","14":"shipping-taxable","15":"product-type-variable"},"acf":[],"yoast_head":"<!-- This site is optimized with the Yoast SEO plugin v27.2 - https:\/\/yoast.com\/product\/yoast-seo-wordpress\/ -->\n<title>Steamo - ALISEO<\/title>\n<meta name=\"robots\" content=\"noindex, follow, max-snippet:-1, max-image-preview:large, max-video-preview:-1\" \/>\n<meta property=\"og:locale\" content=\"fr_FR\" \/>\n<meta property=\"og:type\" content=\"article\" \/>\n<meta property=\"og:title\" content=\"Steamo - ALISEO\" \/>\n<meta property=\"og:description\" content=\"Parfois, ce sont les petites choses qui font la diff\u00e9rence. STEAMO est justement un de ces d\u00e9tails : un d\u00e9froisseur compact qui facilite la vie des invit\u00e9s. Qu&rsquo;il s&rsquo;agisse d&rsquo;un costume pour une r\u00e9union d&rsquo;affaires ou d&rsquo;une robe pour une soir\u00e9e, Steamo \u00e9limine facilement les plis et les froissements, sans avoir besoin de table \u00e0 [&hellip;]\" \/>\n<meta property=\"og:url\" content=\"https:\/\/dev.aliseo.de\/fr\/produit\/steamo-defroisseur\/\" \/>\n<meta property=\"og:site_name\" content=\"ALISEO\" \/>\n<meta property=\"article:publisher\" content=\"https:\/\/www.facebook.com\/aliseogermany\" \/>\n<meta property=\"article:modified_time\" content=\"2025-04-16T06:24:14+00:00\" \/>\n<meta property=\"og:image\" content=\"https:\/\/dev.aliseo.de\/wp-content\/uploads\/2025\/03\/160250_Dampfglaetter_Steamo_Ohne-Kabel.png\" \/>\n\t<meta property=\"og:image:width\" content=\"900\" \/>\n\t<meta property=\"og:image:height\" content=\"900\" \/>\n\t<meta property=\"og:image:type\" content=\"image\/png\" \/>\n<meta name=\"twitter:card\" content=\"summary_large_image\" \/>\n<meta name=\"twitter:label1\" content=\"Dur\u00e9e de lecture estim\u00e9e\" \/>\n\t<meta name=\"twitter:data1\" content=\"1 minute\" \/>\n<script type=\"application\/ld+json\" class=\"yoast-schema-graph\">{\"@context\":\"https:\/\/schema.org\",\"@graph\":[{\"@type\":\"WebPage\",\"@id\":\"https:\/\/dev.aliseo.de\/fr\/produit\/steamo-defroisseur\/\",\"url\":\"https:\/\/dev.aliseo.de\/fr\/produit\/steamo-defroisseur\/\",\"name\":\"Steamo - ALISEO\",\"isPartOf\":{\"@id\":\"https:\/\/dev.aliseo.de\/fr\/#website\"},\"primaryImageOfPage\":{\"@id\":\"https:\/\/dev.aliseo.de\/fr\/produit\/steamo-defroisseur\/#primaryimage\"},\"image\":{\"@id\":\"https:\/\/dev.aliseo.de\/fr\/produit\/steamo-defroisseur\/#primaryimage\"},\"thumbnailUrl\":\"https:\/\/dev.aliseo.de\/wp-content\/uploads\/2025\/03\/160250_Dampfglaetter_Steamo_Ohne-Kabel.png\",\"datePublished\":\"2025-03-28T09:13:45+00:00\",\"dateModified\":\"2025-04-16T06:24:14+00:00\",\"breadcrumb\":{\"@id\":\"https:\/\/dev.aliseo.de\/fr\/produit\/steamo-defroisseur\/#breadcrumb\"},\"inLanguage\":\"fr-FR\",\"potentialAction\":[{\"@type\":\"ReadAction\",\"target\":[\"https:\/\/dev.aliseo.de\/fr\/produit\/steamo-defroisseur\/\"]}]},{\"@type\":\"ImageObject\",\"inLanguage\":\"fr-FR\",\"@id\":\"https:\/\/dev.aliseo.de\/fr\/produit\/steamo-defroisseur\/#primaryimage\",\"url\":\"https:\/\/dev.aliseo.de\/wp-content\/uploads\/2025\/03\/160250_Dampfglaetter_Steamo_Ohne-Kabel.png\",\"contentUrl\":\"https:\/\/dev.aliseo.de\/wp-content\/uploads\/2025\/03\/160250_Dampfglaetter_Steamo_Ohne-Kabel.png\",\"width\":900,\"height\":900},{\"@type\":\"BreadcrumbList\",\"@id\":\"https:\/\/dev.aliseo.de\/fr\/produit\/steamo-defroisseur\/#breadcrumb\",\"itemListElement\":[{\"@type\":\"ListItem\",\"position\":1,\"name\":\"Startseite\",\"item\":\"https:\/\/dev.aliseo.de\/fr\/\"},{\"@type\":\"ListItem\",\"position\":2,\"name\":\"Shop\",\"item\":\"https:\/\/dev.aliseo.de\/fr\/shop\/\"},{\"@type\":\"ListItem\",\"position\":3,\"name\":\"Steamo\"}]},{\"@type\":\"WebSite\",\"@id\":\"https:\/\/dev.aliseo.de\/fr\/#website\",\"url\":\"https:\/\/dev.aliseo.de\/fr\/\",\"name\":\"ALISEO\",\"description\":\"\",\"publisher\":{\"@id\":\"https:\/\/dev.aliseo.de\/fr\/#organization\"},\"potentialAction\":[{\"@type\":\"SearchAction\",\"target\":{\"@type\":\"EntryPoint\",\"urlTemplate\":\"https:\/\/dev.aliseo.de\/fr\/?s={search_term_string}\"},\"query-input\":{\"@type\":\"PropertyValueSpecification\",\"valueRequired\":true,\"valueName\":\"search_term_string\"}}],\"inLanguage\":\"fr-FR\"},{\"@type\":\"Organization\",\"@id\":\"https:\/\/dev.aliseo.de\/fr\/#organization\",\"name\":\"ALISEO\",\"url\":\"https:\/\/dev.aliseo.de\/fr\/\",\"logo\":{\"@type\":\"ImageObject\",\"inLanguage\":\"fr-FR\",\"@id\":\"https:\/\/dev.aliseo.de\/fr\/#\/schema\/logo\/image\/\",\"url\":\"https:\/\/dev.aliseo.de\/wp-content\/uploads\/2024\/10\/ALI_Logo_schwarz.png\",\"contentUrl\":\"https:\/\/dev.aliseo.de\/wp-content\/uploads\/2024\/10\/ALI_Logo_schwarz.png\",\"width\":2551,\"height\":543,\"caption\":\"ALISEO\"},\"image\":{\"@id\":\"https:\/\/dev.aliseo.de\/fr\/#\/schema\/logo\/image\/\"},\"sameAs\":[\"https:\/\/www.facebook.com\/aliseogermany\",\"https:\/\/www.youtube.com\/user\/aliseogermany\",\"https:\/\/www.instagram.com\/aliseogermany\/\",\"https:\/\/de.linkedin.com\/company\/aliseogermany\"]}]}<\/script>\n<!-- \/ Yoast SEO plugin. -->","yoast_head_json":{"title":"Steamo - ALISEO","robots":{"index":"noindex","follow":"follow","max-snippet":"max-snippet:-1","max-image-preview":"max-image-preview:large","max-video-preview":"max-video-preview:-1"},"og_locale":"fr_FR","og_type":"article","og_title":"Steamo - ALISEO","og_description":"Parfois, ce sont les petites choses qui font la diff\u00e9rence. STEAMO est justement un de ces d\u00e9tails : un d\u00e9froisseur compact qui facilite la vie des invit\u00e9s. Qu&rsquo;il s&rsquo;agisse d&rsquo;un costume pour une r\u00e9union d&rsquo;affaires ou d&rsquo;une robe pour une soir\u00e9e, Steamo \u00e9limine facilement les plis et les froissements, sans avoir besoin de table \u00e0 [&hellip;]","og_url":"https:\/\/dev.aliseo.de\/fr\/produit\/steamo-defroisseur\/","og_site_name":"ALISEO","article_publisher":"https:\/\/www.facebook.com\/aliseogermany","article_modified_time":"2025-04-16T06:24:14+00:00","og_image":[{"width":900,"height":900,"url":"https:\/\/dev.aliseo.de\/wp-content\/uploads\/2025\/03\/160250_Dampfglaetter_Steamo_Ohne-Kabel.png","type":"image\/png"}],"twitter_card":"summary_large_image","twitter_misc":{"Dur\u00e9e de lecture estim\u00e9e":"1 minute"},"schema":{"@context":"https:\/\/schema.org","@graph":[{"@type":"WebPage","@id":"https:\/\/dev.aliseo.de\/fr\/produit\/steamo-defroisseur\/","url":"https:\/\/dev.aliseo.de\/fr\/produit\/steamo-defroisseur\/","name":"Steamo - ALISEO","isPartOf":{"@id":"https:\/\/dev.aliseo.de\/fr\/#website"},"primaryImageOfPage":{"@id":"https:\/\/dev.aliseo.de\/fr\/produit\/steamo-defroisseur\/#primaryimage"},"image":{"@id":"https:\/\/dev.aliseo.de\/fr\/produit\/steamo-defroisseur\/#primaryimage"},"thumbnailUrl":"https:\/\/dev.aliseo.de\/wp-content\/uploads\/2025\/03\/160250_Dampfglaetter_Steamo_Ohne-Kabel.png","datePublished":"2025-03-28T09:13:45+00:00","dateModified":"2025-04-16T06:24:14+00:00","breadcrumb":{"@id":"https:\/\/dev.aliseo.de\/fr\/produit\/steamo-defroisseur\/#breadcrumb"},"inLanguage":"fr-FR","potentialAction":[{"@type":"ReadAction","target":["https:\/\/dev.aliseo.de\/fr\/produit\/steamo-defroisseur\/"]}]},{"@type":"ImageObject","inLanguage":"fr-FR","@id":"https:\/\/dev.aliseo.de\/fr\/produit\/steamo-defroisseur\/#primaryimage","url":"https:\/\/dev.aliseo.de\/wp-content\/uploads\/2025\/03\/160250_Dampfglaetter_Steamo_Ohne-Kabel.png","contentUrl":"https:\/\/dev.aliseo.de\/wp-content\/uploads\/2025\/03\/160250_Dampfglaetter_Steamo_Ohne-Kabel.png","width":900,"height":900},{"@type":"BreadcrumbList","@id":"https:\/\/dev.aliseo.de\/fr\/produit\/steamo-defroisseur\/#breadcrumb","itemListElement":[{"@type":"ListItem","position":1,"name":"Startseite","item":"https:\/\/dev.aliseo.de\/fr\/"},{"@type":"ListItem","position":2,"name":"Shop","item":"https:\/\/dev.aliseo.de\/fr\/shop\/"},{"@type":"ListItem","position":3,"name":"Steamo"}]},{"@type":"WebSite","@id":"https:\/\/dev.aliseo.de\/fr\/#website","url":"https:\/\/dev.aliseo.de\/fr\/","name":"ALISEO","description":"","publisher":{"@id":"https:\/\/dev.aliseo.de\/fr\/#organization"},"potentialAction":[{"@type":"SearchAction","target":{"@type":"EntryPoint","urlTemplate":"https:\/\/dev.aliseo.de\/fr\/?s={search_term_string}"},"query-input":{"@type":"PropertyValueSpecification","valueRequired":true,"valueName":"search_term_string"}}],"inLanguage":"fr-FR"},{"@type":"Organization","@id":"https:\/\/dev.aliseo.de\/fr\/#organization","name":"ALISEO","url":"https:\/\/dev.aliseo.de\/fr\/","logo":{"@type":"ImageObject","inLanguage":"fr-FR","@id":"https:\/\/dev.aliseo.de\/fr\/#\/schema\/logo\/image\/","url":"https:\/\/dev.aliseo.de\/wp-content\/uploads\/2024\/10\/ALI_Logo_schwarz.png","contentUrl":"https:\/\/dev.aliseo.de\/wp-content\/uploads\/2024\/10\/ALI_Logo_schwarz.png","width":2551,"height":543,"caption":"ALISEO"},"image":{"@id":"https:\/\/dev.aliseo.de\/fr\/#\/schema\/logo\/image\/"},"sameAs":["https:\/\/www.facebook.com\/aliseogermany","https:\/\/www.youtube.com\/user\/aliseogermany","https:\/\/www.instagram.com\/aliseogermany\/","https:\/\/de.linkedin.com\/company\/aliseogermany"]}]}},"_links":{"self":[{"href":"https:\/\/dev.aliseo.de\/fr\/wp-json\/wp\/v2\/product\/27498","targetHints":{"allow":["GET"]}}],"collection":[{"href":"https:\/\/dev.aliseo.de\/fr\/wp-json\/wp\/v2\/product"}],"about":[{"href":"https:\/\/dev.aliseo.de\/fr\/wp-json\/wp\/v2\/types\/product"}],"replies":[{"embeddable":true,"href":"https:\/\/dev.aliseo.de\/fr\/wp-json\/wp\/v2\/comments?post=27498"}],"wp:featuredmedia":[{"embeddable":true,"href":"https:\/\/dev.aliseo.de\/fr\/wp-json\/wp\/v2\/media\/25592"}],"wp:attachment":[{"href":"https:\/\/dev.aliseo.de\/fr\/wp-json\/wp\/v2\/media?parent=27498"}],"wp:term":[{"taxonomy":"produktgruppe","embeddable":true,"href":"https:\/\/dev.aliseo.de\/fr\/wp-json\/wp\/v2\/produktgruppe?post=27498"},{"taxonomy":"product_brand","embeddable":true,"href":"https:\/\/dev.aliseo.de\/fr\/wp-json\/wp\/v2\/product_brand?post=27498"},{"taxonomy":"product_cat","embeddable":true,"href":"https:\/\/dev.aliseo.de\/fr\/wp-json\/wp\/v2\/product_cat?post=27498"},{"taxonomy":"product_tag","embeddable":true,"href":"https:\/\/dev.aliseo.de\/fr\/wp-json\/wp\/v2\/product_tag?post=27498"}],"curies":[{"name":"wp","href":"https:\/\/api.w.org\/{rel}","templated":true}]}}