{"id":27514,"date":"2025-03-28T09:24:51","date_gmt":"2025-03-28T09:24:51","guid":{"rendered":"https:\/\/compassionate-engelbart.185-243-11-33.plesk.page\/?post_type=product&#038;p=27514"},"modified":"2025-04-16T06:24:37","modified_gmt":"2025-04-16T06:24:37","slug":"onyx-fer-a-repasser","status":"publish","type":"product","link":"https:\/\/dev.aliseo.de\/fr\/produit\/onyx-fer-a-repasser\/","title":{"rendered":"Onyx"},"content":{"rendered":"<p>Le fer \u00e0 repasser \u00e0 vapeur ONYX combine puissance et efficacit\u00e9 avec un design \u00e9l\u00e9gant. La puissante fonction vapeur d\u00e9froisse les textiles sans effort, tandis que l&rsquo;arr\u00eat automatique en position debout ou couch\u00e9e assure une s\u00e9curit\u00e9 maximale. Parfait pour les chambres d&rsquo;h\u00f4tel au style affirm\u00e9, o\u00f9 la fonctionnalit\u00e9 et l&rsquo;esth\u00e9tique comptent tout autant.  <\/p>\n<ul>\n<li>fer \u00e0 repasser \u00e0 vapeur<\/li>\n<li>Double arr\u00eat automatique de s\u00e9curit\u00e9 :\n<ul>\n<li>en position horizontale apr\u00e8s 30 secondes<\/li>\n<li>en position verticale apr\u00e8s 8 minutes<\/li>\n<\/ul>\n<\/li>\n<li>Semelle de repassage en c\u00e9ramique antiadh\u00e9sive<\/li>\n<li>Syst\u00e8me anti-calcaire<\/li>\n<li>Syst\u00e8me anti-gouttes<\/li>\n<li>Fonction autonettoyante<\/li>\n<li>C\u00e2ble de connexion prot\u00e9g\u00e9 contre la chaleur<\/li>\n<li>Longueur du c\u00e2ble : 190 cm<\/li>\n<li>Classe de protection I<\/li>\n<li>220-240 V, 50<\/li>\n<\/ul>\n","protected":false},"excerpt":{"rendered":"<p>Le fer \u00e0 repasser \u00e0 vapeur ONYX combine puissance et efficacit\u00e9 avec un design \u00e9l\u00e9gant. La puissante fonction vapeur d\u00e9froisse les textiles sans effort, tandis que l&rsquo;arr\u00eat automatique en position debout ou couch\u00e9e assure une s\u00e9curit\u00e9 maximale. Parfait pour les chambres d&rsquo;h\u00f4tel au style affirm\u00e9, o\u00f9 la fonctionnalit\u00e9 et l&rsquo;esth\u00e9tique comptent tout autant. fer \u00e0 [&hellip;]<\/p>\n","protected":false},"featured_media":25742,"comment_status":"closed","ping_status":"closed","template":"","meta":{"_acf_changed":false},"produktgruppe":[2071,2072,2075,2076,2085],"product_brand":[],"product_cat":[2238,2293,2282],"product_tag":[],"class_list":{"0":"post-27514","1":"product","2":"type-product","3":"status-publish","4":"has-post-thumbnail","6":"produktgruppe-onyx_1","7":"produktgruppe-onyx_2","8":"produktgruppe-onyx_3","9":"produktgruppe-onyx_4","10":"produktgruppe-sicherheitshalter_onyx","11":"product_cat-hotel-fer-a-repasser","12":"product_cat-onyx","13":"product_cat-repassage","15":"first","16":"instock","17":"featured","18":"shipping-taxable","19":"product-type-variable"},"acf":[],"yoast_head":"<!-- This site is optimized with the Yoast SEO plugin v27.2 - https:\/\/yoast.com\/product\/yoast-seo-wordpress\/ -->\n<title>Onyx - ALISEO<\/title>\n<meta name=\"robots\" content=\"noindex, follow, max-snippet:-1, max-image-preview:large, max-video-preview:-1\" \/>\n<meta property=\"og:locale\" content=\"fr_FR\" \/>\n<meta property=\"og:type\" content=\"article\" \/>\n<meta property=\"og:title\" content=\"Onyx - ALISEO\" \/>\n<meta property=\"og:description\" content=\"Le fer \u00e0 repasser \u00e0 vapeur ONYX combine puissance et efficacit\u00e9 avec un design \u00e9l\u00e9gant. La puissante fonction vapeur d\u00e9froisse les textiles sans effort, tandis que l&rsquo;arr\u00eat automatique en position debout ou couch\u00e9e assure une s\u00e9curit\u00e9 maximale. Parfait pour les chambres d&rsquo;h\u00f4tel au style affirm\u00e9, o\u00f9 la fonctionnalit\u00e9 et l&rsquo;esth\u00e9tique comptent tout autant. fer \u00e0 [&hellip;]\" \/>\n<meta property=\"og:url\" content=\"https:\/\/dev.aliseo.de\/fr\/produit\/onyx-fer-a-repasser\/\" \/>\n<meta property=\"og:site_name\" content=\"ALISEO\" \/>\n<meta property=\"article:publisher\" content=\"https:\/\/www.facebook.com\/aliseogermany\" \/>\n<meta property=\"article:modified_time\" content=\"2025-04-16T06:24:37+00:00\" \/>\n<meta property=\"og:image\" content=\"https:\/\/dev.aliseo.de\/wp-content\/uploads\/2025\/03\/160230_Buegeleisen_Onyx_2.png\" \/>\n\t<meta property=\"og:image:width\" content=\"900\" \/>\n\t<meta property=\"og:image:height\" content=\"900\" \/>\n\t<meta property=\"og:image:type\" content=\"image\/png\" \/>\n<meta name=\"twitter:card\" content=\"summary_large_image\" \/>\n<meta name=\"twitter:label1\" content=\"Dur\u00e9e de lecture estim\u00e9e\" \/>\n\t<meta name=\"twitter:data1\" content=\"1 minute\" \/>\n<script type=\"application\/ld+json\" class=\"yoast-schema-graph\">{\"@context\":\"https:\/\/schema.org\",\"@graph\":[{\"@type\":\"WebPage\",\"@id\":\"https:\/\/dev.aliseo.de\/fr\/produit\/onyx-fer-a-repasser\/\",\"url\":\"https:\/\/dev.aliseo.de\/fr\/produit\/onyx-fer-a-repasser\/\",\"name\":\"Onyx - ALISEO\",\"isPartOf\":{\"@id\":\"https:\/\/dev.aliseo.de\/fr\/#website\"},\"primaryImageOfPage\":{\"@id\":\"https:\/\/dev.aliseo.de\/fr\/produit\/onyx-fer-a-repasser\/#primaryimage\"},\"image\":{\"@id\":\"https:\/\/dev.aliseo.de\/fr\/produit\/onyx-fer-a-repasser\/#primaryimage\"},\"thumbnailUrl\":\"https:\/\/dev.aliseo.de\/wp-content\/uploads\/2025\/03\/160230_Buegeleisen_Onyx_2.png\",\"datePublished\":\"2025-03-28T09:24:51+00:00\",\"dateModified\":\"2025-04-16T06:24:37+00:00\",\"breadcrumb\":{\"@id\":\"https:\/\/dev.aliseo.de\/fr\/produit\/onyx-fer-a-repasser\/#breadcrumb\"},\"inLanguage\":\"fr-FR\",\"potentialAction\":[{\"@type\":\"ReadAction\",\"target\":[\"https:\/\/dev.aliseo.de\/fr\/produit\/onyx-fer-a-repasser\/\"]}]},{\"@type\":\"ImageObject\",\"inLanguage\":\"fr-FR\",\"@id\":\"https:\/\/dev.aliseo.de\/fr\/produit\/onyx-fer-a-repasser\/#primaryimage\",\"url\":\"https:\/\/dev.aliseo.de\/wp-content\/uploads\/2025\/03\/160230_Buegeleisen_Onyx_2.png\",\"contentUrl\":\"https:\/\/dev.aliseo.de\/wp-content\/uploads\/2025\/03\/160230_Buegeleisen_Onyx_2.png\",\"width\":900,\"height\":900},{\"@type\":\"BreadcrumbList\",\"@id\":\"https:\/\/dev.aliseo.de\/fr\/produit\/onyx-fer-a-repasser\/#breadcrumb\",\"itemListElement\":[{\"@type\":\"ListItem\",\"position\":1,\"name\":\"Startseite\",\"item\":\"https:\/\/dev.aliseo.de\/fr\/\"},{\"@type\":\"ListItem\",\"position\":2,\"name\":\"Shop\",\"item\":\"https:\/\/dev.aliseo.de\/fr\/shop\/\"},{\"@type\":\"ListItem\",\"position\":3,\"name\":\"Onyx\"}]},{\"@type\":\"WebSite\",\"@id\":\"https:\/\/dev.aliseo.de\/fr\/#website\",\"url\":\"https:\/\/dev.aliseo.de\/fr\/\",\"name\":\"ALISEO\",\"description\":\"\",\"publisher\":{\"@id\":\"https:\/\/dev.aliseo.de\/fr\/#organization\"},\"potentialAction\":[{\"@type\":\"SearchAction\",\"target\":{\"@type\":\"EntryPoint\",\"urlTemplate\":\"https:\/\/dev.aliseo.de\/fr\/?s={search_term_string}\"},\"query-input\":{\"@type\":\"PropertyValueSpecification\",\"valueRequired\":true,\"valueName\":\"search_term_string\"}}],\"inLanguage\":\"fr-FR\"},{\"@type\":\"Organization\",\"@id\":\"https:\/\/dev.aliseo.de\/fr\/#organization\",\"name\":\"ALISEO\",\"url\":\"https:\/\/dev.aliseo.de\/fr\/\",\"logo\":{\"@type\":\"ImageObject\",\"inLanguage\":\"fr-FR\",\"@id\":\"https:\/\/dev.aliseo.de\/fr\/#\/schema\/logo\/image\/\",\"url\":\"https:\/\/dev.aliseo.de\/wp-content\/uploads\/2024\/10\/ALI_Logo_schwarz.png\",\"contentUrl\":\"https:\/\/dev.aliseo.de\/wp-content\/uploads\/2024\/10\/ALI_Logo_schwarz.png\",\"width\":2551,\"height\":543,\"caption\":\"ALISEO\"},\"image\":{\"@id\":\"https:\/\/dev.aliseo.de\/fr\/#\/schema\/logo\/image\/\"},\"sameAs\":[\"https:\/\/www.facebook.com\/aliseogermany\",\"https:\/\/www.youtube.com\/user\/aliseogermany\",\"https:\/\/www.instagram.com\/aliseogermany\/\",\"https:\/\/de.linkedin.com\/company\/aliseogermany\"]}]}<\/script>\n<!-- \/ Yoast SEO plugin. -->","yoast_head_json":{"title":"Onyx - ALISEO","robots":{"index":"noindex","follow":"follow","max-snippet":"max-snippet:-1","max-image-preview":"max-image-preview:large","max-video-preview":"max-video-preview:-1"},"og_locale":"fr_FR","og_type":"article","og_title":"Onyx - ALISEO","og_description":"Le fer \u00e0 repasser \u00e0 vapeur ONYX combine puissance et efficacit\u00e9 avec un design \u00e9l\u00e9gant. La puissante fonction vapeur d\u00e9froisse les textiles sans effort, tandis que l&rsquo;arr\u00eat automatique en position debout ou couch\u00e9e assure une s\u00e9curit\u00e9 maximale. Parfait pour les chambres d&rsquo;h\u00f4tel au style affirm\u00e9, o\u00f9 la fonctionnalit\u00e9 et l&rsquo;esth\u00e9tique comptent tout autant. fer \u00e0 [&hellip;]","og_url":"https:\/\/dev.aliseo.de\/fr\/produit\/onyx-fer-a-repasser\/","og_site_name":"ALISEO","article_publisher":"https:\/\/www.facebook.com\/aliseogermany","article_modified_time":"2025-04-16T06:24:37+00:00","og_image":[{"width":900,"height":900,"url":"https:\/\/dev.aliseo.de\/wp-content\/uploads\/2025\/03\/160230_Buegeleisen_Onyx_2.png","type":"image\/png"}],"twitter_card":"summary_large_image","twitter_misc":{"Dur\u00e9e de lecture estim\u00e9e":"1 minute"},"schema":{"@context":"https:\/\/schema.org","@graph":[{"@type":"WebPage","@id":"https:\/\/dev.aliseo.de\/fr\/produit\/onyx-fer-a-repasser\/","url":"https:\/\/dev.aliseo.de\/fr\/produit\/onyx-fer-a-repasser\/","name":"Onyx - ALISEO","isPartOf":{"@id":"https:\/\/dev.aliseo.de\/fr\/#website"},"primaryImageOfPage":{"@id":"https:\/\/dev.aliseo.de\/fr\/produit\/onyx-fer-a-repasser\/#primaryimage"},"image":{"@id":"https:\/\/dev.aliseo.de\/fr\/produit\/onyx-fer-a-repasser\/#primaryimage"},"thumbnailUrl":"https:\/\/dev.aliseo.de\/wp-content\/uploads\/2025\/03\/160230_Buegeleisen_Onyx_2.png","datePublished":"2025-03-28T09:24:51+00:00","dateModified":"2025-04-16T06:24:37+00:00","breadcrumb":{"@id":"https:\/\/dev.aliseo.de\/fr\/produit\/onyx-fer-a-repasser\/#breadcrumb"},"inLanguage":"fr-FR","potentialAction":[{"@type":"ReadAction","target":["https:\/\/dev.aliseo.de\/fr\/produit\/onyx-fer-a-repasser\/"]}]},{"@type":"ImageObject","inLanguage":"fr-FR","@id":"https:\/\/dev.aliseo.de\/fr\/produit\/onyx-fer-a-repasser\/#primaryimage","url":"https:\/\/dev.aliseo.de\/wp-content\/uploads\/2025\/03\/160230_Buegeleisen_Onyx_2.png","contentUrl":"https:\/\/dev.aliseo.de\/wp-content\/uploads\/2025\/03\/160230_Buegeleisen_Onyx_2.png","width":900,"height":900},{"@type":"BreadcrumbList","@id":"https:\/\/dev.aliseo.de\/fr\/produit\/onyx-fer-a-repasser\/#breadcrumb","itemListElement":[{"@type":"ListItem","position":1,"name":"Startseite","item":"https:\/\/dev.aliseo.de\/fr\/"},{"@type":"ListItem","position":2,"name":"Shop","item":"https:\/\/dev.aliseo.de\/fr\/shop\/"},{"@type":"ListItem","position":3,"name":"Onyx"}]},{"@type":"WebSite","@id":"https:\/\/dev.aliseo.de\/fr\/#website","url":"https:\/\/dev.aliseo.de\/fr\/","name":"ALISEO","description":"","publisher":{"@id":"https:\/\/dev.aliseo.de\/fr\/#organization"},"potentialAction":[{"@type":"SearchAction","target":{"@type":"EntryPoint","urlTemplate":"https:\/\/dev.aliseo.de\/fr\/?s={search_term_string}"},"query-input":{"@type":"PropertyValueSpecification","valueRequired":true,"valueName":"search_term_string"}}],"inLanguage":"fr-FR"},{"@type":"Organization","@id":"https:\/\/dev.aliseo.de\/fr\/#organization","name":"ALISEO","url":"https:\/\/dev.aliseo.de\/fr\/","logo":{"@type":"ImageObject","inLanguage":"fr-FR","@id":"https:\/\/dev.aliseo.de\/fr\/#\/schema\/logo\/image\/","url":"https:\/\/dev.aliseo.de\/wp-content\/uploads\/2024\/10\/ALI_Logo_schwarz.png","contentUrl":"https:\/\/dev.aliseo.de\/wp-content\/uploads\/2024\/10\/ALI_Logo_schwarz.png","width":2551,"height":543,"caption":"ALISEO"},"image":{"@id":"https:\/\/dev.aliseo.de\/fr\/#\/schema\/logo\/image\/"},"sameAs":["https:\/\/www.facebook.com\/aliseogermany","https:\/\/www.youtube.com\/user\/aliseogermany","https:\/\/www.instagram.com\/aliseogermany\/","https:\/\/de.linkedin.com\/company\/aliseogermany"]}]}},"_links":{"self":[{"href":"https:\/\/dev.aliseo.de\/fr\/wp-json\/wp\/v2\/product\/27514","targetHints":{"allow":["GET"]}}],"collection":[{"href":"https:\/\/dev.aliseo.de\/fr\/wp-json\/wp\/v2\/product"}],"about":[{"href":"https:\/\/dev.aliseo.de\/fr\/wp-json\/wp\/v2\/types\/product"}],"replies":[{"embeddable":true,"href":"https:\/\/dev.aliseo.de\/fr\/wp-json\/wp\/v2\/comments?post=27514"}],"wp:featuredmedia":[{"embeddable":true,"href":"https:\/\/dev.aliseo.de\/fr\/wp-json\/wp\/v2\/media\/25742"}],"wp:attachment":[{"href":"https:\/\/dev.aliseo.de\/fr\/wp-json\/wp\/v2\/media?parent=27514"}],"wp:term":[{"taxonomy":"produktgruppe","embeddable":true,"href":"https:\/\/dev.aliseo.de\/fr\/wp-json\/wp\/v2\/produktgruppe?post=27514"},{"taxonomy":"product_brand","embeddable":true,"href":"https:\/\/dev.aliseo.de\/fr\/wp-json\/wp\/v2\/product_brand?post=27514"},{"taxonomy":"product_cat","embeddable":true,"href":"https:\/\/dev.aliseo.de\/fr\/wp-json\/wp\/v2\/product_cat?post=27514"},{"taxonomy":"product_tag","embeddable":true,"href":"https:\/\/dev.aliseo.de\/fr\/wp-json\/wp\/v2\/product_tag?post=27514"}],"curies":[{"name":"wp","href":"https:\/\/api.w.org\/{rel}","templated":true}]}}