{"id":27759,"date":"2025-03-28T12:55:53","date_gmt":"2025-03-28T12:55:53","guid":{"rendered":"https:\/\/compassionate-engelbart.185-243-11-33.plesk.page\/?post_type=product&#038;p=27759"},"modified":"2025-04-15T12:55:32","modified_gmt":"2025-04-15T12:55:32","slug":"mini-max-onyx-station-de-repassage","status":"publish","type":"product","link":"https:\/\/dev.aliseo.de\/fr\/produit\/mini-max-onyx-station-de-repassage\/","title":{"rendered":"MINI-MAX ONYX"},"content":{"rendered":"<p>CONTENU DE LA LIVRAISON<\/p>\n<ul>\n<li>fer \u00e0 repasser \u00e0 vapeur ONYX<\/li>\n<li>table \u00e0 repasser MINI-MAX<\/li>\n<li>support de s\u00e9curit\u00e9 pour fer \u00e0 repasser<\/li>\n<li>Crochet de suspension<\/li>\n<li>Raccordement \u00e9lectrique avec c\u00e2ble d&rsquo;alimentation<\/li>\n<li>Housse<\/li>\n<\/ul>\n<p>TABLE \u00c0 REPASSER MINI-MAX<\/p>\n<ul>\n<li>Dimensions suspendues : 40 x 116 x 22 cm<\/li>\n<li>Surface de repassage 40 x 100 cm<\/li>\n<li>R\u00e9glable en hauteur jusqu&rsquo;\u00e0 78 cm<\/li>\n<li>Housse grise rembourr\u00e9e et r\u00e9sistante \u00e0 la chaleur<\/li>\n<li>Crochet de suspension pliable<\/li>\n<li>Raccordement \u00e9lectrique avec c\u00e2ble d&rsquo;alimentation 180 cm<\/li>\n<li>Ch\u00e2ssis stable avec s\u00e9curit\u00e9 de transport<\/li>\n<li>Mat\u00e9riau de la structure : tube d&rsquo;acier avec rev\u00eatement en poudre gris fonc\u00e9<\/li>\n<\/ul>\n<p>FER \u00c0 VAPEUR ONYX<\/p>\n<ul>\n<li>Double arr\u00eat automatique de s\u00e9curit\u00e9 :\n<ul>\n<li>en position horizontale apr\u00e8s 30 secondes<\/li>\n<li>en position verticale apr\u00e8s 8 minutes<\/li>\n<\/ul>\n<\/li>\n<li>Semelle de repassage en c\u00e9ramique antiadh\u00e9sive<\/li>\n<li>Syst\u00e8me anti-calcaire<\/li>\n<li>Syst\u00e8me anti-gouttes<\/li>\n<li>Fonction autonettoyante<\/li>\n<li>C\u00e2ble de connexion prot\u00e9g\u00e9 contre la chaleur, longueur du c\u00e2ble en cm : 190<\/li>\n<li>Classe de protection I<\/li>\n<li>220-240 V, 50\/60 Hz<\/li>\n<li>2000-2400 W<\/li>\n<\/ul>\n<p>SUPPORT DE S\u00c9CURIT\u00c9 POUR FER \u00c0 REPASSER<\/p>\n<ul>\n<li>Support r\u00e9sistant \u00e0 la chaleur<\/li>\n<li>Protection contre le vol : enrouleur de c\u00e2ble s\u00e9curis\u00e9 par un support<\/li>\n<li>Tampons en silicone r\u00e9sistants \u00e0 la chaleur pour \u00e9viter les rayures<\/li>\n<\/ul>\n","protected":false},"excerpt":{"rendered":"<p>CONTENU DE LA LIVRAISON fer \u00e0 repasser \u00e0 vapeur ONYX table \u00e0 repasser MINI-MAX support de s\u00e9curit\u00e9 pour fer \u00e0 repasser Crochet de suspension Raccordement \u00e9lectrique avec c\u00e2ble d&rsquo;alimentation Housse TABLE \u00c0 REPASSER MINI-MAX Dimensions suspendues : 40 x 116 x 22 cm Surface de repassage 40 x 100 cm R\u00e9glable en hauteur jusqu&rsquo;\u00e0 78 [&hellip;]<\/p>\n","protected":false},"featured_media":25562,"comment_status":"closed","ping_status":"closed","template":"","meta":{"_acf_changed":false},"produktgruppe":[1811,2075,2082],"product_brand":[],"product_cat":[2268,2293,2282],"product_tag":[],"class_list":{"0":"post-27759","1":"product","2":"type-product","3":"status-publish","4":"has-post-thumbnail","6":"produktgruppe-mini-max-1","7":"produktgruppe-onyx_3","8":"produktgruppe-sicherheitshalter_mini-max","9":"product_cat-mini-max","10":"product_cat-onyx","11":"product_cat-repassage","13":"first","14":"instock","15":"featured","16":"shipping-taxable","17":"product-type-variable"},"acf":[],"yoast_head":"<!-- This site is optimized with the Yoast SEO plugin v27.2 - https:\/\/yoast.com\/product\/yoast-seo-wordpress\/ -->\n<title>MINI-MAX ONYX - ALISEO<\/title>\n<meta name=\"robots\" content=\"noindex, follow, max-snippet:-1, max-image-preview:large, max-video-preview:-1\" \/>\n<meta property=\"og:locale\" content=\"fr_FR\" \/>\n<meta property=\"og:type\" content=\"article\" \/>\n<meta property=\"og:title\" content=\"MINI-MAX ONYX - ALISEO\" \/>\n<meta property=\"og:description\" content=\"CONTENU DE LA LIVRAISON fer \u00e0 repasser \u00e0 vapeur ONYX table \u00e0 repasser MINI-MAX support de s\u00e9curit\u00e9 pour fer \u00e0 repasser Crochet de suspension Raccordement \u00e9lectrique avec c\u00e2ble d&rsquo;alimentation Housse TABLE \u00c0 REPASSER MINI-MAX Dimensions suspendues : 40 x 116 x 22 cm Surface de repassage 40 x 100 cm R\u00e9glable en hauteur jusqu&rsquo;\u00e0 78 [&hellip;]\" \/>\n<meta property=\"og:url\" content=\"https:\/\/dev.aliseo.de\/fr\/produit\/mini-max-onyx-station-de-repassage\/\" \/>\n<meta property=\"og:site_name\" content=\"ALISEO\" \/>\n<meta property=\"article:publisher\" content=\"https:\/\/www.facebook.com\/aliseogermany\" \/>\n<meta property=\"article:modified_time\" content=\"2025-04-15T12:55:32+00:00\" \/>\n<meta property=\"og:image\" content=\"https:\/\/dev.aliseo.de\/wp-content\/uploads\/2025\/03\/160242_Mini-Max_Onyx.png\" \/>\n\t<meta property=\"og:image:width\" content=\"900\" \/>\n\t<meta property=\"og:image:height\" content=\"900\" \/>\n\t<meta property=\"og:image:type\" content=\"image\/png\" \/>\n<meta name=\"twitter:card\" content=\"summary_large_image\" \/>\n<meta name=\"twitter:label1\" content=\"Dur\u00e9e de lecture estim\u00e9e\" \/>\n\t<meta name=\"twitter:data1\" content=\"1 minute\" \/>\n<script type=\"application\/ld+json\" class=\"yoast-schema-graph\">{\"@context\":\"https:\/\/schema.org\",\"@graph\":[{\"@type\":\"WebPage\",\"@id\":\"https:\/\/dev.aliseo.de\/fr\/produit\/mini-max-onyx-station-de-repassage\/\",\"url\":\"https:\/\/dev.aliseo.de\/fr\/produit\/mini-max-onyx-station-de-repassage\/\",\"name\":\"MINI-MAX ONYX - ALISEO\",\"isPartOf\":{\"@id\":\"https:\/\/dev.aliseo.de\/fr\/#website\"},\"primaryImageOfPage\":{\"@id\":\"https:\/\/dev.aliseo.de\/fr\/produit\/mini-max-onyx-station-de-repassage\/#primaryimage\"},\"image\":{\"@id\":\"https:\/\/dev.aliseo.de\/fr\/produit\/mini-max-onyx-station-de-repassage\/#primaryimage\"},\"thumbnailUrl\":\"https:\/\/dev.aliseo.de\/wp-content\/uploads\/2025\/03\/160242_Mini-Max_Onyx.png\",\"datePublished\":\"2025-03-28T12:55:53+00:00\",\"dateModified\":\"2025-04-15T12:55:32+00:00\",\"breadcrumb\":{\"@id\":\"https:\/\/dev.aliseo.de\/fr\/produit\/mini-max-onyx-station-de-repassage\/#breadcrumb\"},\"inLanguage\":\"fr-FR\",\"potentialAction\":[{\"@type\":\"ReadAction\",\"target\":[\"https:\/\/dev.aliseo.de\/fr\/produit\/mini-max-onyx-station-de-repassage\/\"]}]},{\"@type\":\"ImageObject\",\"inLanguage\":\"fr-FR\",\"@id\":\"https:\/\/dev.aliseo.de\/fr\/produit\/mini-max-onyx-station-de-repassage\/#primaryimage\",\"url\":\"https:\/\/dev.aliseo.de\/wp-content\/uploads\/2025\/03\/160242_Mini-Max_Onyx.png\",\"contentUrl\":\"https:\/\/dev.aliseo.de\/wp-content\/uploads\/2025\/03\/160242_Mini-Max_Onyx.png\",\"width\":900,\"height\":900},{\"@type\":\"BreadcrumbList\",\"@id\":\"https:\/\/dev.aliseo.de\/fr\/produit\/mini-max-onyx-station-de-repassage\/#breadcrumb\",\"itemListElement\":[{\"@type\":\"ListItem\",\"position\":1,\"name\":\"Startseite\",\"item\":\"https:\/\/dev.aliseo.de\/fr\/\"},{\"@type\":\"ListItem\",\"position\":2,\"name\":\"Shop\",\"item\":\"https:\/\/dev.aliseo.de\/fr\/shop\/\"},{\"@type\":\"ListItem\",\"position\":3,\"name\":\"MINI-MAX ONYX\"}]},{\"@type\":\"WebSite\",\"@id\":\"https:\/\/dev.aliseo.de\/fr\/#website\",\"url\":\"https:\/\/dev.aliseo.de\/fr\/\",\"name\":\"ALISEO\",\"description\":\"\",\"publisher\":{\"@id\":\"https:\/\/dev.aliseo.de\/fr\/#organization\"},\"potentialAction\":[{\"@type\":\"SearchAction\",\"target\":{\"@type\":\"EntryPoint\",\"urlTemplate\":\"https:\/\/dev.aliseo.de\/fr\/?s={search_term_string}\"},\"query-input\":{\"@type\":\"PropertyValueSpecification\",\"valueRequired\":true,\"valueName\":\"search_term_string\"}}],\"inLanguage\":\"fr-FR\"},{\"@type\":\"Organization\",\"@id\":\"https:\/\/dev.aliseo.de\/fr\/#organization\",\"name\":\"ALISEO\",\"url\":\"https:\/\/dev.aliseo.de\/fr\/\",\"logo\":{\"@type\":\"ImageObject\",\"inLanguage\":\"fr-FR\",\"@id\":\"https:\/\/dev.aliseo.de\/fr\/#\/schema\/logo\/image\/\",\"url\":\"https:\/\/dev.aliseo.de\/wp-content\/uploads\/2024\/10\/ALI_Logo_schwarz.png\",\"contentUrl\":\"https:\/\/dev.aliseo.de\/wp-content\/uploads\/2024\/10\/ALI_Logo_schwarz.png\",\"width\":2551,\"height\":543,\"caption\":\"ALISEO\"},\"image\":{\"@id\":\"https:\/\/dev.aliseo.de\/fr\/#\/schema\/logo\/image\/\"},\"sameAs\":[\"https:\/\/www.facebook.com\/aliseogermany\",\"https:\/\/www.youtube.com\/user\/aliseogermany\",\"https:\/\/www.instagram.com\/aliseogermany\/\",\"https:\/\/de.linkedin.com\/company\/aliseogermany\"]}]}<\/script>\n<!-- \/ Yoast SEO plugin. -->","yoast_head_json":{"title":"MINI-MAX ONYX - ALISEO","robots":{"index":"noindex","follow":"follow","max-snippet":"max-snippet:-1","max-image-preview":"max-image-preview:large","max-video-preview":"max-video-preview:-1"},"og_locale":"fr_FR","og_type":"article","og_title":"MINI-MAX ONYX - ALISEO","og_description":"CONTENU DE LA LIVRAISON fer \u00e0 repasser \u00e0 vapeur ONYX table \u00e0 repasser MINI-MAX support de s\u00e9curit\u00e9 pour fer \u00e0 repasser Crochet de suspension Raccordement \u00e9lectrique avec c\u00e2ble d&rsquo;alimentation Housse TABLE \u00c0 REPASSER MINI-MAX Dimensions suspendues : 40 x 116 x 22 cm Surface de repassage 40 x 100 cm R\u00e9glable en hauteur jusqu&rsquo;\u00e0 78 [&hellip;]","og_url":"https:\/\/dev.aliseo.de\/fr\/produit\/mini-max-onyx-station-de-repassage\/","og_site_name":"ALISEO","article_publisher":"https:\/\/www.facebook.com\/aliseogermany","article_modified_time":"2025-04-15T12:55:32+00:00","og_image":[{"width":900,"height":900,"url":"https:\/\/dev.aliseo.de\/wp-content\/uploads\/2025\/03\/160242_Mini-Max_Onyx.png","type":"image\/png"}],"twitter_card":"summary_large_image","twitter_misc":{"Dur\u00e9e de lecture estim\u00e9e":"1 minute"},"schema":{"@context":"https:\/\/schema.org","@graph":[{"@type":"WebPage","@id":"https:\/\/dev.aliseo.de\/fr\/produit\/mini-max-onyx-station-de-repassage\/","url":"https:\/\/dev.aliseo.de\/fr\/produit\/mini-max-onyx-station-de-repassage\/","name":"MINI-MAX ONYX - ALISEO","isPartOf":{"@id":"https:\/\/dev.aliseo.de\/fr\/#website"},"primaryImageOfPage":{"@id":"https:\/\/dev.aliseo.de\/fr\/produit\/mini-max-onyx-station-de-repassage\/#primaryimage"},"image":{"@id":"https:\/\/dev.aliseo.de\/fr\/produit\/mini-max-onyx-station-de-repassage\/#primaryimage"},"thumbnailUrl":"https:\/\/dev.aliseo.de\/wp-content\/uploads\/2025\/03\/160242_Mini-Max_Onyx.png","datePublished":"2025-03-28T12:55:53+00:00","dateModified":"2025-04-15T12:55:32+00:00","breadcrumb":{"@id":"https:\/\/dev.aliseo.de\/fr\/produit\/mini-max-onyx-station-de-repassage\/#breadcrumb"},"inLanguage":"fr-FR","potentialAction":[{"@type":"ReadAction","target":["https:\/\/dev.aliseo.de\/fr\/produit\/mini-max-onyx-station-de-repassage\/"]}]},{"@type":"ImageObject","inLanguage":"fr-FR","@id":"https:\/\/dev.aliseo.de\/fr\/produit\/mini-max-onyx-station-de-repassage\/#primaryimage","url":"https:\/\/dev.aliseo.de\/wp-content\/uploads\/2025\/03\/160242_Mini-Max_Onyx.png","contentUrl":"https:\/\/dev.aliseo.de\/wp-content\/uploads\/2025\/03\/160242_Mini-Max_Onyx.png","width":900,"height":900},{"@type":"BreadcrumbList","@id":"https:\/\/dev.aliseo.de\/fr\/produit\/mini-max-onyx-station-de-repassage\/#breadcrumb","itemListElement":[{"@type":"ListItem","position":1,"name":"Startseite","item":"https:\/\/dev.aliseo.de\/fr\/"},{"@type":"ListItem","position":2,"name":"Shop","item":"https:\/\/dev.aliseo.de\/fr\/shop\/"},{"@type":"ListItem","position":3,"name":"MINI-MAX ONYX"}]},{"@type":"WebSite","@id":"https:\/\/dev.aliseo.de\/fr\/#website","url":"https:\/\/dev.aliseo.de\/fr\/","name":"ALISEO","description":"","publisher":{"@id":"https:\/\/dev.aliseo.de\/fr\/#organization"},"potentialAction":[{"@type":"SearchAction","target":{"@type":"EntryPoint","urlTemplate":"https:\/\/dev.aliseo.de\/fr\/?s={search_term_string}"},"query-input":{"@type":"PropertyValueSpecification","valueRequired":true,"valueName":"search_term_string"}}],"inLanguage":"fr-FR"},{"@type":"Organization","@id":"https:\/\/dev.aliseo.de\/fr\/#organization","name":"ALISEO","url":"https:\/\/dev.aliseo.de\/fr\/","logo":{"@type":"ImageObject","inLanguage":"fr-FR","@id":"https:\/\/dev.aliseo.de\/fr\/#\/schema\/logo\/image\/","url":"https:\/\/dev.aliseo.de\/wp-content\/uploads\/2024\/10\/ALI_Logo_schwarz.png","contentUrl":"https:\/\/dev.aliseo.de\/wp-content\/uploads\/2024\/10\/ALI_Logo_schwarz.png","width":2551,"height":543,"caption":"ALISEO"},"image":{"@id":"https:\/\/dev.aliseo.de\/fr\/#\/schema\/logo\/image\/"},"sameAs":["https:\/\/www.facebook.com\/aliseogermany","https:\/\/www.youtube.com\/user\/aliseogermany","https:\/\/www.instagram.com\/aliseogermany\/","https:\/\/de.linkedin.com\/company\/aliseogermany"]}]}},"_links":{"self":[{"href":"https:\/\/dev.aliseo.de\/fr\/wp-json\/wp\/v2\/product\/27759","targetHints":{"allow":["GET"]}}],"collection":[{"href":"https:\/\/dev.aliseo.de\/fr\/wp-json\/wp\/v2\/product"}],"about":[{"href":"https:\/\/dev.aliseo.de\/fr\/wp-json\/wp\/v2\/types\/product"}],"replies":[{"embeddable":true,"href":"https:\/\/dev.aliseo.de\/fr\/wp-json\/wp\/v2\/comments?post=27759"}],"wp:featuredmedia":[{"embeddable":true,"href":"https:\/\/dev.aliseo.de\/fr\/wp-json\/wp\/v2\/media\/25562"}],"wp:attachment":[{"href":"https:\/\/dev.aliseo.de\/fr\/wp-json\/wp\/v2\/media?parent=27759"}],"wp:term":[{"taxonomy":"produktgruppe","embeddable":true,"href":"https:\/\/dev.aliseo.de\/fr\/wp-json\/wp\/v2\/produktgruppe?post=27759"},{"taxonomy":"product_brand","embeddable":true,"href":"https:\/\/dev.aliseo.de\/fr\/wp-json\/wp\/v2\/product_brand?post=27759"},{"taxonomy":"product_cat","embeddable":true,"href":"https:\/\/dev.aliseo.de\/fr\/wp-json\/wp\/v2\/product_cat?post=27759"},{"taxonomy":"product_tag","embeddable":true,"href":"https:\/\/dev.aliseo.de\/fr\/wp-json\/wp\/v2\/product_tag?post=27759"}],"curies":[{"name":"wp","href":"https:\/\/api.w.org\/{rel}","templated":true}]}}