{"id":27936,"date":"2025-03-28T14:13:51","date_gmt":"2025-03-28T14:13:51","guid":{"rendered":"https:\/\/compassionate-engelbart.185-243-11-33.plesk.page\/?post_type=product&#038;p=27936"},"modified":"2026-03-24T08:05:00","modified_gmt":"2026-03-24T08:05:00","slug":"purity-savon-pour-les-mains","status":"publish","type":"product","link":"https:\/\/dev.aliseo.de\/fr\/produit\/purity-savon-pour-les-mains\/","title":{"rendered":"Purity"},"content":{"rendered":"<p data-start=\"180\" data-end=\"444\">R\u00e9duits \u00e0 l&rsquo;essentiel. Con\u00e7u pour les personnes et les lieux qui ont de l&rsquo;attitude. <\/p>\n<p class=\"\" data-start=\"180\" data-end=\"444\">Le savon solide pour les mains PURITY est le compl\u00e9ment id\u00e9al de moulin \u00e0 savon FLAKY &#8211; con\u00e7u de mani\u00e8re coh\u00e9rente, de la recette \u00e0 l&#8217;emballage.<br data-start=\"309\" data-end=\"312\">V\u00e9g\u00e9talien, sans huile de palme et fabriqu\u00e9 selon les normes de la cosm\u00e9tique naturelle, il allie un soin doux \u00e0 une forte conscience \u00e9cologique. Produite en For\u00eat Noire, avec des circuits courts et beaucoup de soin, elle ne n\u00e9cessite aucun emballage individuel. Au lieu de cela : des emballages multiples peu encombrants dans des cartons recycl\u00e9s. Bien entendu, elle est test\u00e9e dermatologiquement et particuli\u00e8rement douce pour la peau &#8211; elle convient donc \u00e9galement aux peaux sensibles. Le parfum : universel et agr\u00e9ablement discret &#8211; aussi clair que le produit lui-m\u00eame.    <\/p>\n<ul>\n<li>92g\/pi\u00e8ce<\/li>\n<li>PH neutre pour la peau (pH 5,5)<\/li>\n<li>Convient aux peaux sensibles<\/li>\n<li>Test\u00e9 sous contr\u00f4le dermatologique<\/li>\n<li>V\u00e9g\u00e9talien &amp; sans huile de palme<\/li>\n<li>Exempt de microplastiques<\/li>\n<li>Sans colorants artificiels<\/li>\n<li>Teint\u00e9 avec de l&rsquo;argile naturelle<\/li>\n<li>\u00c0 base d&rsquo;huile d&rsquo;olive et d&rsquo;huile de coco<\/li>\n<li>Huile de coco et aloe vera issus de l&rsquo;agriculture biologique<\/li>\n<li>Parfum universel d\u00e9licat<\/li>\n<li>Fabriqu\u00e9 en Allemagne<\/li>\n<li>12 pi\u00e8ces par unit\u00e9 d&#8217;emballage, pas pour la vente au d\u00e9tail<\/li>\n<li>Emballage recycl\u00e9 et sans plastique<\/li>\n<\/ul>\n<p style=\"font-weight: 400;\">Ingredients : Sodium Olivate, Sodium Cocoate, Sodium Stearate, Aqua, Parfum, Glycerin, Aloe Barbadensis Leaf Juice Powder, Sodium Chloride, Cocos Nucifera Oil, Kaolin, Sodium Citrate, Tetrasodium Glutamate Diacetate, Amyl Salicylate, Citronellol, Citrus Aurantium Peel Oil, Geraniol, Geranyl Acetate, Hexyl Cinnamal, Limonene, Linalool<\/p>\n","protected":false},"excerpt":{"rendered":"<p>R\u00e9duits \u00e0 l&rsquo;essentiel. Con\u00e7u pour les personnes et les lieux qui ont de l&rsquo;attitude. Le savon solide pour les mains PURITY est le compl\u00e9ment id\u00e9al de moulin \u00e0 savon FLAKY &#8211; con\u00e7u de mani\u00e8re coh\u00e9rente, de la recette \u00e0 l&#8217;emballage.V\u00e9g\u00e9talien, sans huile de palme et fabriqu\u00e9 selon les normes de la cosm\u00e9tique naturelle, il allie [&hellip;]<\/p>\n","protected":false},"featured_media":25727,"comment_status":"closed","ping_status":"closed","template":"","meta":{"_acf_changed":false},"produktgruppe":[2025],"product_brand":[],"product_cat":[2289,2283],"product_tag":[],"class_list":{"0":"post-27936","1":"product","2":"type-product","3":"status-publish","4":"has-post-thumbnail","6":"produktgruppe-flaky","7":"product_cat-complementary","8":"product_cat-series-daccessoires-de-salle-de-bain","10":"first","11":"instock","12":"featured","13":"shipping-taxable","14":"purchasable","15":"product-type-simple"},"acf":[],"yoast_head":"<!-- This site is optimized with the Yoast SEO plugin v27.2 - https:\/\/yoast.com\/product\/yoast-seo-wordpress\/ -->\n<title>Purity - ALISEO<\/title>\n<meta name=\"robots\" content=\"noindex, follow, max-snippet:-1, max-image-preview:large, max-video-preview:-1\" \/>\n<meta property=\"og:locale\" content=\"fr_FR\" \/>\n<meta property=\"og:type\" content=\"article\" \/>\n<meta property=\"og:title\" content=\"Purity - ALISEO\" \/>\n<meta property=\"og:description\" content=\"R\u00e9duits \u00e0 l&rsquo;essentiel. Con\u00e7u pour les personnes et les lieux qui ont de l&rsquo;attitude. Le savon solide pour les mains PURITY est le compl\u00e9ment id\u00e9al de moulin \u00e0 savon FLAKY &#8211; con\u00e7u de mani\u00e8re coh\u00e9rente, de la recette \u00e0 l&#8217;emballage.V\u00e9g\u00e9talien, sans huile de palme et fabriqu\u00e9 selon les normes de la cosm\u00e9tique naturelle, il allie [&hellip;]\" \/>\n<meta property=\"og:url\" content=\"https:\/\/dev.aliseo.de\/fr\/produit\/purity-savon-pour-les-mains\/\" \/>\n<meta property=\"og:site_name\" content=\"ALISEO\" \/>\n<meta property=\"article:publisher\" content=\"https:\/\/www.facebook.com\/aliseogermany\" \/>\n<meta property=\"article:modified_time\" content=\"2026-03-24T08:05:00+00:00\" \/>\n<meta property=\"og:image\" content=\"https:\/\/dev.aliseo.de\/wp-content\/uploads\/2025\/03\/030759_Purity_Handseife_1.png\" \/>\n\t<meta property=\"og:image:width\" content=\"900\" \/>\n\t<meta property=\"og:image:height\" content=\"900\" \/>\n\t<meta property=\"og:image:type\" content=\"image\/png\" \/>\n<meta name=\"twitter:card\" content=\"summary_large_image\" \/>\n<meta name=\"twitter:label1\" content=\"Dur\u00e9e de lecture estim\u00e9e\" \/>\n\t<meta name=\"twitter:data1\" content=\"1 minute\" \/>\n<script type=\"application\/ld+json\" class=\"yoast-schema-graph\">{\"@context\":\"https:\/\/schema.org\",\"@graph\":[{\"@type\":\"WebPage\",\"@id\":\"https:\/\/dev.aliseo.de\/fr\/produit\/purity-savon-pour-les-mains\/\",\"url\":\"https:\/\/dev.aliseo.de\/fr\/produit\/purity-savon-pour-les-mains\/\",\"name\":\"Purity - ALISEO\",\"isPartOf\":{\"@id\":\"https:\/\/dev.aliseo.de\/fr\/#website\"},\"primaryImageOfPage\":{\"@id\":\"https:\/\/dev.aliseo.de\/fr\/produit\/purity-savon-pour-les-mains\/#primaryimage\"},\"image\":{\"@id\":\"https:\/\/dev.aliseo.de\/fr\/produit\/purity-savon-pour-les-mains\/#primaryimage\"},\"thumbnailUrl\":\"https:\/\/dev.aliseo.de\/wp-content\/uploads\/2025\/03\/030759_Purity_Handseife_1.png\",\"datePublished\":\"2025-03-28T14:13:51+00:00\",\"dateModified\":\"2026-03-24T08:05:00+00:00\",\"breadcrumb\":{\"@id\":\"https:\/\/dev.aliseo.de\/fr\/produit\/purity-savon-pour-les-mains\/#breadcrumb\"},\"inLanguage\":\"fr-FR\",\"potentialAction\":[{\"@type\":\"ReadAction\",\"target\":[\"https:\/\/dev.aliseo.de\/fr\/produit\/purity-savon-pour-les-mains\/\"]}]},{\"@type\":\"ImageObject\",\"inLanguage\":\"fr-FR\",\"@id\":\"https:\/\/dev.aliseo.de\/fr\/produit\/purity-savon-pour-les-mains\/#primaryimage\",\"url\":\"https:\/\/dev.aliseo.de\/wp-content\/uploads\/2025\/03\/030759_Purity_Handseife_1.png\",\"contentUrl\":\"https:\/\/dev.aliseo.de\/wp-content\/uploads\/2025\/03\/030759_Purity_Handseife_1.png\",\"width\":900,\"height\":900},{\"@type\":\"BreadcrumbList\",\"@id\":\"https:\/\/dev.aliseo.de\/fr\/produit\/purity-savon-pour-les-mains\/#breadcrumb\",\"itemListElement\":[{\"@type\":\"ListItem\",\"position\":1,\"name\":\"Startseite\",\"item\":\"https:\/\/dev.aliseo.de\/fr\/\"},{\"@type\":\"ListItem\",\"position\":2,\"name\":\"Shop\",\"item\":\"https:\/\/dev.aliseo.de\/fr\/shop\/\"},{\"@type\":\"ListItem\",\"position\":3,\"name\":\"Purity\"}]},{\"@type\":\"WebSite\",\"@id\":\"https:\/\/dev.aliseo.de\/fr\/#website\",\"url\":\"https:\/\/dev.aliseo.de\/fr\/\",\"name\":\"ALISEO\",\"description\":\"\",\"publisher\":{\"@id\":\"https:\/\/dev.aliseo.de\/fr\/#organization\"},\"potentialAction\":[{\"@type\":\"SearchAction\",\"target\":{\"@type\":\"EntryPoint\",\"urlTemplate\":\"https:\/\/dev.aliseo.de\/fr\/?s={search_term_string}\"},\"query-input\":{\"@type\":\"PropertyValueSpecification\",\"valueRequired\":true,\"valueName\":\"search_term_string\"}}],\"inLanguage\":\"fr-FR\"},{\"@type\":\"Organization\",\"@id\":\"https:\/\/dev.aliseo.de\/fr\/#organization\",\"name\":\"ALISEO\",\"url\":\"https:\/\/dev.aliseo.de\/fr\/\",\"logo\":{\"@type\":\"ImageObject\",\"inLanguage\":\"fr-FR\",\"@id\":\"https:\/\/dev.aliseo.de\/fr\/#\/schema\/logo\/image\/\",\"url\":\"https:\/\/dev.aliseo.de\/wp-content\/uploads\/2024\/10\/ALI_Logo_schwarz.png\",\"contentUrl\":\"https:\/\/dev.aliseo.de\/wp-content\/uploads\/2024\/10\/ALI_Logo_schwarz.png\",\"width\":2551,\"height\":543,\"caption\":\"ALISEO\"},\"image\":{\"@id\":\"https:\/\/dev.aliseo.de\/fr\/#\/schema\/logo\/image\/\"},\"sameAs\":[\"https:\/\/www.facebook.com\/aliseogermany\",\"https:\/\/www.youtube.com\/user\/aliseogermany\",\"https:\/\/www.instagram.com\/aliseogermany\/\",\"https:\/\/de.linkedin.com\/company\/aliseogermany\"]}]}<\/script>\n<!-- \/ Yoast SEO plugin. -->","yoast_head_json":{"title":"Purity - ALISEO","robots":{"index":"noindex","follow":"follow","max-snippet":"max-snippet:-1","max-image-preview":"max-image-preview:large","max-video-preview":"max-video-preview:-1"},"og_locale":"fr_FR","og_type":"article","og_title":"Purity - ALISEO","og_description":"R\u00e9duits \u00e0 l&rsquo;essentiel. Con\u00e7u pour les personnes et les lieux qui ont de l&rsquo;attitude. Le savon solide pour les mains PURITY est le compl\u00e9ment id\u00e9al de moulin \u00e0 savon FLAKY &#8211; con\u00e7u de mani\u00e8re coh\u00e9rente, de la recette \u00e0 l&#8217;emballage.V\u00e9g\u00e9talien, sans huile de palme et fabriqu\u00e9 selon les normes de la cosm\u00e9tique naturelle, il allie [&hellip;]","og_url":"https:\/\/dev.aliseo.de\/fr\/produit\/purity-savon-pour-les-mains\/","og_site_name":"ALISEO","article_publisher":"https:\/\/www.facebook.com\/aliseogermany","article_modified_time":"2026-03-24T08:05:00+00:00","og_image":[{"width":900,"height":900,"url":"https:\/\/dev.aliseo.de\/wp-content\/uploads\/2025\/03\/030759_Purity_Handseife_1.png","type":"image\/png"}],"twitter_card":"summary_large_image","twitter_misc":{"Dur\u00e9e de lecture estim\u00e9e":"1 minute"},"schema":{"@context":"https:\/\/schema.org","@graph":[{"@type":"WebPage","@id":"https:\/\/dev.aliseo.de\/fr\/produit\/purity-savon-pour-les-mains\/","url":"https:\/\/dev.aliseo.de\/fr\/produit\/purity-savon-pour-les-mains\/","name":"Purity - ALISEO","isPartOf":{"@id":"https:\/\/dev.aliseo.de\/fr\/#website"},"primaryImageOfPage":{"@id":"https:\/\/dev.aliseo.de\/fr\/produit\/purity-savon-pour-les-mains\/#primaryimage"},"image":{"@id":"https:\/\/dev.aliseo.de\/fr\/produit\/purity-savon-pour-les-mains\/#primaryimage"},"thumbnailUrl":"https:\/\/dev.aliseo.de\/wp-content\/uploads\/2025\/03\/030759_Purity_Handseife_1.png","datePublished":"2025-03-28T14:13:51+00:00","dateModified":"2026-03-24T08:05:00+00:00","breadcrumb":{"@id":"https:\/\/dev.aliseo.de\/fr\/produit\/purity-savon-pour-les-mains\/#breadcrumb"},"inLanguage":"fr-FR","potentialAction":[{"@type":"ReadAction","target":["https:\/\/dev.aliseo.de\/fr\/produit\/purity-savon-pour-les-mains\/"]}]},{"@type":"ImageObject","inLanguage":"fr-FR","@id":"https:\/\/dev.aliseo.de\/fr\/produit\/purity-savon-pour-les-mains\/#primaryimage","url":"https:\/\/dev.aliseo.de\/wp-content\/uploads\/2025\/03\/030759_Purity_Handseife_1.png","contentUrl":"https:\/\/dev.aliseo.de\/wp-content\/uploads\/2025\/03\/030759_Purity_Handseife_1.png","width":900,"height":900},{"@type":"BreadcrumbList","@id":"https:\/\/dev.aliseo.de\/fr\/produit\/purity-savon-pour-les-mains\/#breadcrumb","itemListElement":[{"@type":"ListItem","position":1,"name":"Startseite","item":"https:\/\/dev.aliseo.de\/fr\/"},{"@type":"ListItem","position":2,"name":"Shop","item":"https:\/\/dev.aliseo.de\/fr\/shop\/"},{"@type":"ListItem","position":3,"name":"Purity"}]},{"@type":"WebSite","@id":"https:\/\/dev.aliseo.de\/fr\/#website","url":"https:\/\/dev.aliseo.de\/fr\/","name":"ALISEO","description":"","publisher":{"@id":"https:\/\/dev.aliseo.de\/fr\/#organization"},"potentialAction":[{"@type":"SearchAction","target":{"@type":"EntryPoint","urlTemplate":"https:\/\/dev.aliseo.de\/fr\/?s={search_term_string}"},"query-input":{"@type":"PropertyValueSpecification","valueRequired":true,"valueName":"search_term_string"}}],"inLanguage":"fr-FR"},{"@type":"Organization","@id":"https:\/\/dev.aliseo.de\/fr\/#organization","name":"ALISEO","url":"https:\/\/dev.aliseo.de\/fr\/","logo":{"@type":"ImageObject","inLanguage":"fr-FR","@id":"https:\/\/dev.aliseo.de\/fr\/#\/schema\/logo\/image\/","url":"https:\/\/dev.aliseo.de\/wp-content\/uploads\/2024\/10\/ALI_Logo_schwarz.png","contentUrl":"https:\/\/dev.aliseo.de\/wp-content\/uploads\/2024\/10\/ALI_Logo_schwarz.png","width":2551,"height":543,"caption":"ALISEO"},"image":{"@id":"https:\/\/dev.aliseo.de\/fr\/#\/schema\/logo\/image\/"},"sameAs":["https:\/\/www.facebook.com\/aliseogermany","https:\/\/www.youtube.com\/user\/aliseogermany","https:\/\/www.instagram.com\/aliseogermany\/","https:\/\/de.linkedin.com\/company\/aliseogermany"]}]}},"_links":{"self":[{"href":"https:\/\/dev.aliseo.de\/fr\/wp-json\/wp\/v2\/product\/27936","targetHints":{"allow":["GET"]}}],"collection":[{"href":"https:\/\/dev.aliseo.de\/fr\/wp-json\/wp\/v2\/product"}],"about":[{"href":"https:\/\/dev.aliseo.de\/fr\/wp-json\/wp\/v2\/types\/product"}],"replies":[{"embeddable":true,"href":"https:\/\/dev.aliseo.de\/fr\/wp-json\/wp\/v2\/comments?post=27936"}],"wp:featuredmedia":[{"embeddable":true,"href":"https:\/\/dev.aliseo.de\/fr\/wp-json\/wp\/v2\/media\/25727"}],"wp:attachment":[{"href":"https:\/\/dev.aliseo.de\/fr\/wp-json\/wp\/v2\/media?parent=27936"}],"wp:term":[{"taxonomy":"produktgruppe","embeddable":true,"href":"https:\/\/dev.aliseo.de\/fr\/wp-json\/wp\/v2\/produktgruppe?post=27936"},{"taxonomy":"product_brand","embeddable":true,"href":"https:\/\/dev.aliseo.de\/fr\/wp-json\/wp\/v2\/product_brand?post=27936"},{"taxonomy":"product_cat","embeddable":true,"href":"https:\/\/dev.aliseo.de\/fr\/wp-json\/wp\/v2\/product_cat?post=27936"},{"taxonomy":"product_tag","embeddable":true,"href":"https:\/\/dev.aliseo.de\/fr\/wp-json\/wp\/v2\/product_tag?post=27936"}],"curies":[{"name":"wp","href":"https:\/\/api.w.org\/{rel}","templated":true}]}}