{"id":29468,"date":"2025-03-28T14:01:33","date_gmt":"2025-03-28T14:01:33","guid":{"rendered":"https:\/\/dev.aliseo.de\/?post_type=product&#038;p=29468"},"modified":"2025-04-16T06:21:20","modified_gmt":"2025-04-16T06:21:20","slug":"flaky-moulin-a-savon-avec-plateau-a-ustensiles","status":"publish","type":"product","link":"https:\/\/dev.aliseo.de\/fr\/produit\/flaky-moulin-a-savon-avec-plateau-a-ustensiles\/","title":{"rendered":"Flaky"},"content":{"rendered":"<p>En tant que sp\u00e9cialiste de l&rsquo;\u00e9quipement h\u00f4telier, ALISEO 2025 pose un nouveau jalon avec FLAKY. Le premier moulin \u00e0 savon, sp\u00e9cialement con\u00e7u pour r\u00e9pondre aux besoins de l&rsquo;h\u00f4tellerie &#8211; \u00e0 la fois fonctionnel, styl\u00e9 et durable. Derri\u00e8re ce nom charmant se cache une v\u00e9ritable r\u00e9volution : des \u00e9conomies gigantesques de plastique, d&rsquo;\u00e9missions et de mati\u00e8res premi\u00e8res. Le savon et le shampooing de la For\u00eat Noire r\u00e9pondent aux normes de la cosm\u00e9tique naturelle et rendent le site salle de bain d&rsquo;h\u00f4tel plus vert que jamais.   <\/p>\n<ul>\n<li>Pour montage mural avec vis et chevilles<\/li>\n<li>Aucune option de collage disponible<\/li>\n<li>Comprend un plateau \u00e0 ustensiles, un support mural et une cl\u00e9 d&rsquo;ouverture<\/li>\n<li>Vis et chevilles incluses<\/li>\n<li>Avec indicateur de niveau et syst\u00e8me de changement rapide brevet\u00e9<\/li>\n<li>Convient pour une utilisation sur le lavabo et dans la douche<\/li>\n<li>\u00c9viter l&rsquo;eau par le bas<\/li>\n<li>Rechargeable avec PURITY Savon<\/li>\n<li>100% recyclable<\/li>\n<li>Veuillez tenir compte des possibilit\u00e9s locales d&rsquo;\u00e9limination des d\u00e9chets<\/li>\n<li>Mat\u00e9riau : polyamide (PA6) + aluminium<\/li>\n<\/ul>\n","protected":false},"excerpt":{"rendered":"<p>En tant que sp\u00e9cialiste de l&rsquo;\u00e9quipement h\u00f4telier, ALISEO 2025 pose un nouveau jalon avec FLAKY. Le premier moulin \u00e0 savon, sp\u00e9cialement con\u00e7u pour r\u00e9pondre aux besoins de l&rsquo;h\u00f4tellerie &#8211; \u00e0 la fois fonctionnel, styl\u00e9 et durable. Derri\u00e8re ce nom charmant se cache une v\u00e9ritable r\u00e9volution : des \u00e9conomies gigantesques de plastique, d&rsquo;\u00e9missions et de mati\u00e8res [&hellip;]<\/p>\n","protected":false},"featured_media":25712,"comment_status":"closed","ping_status":"closed","template":"","meta":{"_acf_changed":false},"produktgruppe":[2025],"product_brand":[],"product_cat":[2289,2301,2283],"product_tag":[],"class_list":{"0":"post-29468","1":"product","2":"type-product","3":"status-publish","4":"has-post-thumbnail","6":"produktgruppe-flaky","7":"product_cat-complementary","8":"product_cat-rangement-du-savon","9":"product_cat-series-daccessoires-de-salle-de-bain","11":"first","12":"instock","13":"featured","14":"shipping-taxable","15":"purchasable","16":"product-type-simple"},"acf":[],"yoast_head":"<!-- This site is optimized with the Yoast SEO plugin v27.2 - https:\/\/yoast.com\/product\/yoast-seo-wordpress\/ -->\n<title>Flaky - ALISEO<\/title>\n<meta name=\"robots\" content=\"noindex, follow, max-snippet:-1, max-image-preview:large, max-video-preview:-1\" \/>\n<meta property=\"og:locale\" content=\"fr_FR\" \/>\n<meta property=\"og:type\" content=\"article\" \/>\n<meta property=\"og:title\" content=\"Flaky - ALISEO\" \/>\n<meta property=\"og:description\" content=\"En tant que sp\u00e9cialiste de l&rsquo;\u00e9quipement h\u00f4telier, ALISEO 2025 pose un nouveau jalon avec FLAKY. Le premier moulin \u00e0 savon, sp\u00e9cialement con\u00e7u pour r\u00e9pondre aux besoins de l&rsquo;h\u00f4tellerie &#8211; \u00e0 la fois fonctionnel, styl\u00e9 et durable. Derri\u00e8re ce nom charmant se cache une v\u00e9ritable r\u00e9volution : des \u00e9conomies gigantesques de plastique, d&rsquo;\u00e9missions et de mati\u00e8res [&hellip;]\" \/>\n<meta property=\"og:url\" content=\"https:\/\/dev.aliseo.de\/fr\/produit\/flaky-moulin-a-savon-avec-plateau-a-ustensiles\/\" \/>\n<meta property=\"og:site_name\" content=\"ALISEO\" \/>\n<meta property=\"article:publisher\" content=\"https:\/\/www.facebook.com\/aliseogermany\" \/>\n<meta property=\"article:modified_time\" content=\"2025-04-16T06:21:20+00:00\" \/>\n<meta property=\"og:image\" content=\"https:\/\/dev.aliseo.de\/wp-content\/uploads\/2025\/03\/030756_Seifenmuehle_Flaky-mit-Utensilienablage.png\" \/>\n\t<meta property=\"og:image:width\" content=\"900\" \/>\n\t<meta property=\"og:image:height\" content=\"900\" \/>\n\t<meta property=\"og:image:type\" content=\"image\/png\" \/>\n<meta name=\"twitter:card\" content=\"summary_large_image\" \/>\n<meta name=\"twitter:label1\" content=\"Dur\u00e9e de lecture estim\u00e9e\" \/>\n\t<meta name=\"twitter:data1\" content=\"2 minutes\" \/>\n<script type=\"application\/ld+json\" class=\"yoast-schema-graph\">{\"@context\":\"https:\/\/schema.org\",\"@graph\":[{\"@type\":\"WebPage\",\"@id\":\"https:\/\/dev.aliseo.de\/fr\/produit\/flaky-moulin-a-savon-avec-plateau-a-ustensiles\/\",\"url\":\"https:\/\/dev.aliseo.de\/fr\/produit\/flaky-moulin-a-savon-avec-plateau-a-ustensiles\/\",\"name\":\"Flaky - ALISEO\",\"isPartOf\":{\"@id\":\"https:\/\/dev.aliseo.de\/fr\/#website\"},\"primaryImageOfPage\":{\"@id\":\"https:\/\/dev.aliseo.de\/fr\/produit\/flaky-moulin-a-savon-avec-plateau-a-ustensiles\/#primaryimage\"},\"image\":{\"@id\":\"https:\/\/dev.aliseo.de\/fr\/produit\/flaky-moulin-a-savon-avec-plateau-a-ustensiles\/#primaryimage\"},\"thumbnailUrl\":\"https:\/\/dev.aliseo.de\/wp-content\/uploads\/2025\/03\/030756_Seifenmuehle_Flaky-mit-Utensilienablage.png\",\"datePublished\":\"2025-03-28T14:01:33+00:00\",\"dateModified\":\"2025-04-16T06:21:20+00:00\",\"breadcrumb\":{\"@id\":\"https:\/\/dev.aliseo.de\/fr\/produit\/flaky-moulin-a-savon-avec-plateau-a-ustensiles\/#breadcrumb\"},\"inLanguage\":\"fr-FR\",\"potentialAction\":[{\"@type\":\"ReadAction\",\"target\":[\"https:\/\/dev.aliseo.de\/fr\/produit\/flaky-moulin-a-savon-avec-plateau-a-ustensiles\/\"]}]},{\"@type\":\"ImageObject\",\"inLanguage\":\"fr-FR\",\"@id\":\"https:\/\/dev.aliseo.de\/fr\/produit\/flaky-moulin-a-savon-avec-plateau-a-ustensiles\/#primaryimage\",\"url\":\"https:\/\/dev.aliseo.de\/wp-content\/uploads\/2025\/03\/030756_Seifenmuehle_Flaky-mit-Utensilienablage.png\",\"contentUrl\":\"https:\/\/dev.aliseo.de\/wp-content\/uploads\/2025\/03\/030756_Seifenmuehle_Flaky-mit-Utensilienablage.png\",\"width\":900,\"height\":900},{\"@type\":\"BreadcrumbList\",\"@id\":\"https:\/\/dev.aliseo.de\/fr\/produit\/flaky-moulin-a-savon-avec-plateau-a-ustensiles\/#breadcrumb\",\"itemListElement\":[{\"@type\":\"ListItem\",\"position\":1,\"name\":\"Startseite\",\"item\":\"https:\/\/dev.aliseo.de\/fr\/\"},{\"@type\":\"ListItem\",\"position\":2,\"name\":\"Shop\",\"item\":\"https:\/\/dev.aliseo.de\/fr\/shop\/\"},{\"@type\":\"ListItem\",\"position\":3,\"name\":\"Flaky\"}]},{\"@type\":\"WebSite\",\"@id\":\"https:\/\/dev.aliseo.de\/fr\/#website\",\"url\":\"https:\/\/dev.aliseo.de\/fr\/\",\"name\":\"ALISEO\",\"description\":\"\",\"publisher\":{\"@id\":\"https:\/\/dev.aliseo.de\/fr\/#organization\"},\"potentialAction\":[{\"@type\":\"SearchAction\",\"target\":{\"@type\":\"EntryPoint\",\"urlTemplate\":\"https:\/\/dev.aliseo.de\/fr\/?s={search_term_string}\"},\"query-input\":{\"@type\":\"PropertyValueSpecification\",\"valueRequired\":true,\"valueName\":\"search_term_string\"}}],\"inLanguage\":\"fr-FR\"},{\"@type\":\"Organization\",\"@id\":\"https:\/\/dev.aliseo.de\/fr\/#organization\",\"name\":\"ALISEO\",\"url\":\"https:\/\/dev.aliseo.de\/fr\/\",\"logo\":{\"@type\":\"ImageObject\",\"inLanguage\":\"fr-FR\",\"@id\":\"https:\/\/dev.aliseo.de\/fr\/#\/schema\/logo\/image\/\",\"url\":\"https:\/\/dev.aliseo.de\/wp-content\/uploads\/2024\/10\/ALI_Logo_schwarz.png\",\"contentUrl\":\"https:\/\/dev.aliseo.de\/wp-content\/uploads\/2024\/10\/ALI_Logo_schwarz.png\",\"width\":2551,\"height\":543,\"caption\":\"ALISEO\"},\"image\":{\"@id\":\"https:\/\/dev.aliseo.de\/fr\/#\/schema\/logo\/image\/\"},\"sameAs\":[\"https:\/\/www.facebook.com\/aliseogermany\",\"https:\/\/www.youtube.com\/user\/aliseogermany\",\"https:\/\/www.instagram.com\/aliseogermany\/\",\"https:\/\/de.linkedin.com\/company\/aliseogermany\"]}]}<\/script>\n<!-- \/ Yoast SEO plugin. -->","yoast_head_json":{"title":"Flaky - ALISEO","robots":{"index":"noindex","follow":"follow","max-snippet":"max-snippet:-1","max-image-preview":"max-image-preview:large","max-video-preview":"max-video-preview:-1"},"og_locale":"fr_FR","og_type":"article","og_title":"Flaky - ALISEO","og_description":"En tant que sp\u00e9cialiste de l&rsquo;\u00e9quipement h\u00f4telier, ALISEO 2025 pose un nouveau jalon avec FLAKY. Le premier moulin \u00e0 savon, sp\u00e9cialement con\u00e7u pour r\u00e9pondre aux besoins de l&rsquo;h\u00f4tellerie &#8211; \u00e0 la fois fonctionnel, styl\u00e9 et durable. Derri\u00e8re ce nom charmant se cache une v\u00e9ritable r\u00e9volution : des \u00e9conomies gigantesques de plastique, d&rsquo;\u00e9missions et de mati\u00e8res [&hellip;]","og_url":"https:\/\/dev.aliseo.de\/fr\/produit\/flaky-moulin-a-savon-avec-plateau-a-ustensiles\/","og_site_name":"ALISEO","article_publisher":"https:\/\/www.facebook.com\/aliseogermany","article_modified_time":"2025-04-16T06:21:20+00:00","og_image":[{"width":900,"height":900,"url":"https:\/\/dev.aliseo.de\/wp-content\/uploads\/2025\/03\/030756_Seifenmuehle_Flaky-mit-Utensilienablage.png","type":"image\/png"}],"twitter_card":"summary_large_image","twitter_misc":{"Dur\u00e9e de lecture estim\u00e9e":"2 minutes"},"schema":{"@context":"https:\/\/schema.org","@graph":[{"@type":"WebPage","@id":"https:\/\/dev.aliseo.de\/fr\/produit\/flaky-moulin-a-savon-avec-plateau-a-ustensiles\/","url":"https:\/\/dev.aliseo.de\/fr\/produit\/flaky-moulin-a-savon-avec-plateau-a-ustensiles\/","name":"Flaky - ALISEO","isPartOf":{"@id":"https:\/\/dev.aliseo.de\/fr\/#website"},"primaryImageOfPage":{"@id":"https:\/\/dev.aliseo.de\/fr\/produit\/flaky-moulin-a-savon-avec-plateau-a-ustensiles\/#primaryimage"},"image":{"@id":"https:\/\/dev.aliseo.de\/fr\/produit\/flaky-moulin-a-savon-avec-plateau-a-ustensiles\/#primaryimage"},"thumbnailUrl":"https:\/\/dev.aliseo.de\/wp-content\/uploads\/2025\/03\/030756_Seifenmuehle_Flaky-mit-Utensilienablage.png","datePublished":"2025-03-28T14:01:33+00:00","dateModified":"2025-04-16T06:21:20+00:00","breadcrumb":{"@id":"https:\/\/dev.aliseo.de\/fr\/produit\/flaky-moulin-a-savon-avec-plateau-a-ustensiles\/#breadcrumb"},"inLanguage":"fr-FR","potentialAction":[{"@type":"ReadAction","target":["https:\/\/dev.aliseo.de\/fr\/produit\/flaky-moulin-a-savon-avec-plateau-a-ustensiles\/"]}]},{"@type":"ImageObject","inLanguage":"fr-FR","@id":"https:\/\/dev.aliseo.de\/fr\/produit\/flaky-moulin-a-savon-avec-plateau-a-ustensiles\/#primaryimage","url":"https:\/\/dev.aliseo.de\/wp-content\/uploads\/2025\/03\/030756_Seifenmuehle_Flaky-mit-Utensilienablage.png","contentUrl":"https:\/\/dev.aliseo.de\/wp-content\/uploads\/2025\/03\/030756_Seifenmuehle_Flaky-mit-Utensilienablage.png","width":900,"height":900},{"@type":"BreadcrumbList","@id":"https:\/\/dev.aliseo.de\/fr\/produit\/flaky-moulin-a-savon-avec-plateau-a-ustensiles\/#breadcrumb","itemListElement":[{"@type":"ListItem","position":1,"name":"Startseite","item":"https:\/\/dev.aliseo.de\/fr\/"},{"@type":"ListItem","position":2,"name":"Shop","item":"https:\/\/dev.aliseo.de\/fr\/shop\/"},{"@type":"ListItem","position":3,"name":"Flaky"}]},{"@type":"WebSite","@id":"https:\/\/dev.aliseo.de\/fr\/#website","url":"https:\/\/dev.aliseo.de\/fr\/","name":"ALISEO","description":"","publisher":{"@id":"https:\/\/dev.aliseo.de\/fr\/#organization"},"potentialAction":[{"@type":"SearchAction","target":{"@type":"EntryPoint","urlTemplate":"https:\/\/dev.aliseo.de\/fr\/?s={search_term_string}"},"query-input":{"@type":"PropertyValueSpecification","valueRequired":true,"valueName":"search_term_string"}}],"inLanguage":"fr-FR"},{"@type":"Organization","@id":"https:\/\/dev.aliseo.de\/fr\/#organization","name":"ALISEO","url":"https:\/\/dev.aliseo.de\/fr\/","logo":{"@type":"ImageObject","inLanguage":"fr-FR","@id":"https:\/\/dev.aliseo.de\/fr\/#\/schema\/logo\/image\/","url":"https:\/\/dev.aliseo.de\/wp-content\/uploads\/2024\/10\/ALI_Logo_schwarz.png","contentUrl":"https:\/\/dev.aliseo.de\/wp-content\/uploads\/2024\/10\/ALI_Logo_schwarz.png","width":2551,"height":543,"caption":"ALISEO"},"image":{"@id":"https:\/\/dev.aliseo.de\/fr\/#\/schema\/logo\/image\/"},"sameAs":["https:\/\/www.facebook.com\/aliseogermany","https:\/\/www.youtube.com\/user\/aliseogermany","https:\/\/www.instagram.com\/aliseogermany\/","https:\/\/de.linkedin.com\/company\/aliseogermany"]}]}},"_links":{"self":[{"href":"https:\/\/dev.aliseo.de\/fr\/wp-json\/wp\/v2\/product\/29468","targetHints":{"allow":["GET"]}}],"collection":[{"href":"https:\/\/dev.aliseo.de\/fr\/wp-json\/wp\/v2\/product"}],"about":[{"href":"https:\/\/dev.aliseo.de\/fr\/wp-json\/wp\/v2\/types\/product"}],"replies":[{"embeddable":true,"href":"https:\/\/dev.aliseo.de\/fr\/wp-json\/wp\/v2\/comments?post=29468"}],"wp:featuredmedia":[{"embeddable":true,"href":"https:\/\/dev.aliseo.de\/fr\/wp-json\/wp\/v2\/media\/25712"}],"wp:attachment":[{"href":"https:\/\/dev.aliseo.de\/fr\/wp-json\/wp\/v2\/media?parent=29468"}],"wp:term":[{"taxonomy":"produktgruppe","embeddable":true,"href":"https:\/\/dev.aliseo.de\/fr\/wp-json\/wp\/v2\/produktgruppe?post=29468"},{"taxonomy":"product_brand","embeddable":true,"href":"https:\/\/dev.aliseo.de\/fr\/wp-json\/wp\/v2\/product_brand?post=29468"},{"taxonomy":"product_cat","embeddable":true,"href":"https:\/\/dev.aliseo.de\/fr\/wp-json\/wp\/v2\/product_cat?post=29468"},{"taxonomy":"product_tag","embeddable":true,"href":"https:\/\/dev.aliseo.de\/fr\/wp-json\/wp\/v2\/product_tag?post=29468"}],"curies":[{"name":"wp","href":"https:\/\/api.w.org\/{rel}","templated":true}]}}